{"id":8,"date":"2020-06-05T08:46:33","date_gmt":"2020-06-05T14:46:33","guid":{"rendered":"https:\/\/misionintegralvida.org\/es\/?page_id=8"},"modified":"2024-08-10T16:55:00","modified_gmt":"2024-08-10T22:55:00","slug":"acerca-de","status":"publish","type":"page","link":"https:\/\/misionintegralvida.org\/es\/acerca-de\/","title":{"rendered":"Acerca de"},"content":{"rendered":"\t\t<div data-elementor-type=\"wp-page\" data-elementor-id=\"8\" class=\"elementor elementor-8\">\n\t\t\t\t\t\t<section class=\"elementor-section elementor-top-section elementor-element elementor-element-73129045 elementor-section-full_width elementor-section-content-middle elementor-section-height-default elementor-section-height-default edgtf-elementor-container-no edgtf-section edgtf-parallax-section-holder-touch-disabled edgtf-parallax-section-no\" data-id=\"73129045\" data-element_type=\"section\">\n\t\t\t\t\t\t<div class=\"elementor-container elementor-column-gap-no\">\n\t\t\t\t\t<div class=\"elementor-column elementor-col-100 elementor-top-column elementor-element elementor-element-6df4ccef\" data-id=\"6df4ccef\" data-element_type=\"column\">\n\t\t\t<div class=\"elementor-widget-wrap elementor-element-populated\">\n\t\t\t\t\t\t<div class=\"elementor-element elementor-element-9df669b elementor-widget elementor-widget-edgtf_title_with_number\" data-id=\"9df669b\" data-element_type=\"widget\" data-widget_type=\"edgtf_title_with_number.default\">\n\t\t\t\t<div class=\"elementor-widget-container\">\n\t\t\t\t\t<h3 class=\"edgtf-title-with-number\" >\n\t<span class=\"edgtf-twn-number\">01<\/span>Historia Asociaci\u00f3n Vida<\/h3>\t\t\t\t<\/div>\n\t\t\t\t<\/div>\n\t\t\t\t<div class=\"elementor-element elementor-element-492d92ca elementor-widget elementor-widget-text-editor\" data-id=\"492d92ca\" data-element_type=\"widget\" data-widget_type=\"text-editor.default\">\n\t\t\t\t<div class=\"elementor-widget-container\">\n\t\t\t\t\t\t\t\t\t<p>Nace en el seno del Grupo Evang\u00e9lico Universitario (GEU), all\u00ed aprendimos que dar un pan al hambriento desde el punto de vista b\u00edblico no significa darle un pan literal, sino poner tu profesi\u00f3n a su servicio y atacar las causas de su pobreza, y esa fue y es el prop\u00f3sito que le da vida a la Asociaci\u00f3n vida, Axel y Lourdes (1996-1997), se graduaron de m\u00e9dico y odont\u00f3loga formaron su familia y decidieron servir desde Patzun, Chimaltenango, iniciaron sus cl\u00ednicas, Axel tambi\u00e9n serv\u00eda en Ri Chumial una organizaci\u00f3n Cristiana de desarrollo.<\/p>\t\t\t\t\t\t\t\t<\/div>\n\t\t\t\t<\/div>\n\t\t\t\t<div class=\"elementor-element elementor-element-2872ce1c elementor-widget elementor-widget-text-editor\" data-id=\"2872ce1c\" data-element_type=\"widget\" data-widget_type=\"text-editor.default\">\n\t\t\t\t<div class=\"elementor-widget-container\">\n\t\t\t\t\t\t\t\t\t<p>En 1996 nos visit\u00f3 el Dr. Apolos Landa, Coordinador Regional de la Sociedad San Lucas, el supo de nosotros por Angelit Guzm\u00e1n Ch\u00e1vez, ella nos hab\u00eda conocido unos a\u00f1os antes cuando dio algunos talleres de capacitaci\u00f3n en misi\u00f3n integral desde la carta del ap\u00f3stol Pablo a los Efesios en el GEU, iniciamos la Asociaci\u00f3n Vida en casa, luego se alquil\u00f3 algo m\u00e1s grande y ahora gracia a Dios tiene una sede propia desde donde operamos. L\u00edderes de GEU como el Lic. Fredy Danilo Jim\u00e9nez quien hab\u00eda sido presidente de la junta directiva del movimiento estudiantil tambi\u00e9n recibi\u00f3 el llamado y ha estado sirviendo desde entonces en la junta y la asamblea general de la Asociaci\u00f3n, este ha sido unos estamento bien liderado por \u00e9l.<\/p>\t\t\t\t\t\t\t\t<\/div>\n\t\t\t\t<\/div>\n\t\t\t\t<div class=\"elementor-element elementor-element-42cf91a1 elementor-widget elementor-widget-text-editor\" data-id=\"42cf91a1\" data-element_type=\"widget\" data-widget_type=\"text-editor.default\">\n\t\t\t\t<div class=\"elementor-widget-container\">\n\t\t\t\t\t\t\t\t\t<p>Durante estos a\u00f1os, solo una cosa a sido importante y es que <strong>todos los estamentos del ministerio, honren su llamado, y busquen ser fieles al Se\u00f1or<\/strong>, Dios por su parte, se ha encargado de capacitarnos, proveernos y renovar nuestro llamado, cuando han venido las crisis, pedimos en oraci\u00f3n cada d\u00eda que sea su gloria lo que nos mueva para seguir sanando al enfermo, capacitando a los pastores e iglesias, liderar a los l\u00edderes de desarrollo comunitario para que todos juntos, busquemos ser la sal y la luz que Jes\u00fas dijo en Mateo 5:13<\/p>\t\t\t\t\t\t\t\t<\/div>\n\t\t\t\t<\/div>\n\t\t\t\t<div class=\"elementor-element elementor-element-6159198 elementor-widget elementor-widget-image\" data-id=\"6159198\" data-element_type=\"widget\" data-widget_type=\"image.default\">\n\t\t\t\t<div class=\"elementor-widget-container\">\n\t\t\t\t\t\t\t\t\t\t\t\t\t\t\t<img fetchpriority=\"high\" decoding=\"async\" width=\"1024\" height=\"670\" src=\"https:\/\/misionintegralvida.org\/es\/wp-content\/uploads\/2024\/08\/quienes_somos_01-1024x670.jpg\" class=\"attachment-large size-large wp-image-22452\" alt=\"Asociaci\u00f3n Vida Patz\u00fan, Chimaltenango\" srcset=\"https:\/\/misionintegralvida.org\/es\/wp-content\/uploads\/2024\/08\/quienes_somos_01-1024x670.jpg 1024w, https:\/\/misionintegralvida.org\/es\/wp-content\/uploads\/2024\/08\/quienes_somos_01-300x196.jpg 300w, https:\/\/misionintegralvida.org\/es\/wp-content\/uploads\/2024\/08\/quienes_somos_01-768x502.jpg 768w, https:\/\/misionintegralvida.org\/es\/wp-content\/uploads\/2024\/08\/quienes_somos_01.jpg 1300w\" sizes=\"(max-width: 1024px) 100vw, 1024px\" \/>\t\t\t\t\t\t\t\t\t\t\t\t\t\t\t<\/div>\n\t\t\t\t<\/div>\n\t\t\t\t\t<\/div>\n\t\t<\/div>\n\t\t\t\t\t<\/div>\n\t\t<\/section>\n\t\t\t\t<section class=\"elementor-section elementor-top-section elementor-element elementor-element-7b3cefe4 edgtf-elementor-container-inner elementor-section-boxed elementor-section-height-default elementor-section-height-default edgtf-section edgtf-parallax-section-holder-touch-disabled edgtf-parallax-section-no\" data-id=\"7b3cefe4\" data-element_type=\"section\" data-settings=\"{&quot;background_background&quot;:&quot;classic&quot;}\">\n\t\t\t\t\t\t<div class=\"elementor-container elementor-column-gap-default\">\n\t\t\t\t\t<div class=\"elementor-column elementor-col-33 elementor-top-column elementor-element elementor-element-3b104e68\" data-id=\"3b104e68\" data-element_type=\"column\">\n\t\t\t<div class=\"elementor-widget-wrap elementor-element-populated\">\n\t\t\t\t\t\t<div class=\"elementor-element elementor-element-533ec4d9 elementor-widget elementor-widget-edgtf_title_with_number\" data-id=\"533ec4d9\" data-element_type=\"widget\" data-widget_type=\"edgtf_title_with_number.default\">\n\t\t\t\t<div class=\"elementor-widget-container\">\n\t\t\t\t\t<h3 class=\"edgtf-title-with-number\" >\n\t<span class=\"edgtf-twn-number\">02<\/span>Misi\u00f3n<\/h3>\t\t\t\t<\/div>\n\t\t\t\t<\/div>\n\t\t\t\t<div class=\"elementor-element elementor-element-209308ca elementor-widget elementor-widget-text-editor\" data-id=\"209308ca\" data-element_type=\"widget\" data-widget_type=\"text-editor.default\">\n\t\t\t\t<div class=\"elementor-widget-container\">\n\t\t\t\t\t\t\t\t\t<p>Mostrar el reino de Dios mediante nuestros servicios, creando cosas extraordinarias juntos.<\/p><p><strong>Juan 10:10 Isa\u00edas. 58<\/strong><\/p>\t\t\t\t\t\t\t\t<\/div>\n\t\t\t\t<\/div>\n\t\t\t\t\t<\/div>\n\t\t<\/div>\n\t\t\t\t<div class=\"elementor-column elementor-col-33 elementor-top-column elementor-element elementor-element-3687bdf7\" data-id=\"3687bdf7\" data-element_type=\"column\">\n\t\t\t<div class=\"elementor-widget-wrap elementor-element-populated\">\n\t\t\t\t\t\t<div class=\"elementor-element elementor-element-47d235d4 elementor-widget elementor-widget-edgtf_title_with_number\" data-id=\"47d235d4\" data-element_type=\"widget\" data-widget_type=\"edgtf_title_with_number.default\">\n\t\t\t\t<div class=\"elementor-widget-container\">\n\t\t\t\t\t<h3 class=\"edgtf-title-with-number\" >\n\t<span class=\"edgtf-twn-number\">03<\/span>Visi\u00f3n<\/h3>\t\t\t\t<\/div>\n\t\t\t\t<\/div>\n\t\t\t\t<div class=\"elementor-element elementor-element-341ee1e3 elementor-widget elementor-widget-text-editor\" data-id=\"341ee1e3\" data-element_type=\"widget\" data-widget_type=\"text-editor.default\">\n\t\t\t\t<div class=\"elementor-widget-container\">\n\t\t\t\t\t\t\t\t\t<p>Ser una organizaci\u00f3n integra, innovadora, l\u00edder en el campo y apasionado en servir a Dios y a la sociedad.<\/p>\t\t\t\t\t\t\t\t<\/div>\n\t\t\t\t<\/div>\n\t\t\t\t\t<\/div>\n\t\t<\/div>\n\t\t\t\t<div class=\"elementor-column elementor-col-33 elementor-top-column elementor-element elementor-element-129d1936\" data-id=\"129d1936\" data-element_type=\"column\">\n\t\t\t<div class=\"elementor-widget-wrap elementor-element-populated\">\n\t\t\t\t\t\t<div class=\"elementor-element elementor-element-4032d6f5 elementor-widget elementor-widget-edgtf_title_with_number\" data-id=\"4032d6f5\" data-element_type=\"widget\" data-widget_type=\"edgtf_title_with_number.default\">\n\t\t\t\t<div class=\"elementor-widget-container\">\n\t\t\t\t\t<h3 class=\"edgtf-title-with-number\" >\n\t<span class=\"edgtf-twn-number\">04<\/span>Fundaci\u00f3n<\/h3>\t\t\t\t<\/div>\n\t\t\t\t<\/div>\n\t\t\t\t<div class=\"elementor-element elementor-element-72baef3b elementor-widget elementor-widget-text-editor\" data-id=\"72baef3b\" data-element_type=\"widget\" data-widget_type=\"text-editor.default\">\n\t\t\t\t<div class=\"elementor-widget-container\">\n\t\t\t\t\t\t\t\t\t<p><strong>A\u00f1o fundaci\u00f3n:<\/strong> 1996<\/p><p><strong>Fundadores:\u00a0<\/strong><strong>JESUCRISTO<\/strong><\/p><ul><li><strong>Familia:<\/strong> Suquen Rosales<\/li><li><strong>Familia:<\/strong> Jimenes Guerra<\/li><li><strong>Familia:<\/strong> Esther y David Claus<\/li><li><strong>Familia:<\/strong> Al y Sue Field<\/li><\/ul>\t\t\t\t\t\t\t\t<\/div>\n\t\t\t\t<\/div>\n\t\t\t\t\t<\/div>\n\t\t<\/div>\n\t\t\t\t\t<\/div>\n\t\t<\/section>\n\t\t\t\t<\/div>\n\t\t","protected":false},"excerpt":{"rendered":"<p>01Historia Asociaci\u00f3n Vida Nace en el seno del Grupo Evang\u00e9lico Universitario (GEU), all\u00ed aprendimos que dar un pan al hambriento desde el punto de vista b\u00edblico no significa darle un pan literal, sino poner tu profesi\u00f3n a su servicio y atacar las causas de su pobreza, y esa fue y es el prop\u00f3sito que le&#8230;<\/p>\n","protected":false},"author":1,"featured_media":0,"parent":0,"menu_order":0,"comment_status":"closed","ping_status":"closed","template":"","meta":{"footnotes":""},"class_list":["post-8","page","type-page","status-publish","hentry"],"yoast_head":"<!-- This site is optimized with the Yoast SEO plugin v24.6 - https:\/\/yoast.com\/wordpress\/plugins\/seo\/ -->\r\n<title>Acerca de - Asociaci\u00f3n Vida Patz\u00fan<\/title>\r\n<meta name=\"description\" content=\"Somos una organizaci\u00f3n cristiana empoderando al liderazgo comunitario y eclesial con una visi\u00f3n de desarrollo integral.\" \/>\r\n<meta name=\"robots\" content=\"index, follow, max-snippet:-1, max-image-preview:large, max-video-preview:-1\" \/>\r\n<link rel=\"canonical\" href=\"https:\/\/misionintegralvida.org\/es\/acerca-de\/\" \/>\r\n<meta property=\"og:locale\" content=\"es_ES\" \/>\r\n<meta property=\"og:type\" content=\"article\" \/>\r\n<meta property=\"og:title\" content=\"Acerca de - Asociaci\u00f3n Vida Patz\u00fan\" \/>\r\n<meta property=\"og:description\" content=\"Somos una organizaci\u00f3n cristiana empoderando al liderazgo comunitario y eclesial con una visi\u00f3n de desarrollo integral.\" \/>\r\n<meta property=\"og:url\" content=\"https:\/\/misionintegralvida.org\/es\/acerca-de\/\" \/>\r\n<meta property=\"og:site_name\" content=\"Asociaci\u00f3n Vida Patz\u00fan\" \/>\r\n<meta property=\"article:modified_time\" content=\"2024-08-10T22:55:00+00:00\" \/>\r\n<meta property=\"og:image\" content=\"https:\/\/misionintegralvida.org\/es\/wp-content\/uploads\/2024\/08\/quienes_somos_01-1024x670.jpg\" \/>\r\n<meta name=\"twitter:card\" content=\"summary_large_image\" \/>\r\n<meta name=\"twitter:label1\" content=\"Tiempo de lectura\" \/>\n\t<meta name=\"twitter:data1\" content=\"2 minutos\" \/>\r\n<script type=\"application\/ld+json\" class=\"yoast-schema-graph\">{\"@context\":\"https:\/\/schema.org\",\"@graph\":[{\"@type\":\"WebPage\",\"@id\":\"https:\/\/misionintegralvida.org\/es\/acerca-de\/\",\"url\":\"https:\/\/misionintegralvida.org\/es\/acerca-de\/\",\"name\":\"Acerca de - Asociaci\u00f3n Vida Patz\u00fan\",\"isPartOf\":{\"@id\":\"https:\/\/misionintegralvida.org\/es\/#website\"},\"primaryImageOfPage\":{\"@id\":\"https:\/\/misionintegralvida.org\/es\/acerca-de\/#primaryimage\"},\"image\":{\"@id\":\"https:\/\/misionintegralvida.org\/es\/acerca-de\/#primaryimage\"},\"thumbnailUrl\":\"https:\/\/misionintegralvida.org\/es\/wp-content\/uploads\/2024\/08\/quienes_somos_01-1024x670.jpg\",\"datePublished\":\"2020-06-05T14:46:33+00:00\",\"dateModified\":\"2024-08-10T22:55:00+00:00\",\"description\":\"Somos una organizaci\u00f3n cristiana empoderando al liderazgo comunitario y eclesial con una visi\u00f3n de desarrollo integral.\",\"breadcrumb\":{\"@id\":\"https:\/\/misionintegralvida.org\/es\/acerca-de\/#breadcrumb\"},\"inLanguage\":\"es\",\"potentialAction\":[{\"@type\":\"ReadAction\",\"target\":[\"https:\/\/misionintegralvida.org\/es\/acerca-de\/\"]}]},{\"@type\":\"ImageObject\",\"inLanguage\":\"es\",\"@id\":\"https:\/\/misionintegralvida.org\/es\/acerca-de\/#primaryimage\",\"url\":\"https:\/\/misionintegralvida.org\/es\/wp-content\/uploads\/2024\/08\/quienes_somos_01.jpg\",\"contentUrl\":\"https:\/\/misionintegralvida.org\/es\/wp-content\/uploads\/2024\/08\/quienes_somos_01.jpg\",\"width\":1300,\"height\":850,\"caption\":\"Asociaci\u00f3n Vida Patz\u00fan, Chimaltenango\"},{\"@type\":\"BreadcrumbList\",\"@id\":\"https:\/\/misionintegralvida.org\/es\/acerca-de\/#breadcrumb\",\"itemListElement\":[{\"@type\":\"ListItem\",\"position\":1,\"name\":\"Portada\",\"item\":\"https:\/\/misionintegralvida.org\/es\/\"},{\"@type\":\"ListItem\",\"position\":2,\"name\":\"Acerca de\"}]},{\"@type\":\"WebSite\",\"@id\":\"https:\/\/misionintegralvida.org\/es\/#website\",\"url\":\"https:\/\/misionintegralvida.org\/es\/\",\"name\":\"Asociaci\u00f3n Vida Patz\u00fan\",\"description\":\"Creando Soluciones Transformado Vidas en el nombre de Jes\u00fas\",\"publisher\":{\"@id\":\"https:\/\/misionintegralvida.org\/es\/#organization\"},\"potentialAction\":[{\"@type\":\"SearchAction\",\"target\":{\"@type\":\"EntryPoint\",\"urlTemplate\":\"https:\/\/misionintegralvida.org\/es\/?s={search_term_string}\"},\"query-input\":{\"@type\":\"PropertyValueSpecification\",\"valueRequired\":true,\"valueName\":\"search_term_string\"}}],\"inLanguage\":\"es\"},{\"@type\":\"Organization\",\"@id\":\"https:\/\/misionintegralvida.org\/es\/#organization\",\"name\":\"Asociaci\u00f3n Vida Patz\u00fan\",\"url\":\"https:\/\/misionintegralvida.org\/es\/\",\"logo\":{\"@type\":\"ImageObject\",\"inLanguage\":\"es\",\"@id\":\"https:\/\/misionintegralvida.org\/es\/#\/schema\/logo\/image\/\",\"url\":\"https:\/\/misionintegralvida.org\/es\/wp-content\/uploads\/2021\/07\/logo_asoc-01.png\",\"contentUrl\":\"https:\/\/misionintegralvida.org\/es\/wp-content\/uploads\/2021\/07\/logo_asoc-01.png\",\"width\":275,\"height\":50,\"caption\":\"Asociaci\u00f3n Vida Patz\u00fan\"},\"image\":{\"@id\":\"https:\/\/misionintegralvida.org\/es\/#\/schema\/logo\/image\/\"}}]}<\/script>\r\n<!-- \/ Yoast SEO plugin. -->","yoast_head_json":{"title":"Acerca de - Asociaci\u00f3n Vida Patz\u00fan","description":"Somos una organizaci\u00f3n cristiana empoderando al liderazgo comunitario y eclesial con una visi\u00f3n de desarrollo integral.","robots":{"index":"index","follow":"follow","max-snippet":"max-snippet:-1","max-image-preview":"max-image-preview:large","max-video-preview":"max-video-preview:-1"},"canonical":"https:\/\/misionintegralvida.org\/es\/acerca-de\/","og_locale":"es_ES","og_type":"article","og_title":"Acerca de - Asociaci\u00f3n Vida Patz\u00fan","og_description":"Somos una organizaci\u00f3n cristiana empoderando al liderazgo comunitario y eclesial con una visi\u00f3n de desarrollo integral.","og_url":"https:\/\/misionintegralvida.org\/es\/acerca-de\/","og_site_name":"Asociaci\u00f3n Vida Patz\u00fan","article_modified_time":"2024-08-10T22:55:00+00:00","og_image":[{"url":"https:\/\/misionintegralvida.org\/es\/wp-content\/uploads\/2024\/08\/quienes_somos_01-1024x670.jpg","type":"","width":"","height":""}],"twitter_card":"summary_large_image","twitter_misc":{"Tiempo de lectura":"2 minutos"},"schema":{"@context":"https:\/\/schema.org","@graph":[{"@type":"WebPage","@id":"https:\/\/misionintegralvida.org\/es\/acerca-de\/","url":"https:\/\/misionintegralvida.org\/es\/acerca-de\/","name":"Acerca de - Asociaci\u00f3n Vida Patz\u00fan","isPartOf":{"@id":"https:\/\/misionintegralvida.org\/es\/#website"},"primaryImageOfPage":{"@id":"https:\/\/misionintegralvida.org\/es\/acerca-de\/#primaryimage"},"image":{"@id":"https:\/\/misionintegralvida.org\/es\/acerca-de\/#primaryimage"},"thumbnailUrl":"https:\/\/misionintegralvida.org\/es\/wp-content\/uploads\/2024\/08\/quienes_somos_01-1024x670.jpg","datePublished":"2020-06-05T14:46:33+00:00","dateModified":"2024-08-10T22:55:00+00:00","description":"Somos una organizaci\u00f3n cristiana empoderando al liderazgo comunitario y eclesial con una visi\u00f3n de desarrollo integral.","breadcrumb":{"@id":"https:\/\/misionintegralvida.org\/es\/acerca-de\/#breadcrumb"},"inLanguage":"es","potentialAction":[{"@type":"ReadAction","target":["https:\/\/misionintegralvida.org\/es\/acerca-de\/"]}]},{"@type":"ImageObject","inLanguage":"es","@id":"https:\/\/misionintegralvida.org\/es\/acerca-de\/#primaryimage","url":"https:\/\/misionintegralvida.org\/es\/wp-content\/uploads\/2024\/08\/quienes_somos_01.jpg","contentUrl":"https:\/\/misionintegralvida.org\/es\/wp-content\/uploads\/2024\/08\/quienes_somos_01.jpg","width":1300,"height":850,"caption":"Asociaci\u00f3n Vida Patz\u00fan, Chimaltenango"},{"@type":"BreadcrumbList","@id":"https:\/\/misionintegralvida.org\/es\/acerca-de\/#breadcrumb","itemListElement":[{"@type":"ListItem","position":1,"name":"Portada","item":"https:\/\/misionintegralvida.org\/es\/"},{"@type":"ListItem","position":2,"name":"Acerca de"}]},{"@type":"WebSite","@id":"https:\/\/misionintegralvida.org\/es\/#website","url":"https:\/\/misionintegralvida.org\/es\/","name":"Asociaci\u00f3n Vida Patz\u00fan","description":"Creando Soluciones Transformado Vidas en el nombre de Jes\u00fas","publisher":{"@id":"https:\/\/misionintegralvida.org\/es\/#organization"},"potentialAction":[{"@type":"SearchAction","target":{"@type":"EntryPoint","urlTemplate":"https:\/\/misionintegralvida.org\/es\/?s={search_term_string}"},"query-input":{"@type":"PropertyValueSpecification","valueRequired":true,"valueName":"search_term_string"}}],"inLanguage":"es"},{"@type":"Organization","@id":"https:\/\/misionintegralvida.org\/es\/#organization","name":"Asociaci\u00f3n Vida Patz\u00fan","url":"https:\/\/misionintegralvida.org\/es\/","logo":{"@type":"ImageObject","inLanguage":"es","@id":"https:\/\/misionintegralvida.org\/es\/#\/schema\/logo\/image\/","url":"https:\/\/misionintegralvida.org\/es\/wp-content\/uploads\/2021\/07\/logo_asoc-01.png","contentUrl":"https:\/\/misionintegralvida.org\/es\/wp-content\/uploads\/2021\/07\/logo_asoc-01.png","width":275,"height":50,"caption":"Asociaci\u00f3n Vida Patz\u00fan"},"image":{"@id":"https:\/\/misionintegralvida.org\/es\/#\/schema\/logo\/image\/"}}]}},"_links":{"self":[{"href":"https:\/\/misionintegralvida.org\/es\/wp-json\/wp\/v2\/pages\/8","targetHints":{"allow":["GET"]}}],"collection":[{"href":"https:\/\/misionintegralvida.org\/es\/wp-json\/wp\/v2\/pages"}],"about":[{"href":"https:\/\/misionintegralvida.org\/es\/wp-json\/wp\/v2\/types\/page"}],"author":[{"embeddable":true,"href":"https:\/\/misionintegralvida.org\/es\/wp-json\/wp\/v2\/users\/1"}],"replies":[{"embeddable":true,"href":"https:\/\/misionintegralvida.org\/es\/wp-json\/wp\/v2\/comments?post=8"}],"version-history":[{"count":26,"href":"https:\/\/misionintegralvida.org\/es\/wp-json\/wp\/v2\/pages\/8\/revisions"}],"predecessor-version":[{"id":22457,"href":"https:\/\/misionintegralvida.org\/es\/wp-json\/wp\/v2\/pages\/8\/revisions\/22457"}],"wp:attachment":[{"href":"https:\/\/misionintegralvida.org\/es\/wp-json\/wp\/v2\/media?parent=8"}],"curies":[{"name":"wp","href":"https:\/\/api.w.org\/{rel}","templated":true}]}}