{"id":22399,"date":"2024-08-07T09:06:14","date_gmt":"2024-08-07T15:06:14","guid":{"rendered":"https:\/\/misionintegralvida.org\/es\/?page_id=22399"},"modified":"2024-08-12T17:12:00","modified_gmt":"2024-08-12T23:12:00","slug":"beneficiarios-clinica-y-laboratorio","status":"publish","type":"page","link":"https:\/\/misionintegralvida.org\/es\/beneficiarios-clinica-y-laboratorio\/","title":{"rendered":"Beneficiarios Cl\u00ednica y Laboratorio"},"content":{"rendered":"\t\t<div data-elementor-type=\"wp-page\" data-elementor-id=\"22399\" class=\"elementor elementor-22399\">\n\t\t\t\t\t\t<section class=\"elementor-section elementor-top-section elementor-element elementor-element-303e73b edgtf-elementor-container-inner elementor-section-boxed elementor-section-height-default elementor-section-height-default edgtf-section edgtf-parallax-section-holder-touch-disabled edgtf-parallax-section-no\" data-id=\"303e73b\" data-element_type=\"section\">\n\t\t\t\t\t\t<div class=\"elementor-container elementor-column-gap-default\">\n\t\t\t\t\t<div class=\"elementor-column elementor-col-100 elementor-top-column elementor-element elementor-element-1f765b5\" data-id=\"1f765b5\" data-element_type=\"column\">\n\t\t\t<div class=\"elementor-widget-wrap elementor-element-populated\">\n\t\t\t\t\t\t<div class=\"elementor-element elementor-element-59436c9 elementor-widget elementor-widget-text-editor\" data-id=\"59436c9\" data-element_type=\"widget\" data-widget_type=\"text-editor.default\">\n\t\t\t\t<div class=\"elementor-widget-container\">\n\t\t\t\t\t\t\t\t\t<p style=\"font-size: 16px;\">En nuestra <strong>Cl\u00ednica y Laboratorio Vida<\/strong>, brindamos atenci\u00f3n m\u00e9dica integral y an\u00e1lisis de alta calidad, siempre con la misi\u00f3n de reflejar el amor y la compasi\u00f3n de Cristo en cada servicio. Creemos que cuidar la salud f\u00edsica es tan vital como nutrir el esp\u00edritu. Gracias al <strong>generoso apoyo de nuestros socios internacionales<\/strong>, podemos ofrecer estos servicios de salud mientras compartimos el mensaje de Cristo con cada paciente.<\/p><p style=\"font-size: 16px;\">A continuaci\u00f3n, presentamos im\u00e1genes de los beneficiarios del mes, quienes han sido positivamente impactados por nuestra dedicaci\u00f3n y esfuerzo.<strong> \u00a1Te invitamos a unirte a nuestra causa con un donativo haciendo clic en el bot\u00f3n de donar!<\/strong><\/p>\t\t\t\t\t\t\t\t<\/div>\n\t\t\t\t<\/div>\n\t\t\t\t<div class=\"elementor-element elementor-element-2e7696f elementor-widget elementor-widget-html\" data-id=\"2e7696f\" data-element_type=\"widget\" data-widget_type=\"html.default\">\n\t\t\t\t<div class=\"elementor-widget-container\">\n\t\t\t\t\t<div class=\"su-row\">\n\n<div class=\"su-column su-column-size-1-2\"><div class=\"su-column-inner su-u-clearfix su-u-trim\">\n\n<div class=\"su-button-center\"><a href=\"https:\/\/misionintegralvida.org\/Donation\/Donation.aspx?lang=es\" class=\"su-button su-button-style-default\" style=\"color:#FFFFFF;background-color:#2D89EF;border-color:#246ec0;border-radius:11px\" target=\"_self\"><span style=\"color:#FFFFFF;padding:9px 28px;font-size:21px;line-height:32px;border-color:#6cadf4;border-radius:11px;text-shadow:none\"><i class=\"sui sui-money\" style=\"font-size:21px;color:#FFFFFF\"><\/i> Donar a la causa<\/span><\/a><\/div>\n\n<\/div><\/div>\n\n<div class=\"su-column su-column-size-1-2\"><div class=\"su-column-inner su-u-clearfix su-u-trim\">\n\n<div class=\"su-button-center\"><a href=\"https:\/\/misionintegralvida.org\/es\/us-donation\/\" class=\"su-button su-button-style-default\" style=\"color:#FFFFFF;background-color:#2D89EF;border-color:#246ec0;border-radius:11px\" target=\"_self\"><span style=\"color:#FFFFFF;padding:9px 28px;font-size:21px;line-height:32px;border-color:#6cadf4;border-radius:11px;text-shadow:none\"><i class=\"sui sui-money\" style=\"font-size:21px;color:#FFFFFF\"><\/i> US Donation<\/span><\/a><\/div>\n\n<\/div><\/div>\n\n<\/div>\t\t\t\t<\/div>\n\t\t\t\t<\/div>\n\t\t\t\t<div class=\"elementor-element elementor-element-0b42b04 elementor-widget elementor-widget-text-editor\" data-id=\"0b42b04\" data-element_type=\"widget\" data-widget_type=\"text-editor.default\">\n\t\t\t\t<div class=\"elementor-widget-container\">\n\t\t\t\t\t\t\t\t\t<h2 style=\"text-align: center;\">Julio 2024<\/h2>\t\t\t\t\t\t\t\t<\/div>\n\t\t\t\t<\/div>\n\t\t\t\t<div class=\"elementor-element elementor-element-ba94abd elementor-widget elementor-widget-edgtf_separator\" data-id=\"ba94abd\" data-element_type=\"widget\" data-widget_type=\"edgtf_separator.default\">\n\t\t\t\t<div class=\"elementor-widget-container\">\n\t\t\t\t\t<div class=\"edgtf-separator-holder clearfix  edgtf-separator-center edgtf-separator-normal\">\n\t<div class=\"edgtf-separator\" style=\"border-color: #FFB422;width: 75px;border-bottom-width: 3px;margin-top: 5px;margin-bottom: 10px\"><\/div>\n<\/div>\n\t\t\t\t<\/div>\n\t\t\t\t<\/div>\n\t\t\t\t\t<\/div>\n\t\t<\/div>\n\t\t\t\t\t<\/div>\n\t\t<\/section>\n\t\t\t\t<section class=\"elementor-section elementor-top-section elementor-element elementor-element-0406c55 edgtf-elementor-container-inner elementor-section-boxed elementor-section-height-default elementor-section-height-default edgtf-section edgtf-parallax-section-holder-touch-disabled edgtf-parallax-section-no\" data-id=\"0406c55\" data-element_type=\"section\">\n\t\t\t\t\t\t<div class=\"elementor-container elementor-column-gap-default\">\n\t\t\t\t\t<div class=\"elementor-column elementor-col-50 elementor-top-column elementor-element elementor-element-6e006b4\" data-id=\"6e006b4\" data-element_type=\"column\">\n\t\t\t<div class=\"elementor-widget-wrap elementor-element-populated\">\n\t\t\t\t\t\t<div class=\"elementor-element elementor-element-82e597d elementor-widget elementor-widget-image\" data-id=\"82e597d\" data-element_type=\"widget\" data-widget_type=\"image.default\">\n\t\t\t\t<div class=\"elementor-widget-container\">\n\t\t\t\t\t\t\t\t\t\t\t\t\t\t\t<img fetchpriority=\"high\" decoding=\"async\" width=\"1300\" height=\"850\" src=\"https:\/\/misionintegralvida.org\/es\/wp-content\/uploads\/2024\/08\/beneficiarios_clinica_01.jpg\" class=\"attachment-full size-full wp-image-22406\" alt=\"Asociaci\u00f3n Vida -Beneficiarios Cl\u00ednica Medica 01\" srcset=\"https:\/\/misionintegralvida.org\/es\/wp-content\/uploads\/2024\/08\/beneficiarios_clinica_01.jpg 1300w, https:\/\/misionintegralvida.org\/es\/wp-content\/uploads\/2024\/08\/beneficiarios_clinica_01-300x196.jpg 300w, https:\/\/misionintegralvida.org\/es\/wp-content\/uploads\/2024\/08\/beneficiarios_clinica_01-1024x670.jpg 1024w, https:\/\/misionintegralvida.org\/es\/wp-content\/uploads\/2024\/08\/beneficiarios_clinica_01-768x502.jpg 768w\" sizes=\"(max-width: 1300px) 100vw, 1300px\" \/>\t\t\t\t\t\t\t\t\t\t\t\t\t\t\t<\/div>\n\t\t\t\t<\/div>\n\t\t\t\t\t<\/div>\n\t\t<\/div>\n\t\t\t\t<div class=\"elementor-column elementor-col-50 elementor-top-column elementor-element elementor-element-abc12c7\" data-id=\"abc12c7\" data-element_type=\"column\">\n\t\t\t<div class=\"elementor-widget-wrap elementor-element-populated\">\n\t\t\t\t\t\t<div class=\"elementor-element elementor-element-6cf2c5c elementor-widget elementor-widget-image\" data-id=\"6cf2c5c\" data-element_type=\"widget\" data-widget_type=\"image.default\">\n\t\t\t\t<div class=\"elementor-widget-container\">\n\t\t\t\t\t\t\t\t\t\t\t\t\t\t\t<img decoding=\"async\" width=\"1300\" height=\"850\" src=\"https:\/\/misionintegralvida.org\/es\/wp-content\/uploads\/2024\/08\/beneficiarios_clinica_02.jpg\" class=\"attachment-full size-full wp-image-22407\" alt=\"Asociaci\u00f3n Vida -Beneficiarios Cl\u00ednica Medica 02\" srcset=\"https:\/\/misionintegralvida.org\/es\/wp-content\/uploads\/2024\/08\/beneficiarios_clinica_02.jpg 1300w, https:\/\/misionintegralvida.org\/es\/wp-content\/uploads\/2024\/08\/beneficiarios_clinica_02-300x196.jpg 300w, https:\/\/misionintegralvida.org\/es\/wp-content\/uploads\/2024\/08\/beneficiarios_clinica_02-1024x670.jpg 1024w, https:\/\/misionintegralvida.org\/es\/wp-content\/uploads\/2024\/08\/beneficiarios_clinica_02-768x502.jpg 768w\" sizes=\"(max-width: 1300px) 100vw, 1300px\" \/>\t\t\t\t\t\t\t\t\t\t\t\t\t\t\t<\/div>\n\t\t\t\t<\/div>\n\t\t\t\t\t<\/div>\n\t\t<\/div>\n\t\t\t\t\t<\/div>\n\t\t<\/section>\n\t\t\t\t<section class=\"elementor-section elementor-top-section elementor-element elementor-element-bf38bf2 edgtf-elementor-container-inner elementor-section-boxed elementor-section-height-default elementor-section-height-default edgtf-section edgtf-parallax-section-holder-touch-disabled edgtf-parallax-section-no\" data-id=\"bf38bf2\" data-element_type=\"section\">\n\t\t\t\t\t\t<div class=\"elementor-container elementor-column-gap-default\">\n\t\t\t\t\t<div class=\"elementor-column elementor-col-50 elementor-top-column elementor-element elementor-element-b114800\" data-id=\"b114800\" data-element_type=\"column\">\n\t\t\t<div class=\"elementor-widget-wrap elementor-element-populated\">\n\t\t\t\t\t\t<div class=\"elementor-element elementor-element-7211fef elementor-widget elementor-widget-image\" data-id=\"7211fef\" data-element_type=\"widget\" data-widget_type=\"image.default\">\n\t\t\t\t<div class=\"elementor-widget-container\">\n\t\t\t\t\t\t\t\t\t\t\t\t\t\t\t<img decoding=\"async\" width=\"1300\" height=\"850\" src=\"https:\/\/misionintegralvida.org\/es\/wp-content\/uploads\/2024\/08\/beneficiarios_laboatorio_01.jpg\" class=\"attachment-full size-full wp-image-22408\" alt=\"Asociaci\u00f3n Vida -Beneficiarios Laboratorio 01\" srcset=\"https:\/\/misionintegralvida.org\/es\/wp-content\/uploads\/2024\/08\/beneficiarios_laboatorio_01.jpg 1300w, https:\/\/misionintegralvida.org\/es\/wp-content\/uploads\/2024\/08\/beneficiarios_laboatorio_01-300x196.jpg 300w, https:\/\/misionintegralvida.org\/es\/wp-content\/uploads\/2024\/08\/beneficiarios_laboatorio_01-1024x670.jpg 1024w, https:\/\/misionintegralvida.org\/es\/wp-content\/uploads\/2024\/08\/beneficiarios_laboatorio_01-768x502.jpg 768w\" sizes=\"(max-width: 1300px) 100vw, 1300px\" \/>\t\t\t\t\t\t\t\t\t\t\t\t\t\t\t<\/div>\n\t\t\t\t<\/div>\n\t\t\t\t\t<\/div>\n\t\t<\/div>\n\t\t\t\t<div class=\"elementor-column elementor-col-50 elementor-top-column elementor-element elementor-element-02867f8\" data-id=\"02867f8\" data-element_type=\"column\">\n\t\t\t<div class=\"elementor-widget-wrap elementor-element-populated\">\n\t\t\t\t\t\t<div class=\"elementor-element elementor-element-14c6dcc elementor-widget elementor-widget-image\" data-id=\"14c6dcc\" data-element_type=\"widget\" data-widget_type=\"image.default\">\n\t\t\t\t<div class=\"elementor-widget-container\">\n\t\t\t\t\t\t\t\t\t\t\t\t\t\t\t<img loading=\"lazy\" decoding=\"async\" width=\"1300\" height=\"850\" src=\"https:\/\/misionintegralvida.org\/es\/wp-content\/uploads\/2024\/08\/beneficiarios_laboatorio_02.jpg\" class=\"attachment-full size-full wp-image-22409\" alt=\"Asociaci\u00f3n Vida -Beneficiarios Laboratorio 02\" srcset=\"https:\/\/misionintegralvida.org\/es\/wp-content\/uploads\/2024\/08\/beneficiarios_laboatorio_02.jpg 1300w, https:\/\/misionintegralvida.org\/es\/wp-content\/uploads\/2024\/08\/beneficiarios_laboatorio_02-300x196.jpg 300w, https:\/\/misionintegralvida.org\/es\/wp-content\/uploads\/2024\/08\/beneficiarios_laboatorio_02-1024x670.jpg 1024w, https:\/\/misionintegralvida.org\/es\/wp-content\/uploads\/2024\/08\/beneficiarios_laboatorio_02-768x502.jpg 768w\" sizes=\"(max-width: 1300px) 100vw, 1300px\" \/>\t\t\t\t\t\t\t\t\t\t\t\t\t\t\t<\/div>\n\t\t\t\t<\/div>\n\t\t\t\t\t<\/div>\n\t\t<\/div>\n\t\t\t\t\t<\/div>\n\t\t<\/section>\n\t\t\t\t<section class=\"elementor-section elementor-top-section elementor-element elementor-element-c644525 edgtf-elementor-container-inner elementor-section-boxed elementor-section-height-default elementor-section-height-default edgtf-section edgtf-parallax-section-holder-touch-disabled edgtf-parallax-section-no\" data-id=\"c644525\" data-element_type=\"section\">\n\t\t\t\t\t\t<div class=\"elementor-container elementor-column-gap-default\">\n\t\t\t\t\t<div class=\"elementor-column elementor-col-50 elementor-top-column elementor-element elementor-element-6c417df\" data-id=\"6c417df\" data-element_type=\"column\">\n\t\t\t<div class=\"elementor-widget-wrap elementor-element-populated\">\n\t\t\t\t\t\t<div class=\"elementor-element elementor-element-47d9d83 elementor-button-info elementor-align-center elementor-widget elementor-widget-button\" data-id=\"47d9d83\" data-element_type=\"widget\" data-widget_type=\"button.default\">\n\t\t\t\t<div class=\"elementor-widget-container\">\n\t\t\t\t\t\t\t\t\t<div class=\"elementor-button-wrapper\">\n\t\t\t\t\t<a class=\"elementor-button elementor-button-link elementor-size-sm\" href=\"https:\/\/misionintegralvida.org\/es\/beneficiarios-farmacia\/\">\n\t\t\t\t\t\t<span class=\"elementor-button-content-wrapper\">\n\t\t\t\t\t\t\t\t\t<span class=\"elementor-button-text\">Ver beneficiarios farmacia<\/span>\n\t\t\t\t\t<\/span>\n\t\t\t\t\t<\/a>\n\t\t\t\t<\/div>\n\t\t\t\t\t\t\t\t<\/div>\n\t\t\t\t<\/div>\n\t\t\t\t\t<\/div>\n\t\t<\/div>\n\t\t\t\t<div class=\"elementor-column elementor-col-50 elementor-top-column elementor-element elementor-element-86f31f1\" data-id=\"86f31f1\" data-element_type=\"column\">\n\t\t\t<div class=\"elementor-widget-wrap elementor-element-populated\">\n\t\t\t\t\t\t<div class=\"elementor-element elementor-element-32369af elementor-button-info elementor-align-center elementor-widget elementor-widget-button\" data-id=\"32369af\" data-element_type=\"widget\" data-widget_type=\"button.default\">\n\t\t\t\t<div class=\"elementor-widget-container\">\n\t\t\t\t\t\t\t\t\t<div class=\"elementor-button-wrapper\">\n\t\t\t\t\t<a class=\"elementor-button elementor-button-link elementor-size-sm\" href=\"https:\/\/misionintegralvida.org\/es\/beneficiarios-agua-pura-salud-y-vida\/\">\n\t\t\t\t\t\t<span class=\"elementor-button-content-wrapper\">\n\t\t\t\t\t\t\t\t\t<span class=\"elementor-button-text\">Ver beneficiarios agua pura<\/span>\n\t\t\t\t\t<\/span>\n\t\t\t\t\t<\/a>\n\t\t\t\t<\/div>\n\t\t\t\t\t\t\t\t<\/div>\n\t\t\t\t<\/div>\n\t\t\t\t\t<\/div>\n\t\t<\/div>\n\t\t\t\t\t<\/div>\n\t\t<\/section>\n\t\t\t\t<section class=\"elementor-section elementor-top-section elementor-element elementor-element-a2edd42 elementor-section-boxed elementor-section-height-default elementor-section-height-default edgtf-elementor-container-no edgtf-section edgtf-parallax-section-holder-touch-disabled edgtf-parallax-section-no\" data-id=\"a2edd42\" data-element_type=\"section\">\n\t\t\t\t\t\t<div class=\"elementor-container elementor-column-gap-default\">\n\t\t\t\t\t<div class=\"elementor-column elementor-col-100 elementor-top-column elementor-element elementor-element-f8bb31b\" data-id=\"f8bb31b\" data-element_type=\"column\">\n\t\t\t<div class=\"elementor-widget-wrap elementor-element-populated\">\n\t\t\t\t\t\t<div class=\"elementor-element elementor-element-1deafbc elementor-widget elementor-widget-text-editor\" data-id=\"1deafbc\" data-element_type=\"widget\" data-widget_type=\"text-editor.default\">\n\t\t\t\t<div class=\"elementor-widget-container\">\n\t\t\t\t\t\t\t\t\t<div class=\"su-box su-box-style-default\" id=\"\" style=\"border-color:#000000;border-radius:3px\"><div class=\"su-box-title\" style=\"background-color:#333333;color:#FFFFFF;border-top-left-radius:1px;border-top-right-radius:1px\">Mayor informaci\u00f3n<\/div><div class=\"su-box-content su-u-clearfix su-u-trim\" style=\"border-bottom-left-radius:1px;border-bottom-right-radius:1px\">\n<div class=\"su-list\" style=\"margin-left:0px\">\n<ul>\n \t<li><i class=\"sui sui-star\" style=\"color:#f6cc2f\"><\/i> <strong>Correo:<\/strong> axelsuquen@gmail.com<\/li>\n \t<li><i class=\"sui sui-star\" style=\"color:#f6cc2f\"><\/i> <strong>Tel\u00e9fono:<\/strong> (502) 7839-8475<\/li>\n<\/ul>\n<\/div>\n<\/div><\/div>\t\t\t\t\t\t\t\t<\/div>\n\t\t\t\t<\/div>\n\t\t\t\t\t<\/div>\n\t\t<\/div>\n\t\t\t\t\t<\/div>\n\t\t<\/section>\n\t\t\t\t<\/div>\n\t\t","protected":false},"excerpt":{"rendered":"<p>En nuestra Cl\u00ednica y Laboratorio Vida, brindamos atenci\u00f3n m\u00e9dica integral y an\u00e1lisis de alta calidad, siempre con la misi\u00f3n de reflejar el amor y la compasi\u00f3n de Cristo en cada servicio. Creemos que cuidar la salud f\u00edsica es tan vital como nutrir el esp\u00edritu. Gracias al generoso apoyo de nuestros socios internacionales, podemos ofrecer estos&#8230;<\/p>\n","protected":false},"author":1,"featured_media":0,"parent":0,"menu_order":0,"comment_status":"closed","ping_status":"closed","template":"","meta":{"footnotes":""},"class_list":["post-22399","page","type-page","status-publish","hentry"],"yoast_head":"<!-- This site is optimized with the Yoast SEO plugin v24.6 - https:\/\/yoast.com\/wordpress\/plugins\/seo\/ -->\r\n<title>Beneficiarios Cl\u00ednica y Laboratorio - Asociaci\u00f3n Vida Patz\u00fan<\/title>\r\n<meta name=\"description\" content=\"En Farmacia Vida, ofrecemos medicamentos de calidad, mostrando la compasi\u00f3n de Cristo y llevando su evangelio, gracias a nuestros socios.\" \/>\r\n<meta name=\"robots\" content=\"index, follow, max-snippet:-1, max-image-preview:large, max-video-preview:-1\" \/>\r\n<link rel=\"canonical\" href=\"https:\/\/misionintegralvida.org\/es\/beneficiarios-clinica-y-laboratorio\/\" \/>\r\n<meta property=\"og:locale\" content=\"es_ES\" \/>\r\n<meta property=\"og:type\" content=\"article\" \/>\r\n<meta property=\"og:title\" content=\"Beneficiarios Cl\u00ednica y Laboratorio - Asociaci\u00f3n Vida Patz\u00fan\" \/>\r\n<meta property=\"og:description\" content=\"En Farmacia Vida, ofrecemos medicamentos de calidad, mostrando la compasi\u00f3n de Cristo y llevando su evangelio, gracias a nuestros socios.\" \/>\r\n<meta property=\"og:url\" content=\"https:\/\/misionintegralvida.org\/es\/beneficiarios-clinica-y-laboratorio\/\" \/>\r\n<meta property=\"og:site_name\" content=\"Asociaci\u00f3n Vida Patz\u00fan\" \/>\r\n<meta property=\"article:modified_time\" content=\"2024-08-12T23:12:00+00:00\" \/>\r\n<meta property=\"og:image\" content=\"https:\/\/misionintegralvida.org\/es\/wp-content\/uploads\/2024\/08\/beneficiarios_clinica_01.jpg\" \/>\r\n<meta name=\"twitter:card\" content=\"summary_large_image\" \/>\r\n<meta name=\"twitter:label1\" content=\"Tiempo de lectura\" \/>\n\t<meta name=\"twitter:data1\" content=\"2 minutos\" \/>\r\n<script type=\"application\/ld+json\" class=\"yoast-schema-graph\">{\"@context\":\"https:\/\/schema.org\",\"@graph\":[{\"@type\":\"WebPage\",\"@id\":\"https:\/\/misionintegralvida.org\/es\/beneficiarios-clinica-y-laboratorio\/\",\"url\":\"https:\/\/misionintegralvida.org\/es\/beneficiarios-clinica-y-laboratorio\/\",\"name\":\"Beneficiarios Cl\u00ednica y Laboratorio - Asociaci\u00f3n Vida Patz\u00fan\",\"isPartOf\":{\"@id\":\"https:\/\/misionintegralvida.org\/es\/#website\"},\"primaryImageOfPage\":{\"@id\":\"https:\/\/misionintegralvida.org\/es\/beneficiarios-clinica-y-laboratorio\/#primaryimage\"},\"image\":{\"@id\":\"https:\/\/misionintegralvida.org\/es\/beneficiarios-clinica-y-laboratorio\/#primaryimage\"},\"thumbnailUrl\":\"https:\/\/misionintegralvida.org\/es\/wp-content\/uploads\/2024\/08\/beneficiarios_clinica_01.jpg\",\"datePublished\":\"2024-08-07T15:06:14+00:00\",\"dateModified\":\"2024-08-12T23:12:00+00:00\",\"description\":\"En Farmacia Vida, ofrecemos medicamentos de calidad, mostrando la compasi\u00f3n de Cristo y llevando su evangelio, gracias a nuestros socios.\",\"breadcrumb\":{\"@id\":\"https:\/\/misionintegralvida.org\/es\/beneficiarios-clinica-y-laboratorio\/#breadcrumb\"},\"inLanguage\":\"es\",\"potentialAction\":[{\"@type\":\"ReadAction\",\"target\":[\"https:\/\/misionintegralvida.org\/es\/beneficiarios-clinica-y-laboratorio\/\"]}]},{\"@type\":\"ImageObject\",\"inLanguage\":\"es\",\"@id\":\"https:\/\/misionintegralvida.org\/es\/beneficiarios-clinica-y-laboratorio\/#primaryimage\",\"url\":\"https:\/\/misionintegralvida.org\/es\/wp-content\/uploads\/2024\/08\/beneficiarios_clinica_01.jpg\",\"contentUrl\":\"https:\/\/misionintegralvida.org\/es\/wp-content\/uploads\/2024\/08\/beneficiarios_clinica_01.jpg\",\"width\":1300,\"height\":850,\"caption\":\"Asociaci\u00f3n Vida -Beneficiarios Cl\u00ednica Medica\"},{\"@type\":\"BreadcrumbList\",\"@id\":\"https:\/\/misionintegralvida.org\/es\/beneficiarios-clinica-y-laboratorio\/#breadcrumb\",\"itemListElement\":[{\"@type\":\"ListItem\",\"position\":1,\"name\":\"Portada\",\"item\":\"https:\/\/misionintegralvida.org\/es\/\"},{\"@type\":\"ListItem\",\"position\":2,\"name\":\"Beneficiarios Cl\u00ednica y Laboratorio\"}]},{\"@type\":\"WebSite\",\"@id\":\"https:\/\/misionintegralvida.org\/es\/#website\",\"url\":\"https:\/\/misionintegralvida.org\/es\/\",\"name\":\"Asociaci\u00f3n Vida Patz\u00fan\",\"description\":\"Creando Soluciones Transformado Vidas en el nombre de Jes\u00fas\",\"publisher\":{\"@id\":\"https:\/\/misionintegralvida.org\/es\/#organization\"},\"potentialAction\":[{\"@type\":\"SearchAction\",\"target\":{\"@type\":\"EntryPoint\",\"urlTemplate\":\"https:\/\/misionintegralvida.org\/es\/?s={search_term_string}\"},\"query-input\":{\"@type\":\"PropertyValueSpecification\",\"valueRequired\":true,\"valueName\":\"search_term_string\"}}],\"inLanguage\":\"es\"},{\"@type\":\"Organization\",\"@id\":\"https:\/\/misionintegralvida.org\/es\/#organization\",\"name\":\"Asociaci\u00f3n Vida Patz\u00fan\",\"url\":\"https:\/\/misionintegralvida.org\/es\/\",\"logo\":{\"@type\":\"ImageObject\",\"inLanguage\":\"es\",\"@id\":\"https:\/\/misionintegralvida.org\/es\/#\/schema\/logo\/image\/\",\"url\":\"https:\/\/misionintegralvida.org\/es\/wp-content\/uploads\/2021\/07\/logo_asoc-01.png\",\"contentUrl\":\"https:\/\/misionintegralvida.org\/es\/wp-content\/uploads\/2021\/07\/logo_asoc-01.png\",\"width\":275,\"height\":50,\"caption\":\"Asociaci\u00f3n Vida Patz\u00fan\"},\"image\":{\"@id\":\"https:\/\/misionintegralvida.org\/es\/#\/schema\/logo\/image\/\"}}]}<\/script>\r\n<!-- \/ Yoast SEO plugin. -->","yoast_head_json":{"title":"Beneficiarios Cl\u00ednica y Laboratorio - Asociaci\u00f3n Vida Patz\u00fan","description":"En Farmacia Vida, ofrecemos medicamentos de calidad, mostrando la compasi\u00f3n de Cristo y llevando su evangelio, gracias a nuestros socios.","robots":{"index":"index","follow":"follow","max-snippet":"max-snippet:-1","max-image-preview":"max-image-preview:large","max-video-preview":"max-video-preview:-1"},"canonical":"https:\/\/misionintegralvida.org\/es\/beneficiarios-clinica-y-laboratorio\/","og_locale":"es_ES","og_type":"article","og_title":"Beneficiarios Cl\u00ednica y Laboratorio - Asociaci\u00f3n Vida Patz\u00fan","og_description":"En Farmacia Vida, ofrecemos medicamentos de calidad, mostrando la compasi\u00f3n de Cristo y llevando su evangelio, gracias a nuestros socios.","og_url":"https:\/\/misionintegralvida.org\/es\/beneficiarios-clinica-y-laboratorio\/","og_site_name":"Asociaci\u00f3n Vida Patz\u00fan","article_modified_time":"2024-08-12T23:12:00+00:00","og_image":[{"url":"https:\/\/misionintegralvida.org\/es\/wp-content\/uploads\/2024\/08\/beneficiarios_clinica_01.jpg","type":"","width":"","height":""}],"twitter_card":"summary_large_image","twitter_misc":{"Tiempo de lectura":"2 minutos"},"schema":{"@context":"https:\/\/schema.org","@graph":[{"@type":"WebPage","@id":"https:\/\/misionintegralvida.org\/es\/beneficiarios-clinica-y-laboratorio\/","url":"https:\/\/misionintegralvida.org\/es\/beneficiarios-clinica-y-laboratorio\/","name":"Beneficiarios Cl\u00ednica y Laboratorio - Asociaci\u00f3n Vida Patz\u00fan","isPartOf":{"@id":"https:\/\/misionintegralvida.org\/es\/#website"},"primaryImageOfPage":{"@id":"https:\/\/misionintegralvida.org\/es\/beneficiarios-clinica-y-laboratorio\/#primaryimage"},"image":{"@id":"https:\/\/misionintegralvida.org\/es\/beneficiarios-clinica-y-laboratorio\/#primaryimage"},"thumbnailUrl":"https:\/\/misionintegralvida.org\/es\/wp-content\/uploads\/2024\/08\/beneficiarios_clinica_01.jpg","datePublished":"2024-08-07T15:06:14+00:00","dateModified":"2024-08-12T23:12:00+00:00","description":"En Farmacia Vida, ofrecemos medicamentos de calidad, mostrando la compasi\u00f3n de Cristo y llevando su evangelio, gracias a nuestros socios.","breadcrumb":{"@id":"https:\/\/misionintegralvida.org\/es\/beneficiarios-clinica-y-laboratorio\/#breadcrumb"},"inLanguage":"es","potentialAction":[{"@type":"ReadAction","target":["https:\/\/misionintegralvida.org\/es\/beneficiarios-clinica-y-laboratorio\/"]}]},{"@type":"ImageObject","inLanguage":"es","@id":"https:\/\/misionintegralvida.org\/es\/beneficiarios-clinica-y-laboratorio\/#primaryimage","url":"https:\/\/misionintegralvida.org\/es\/wp-content\/uploads\/2024\/08\/beneficiarios_clinica_01.jpg","contentUrl":"https:\/\/misionintegralvida.org\/es\/wp-content\/uploads\/2024\/08\/beneficiarios_clinica_01.jpg","width":1300,"height":850,"caption":"Asociaci\u00f3n Vida -Beneficiarios Cl\u00ednica Medica"},{"@type":"BreadcrumbList","@id":"https:\/\/misionintegralvida.org\/es\/beneficiarios-clinica-y-laboratorio\/#breadcrumb","itemListElement":[{"@type":"ListItem","position":1,"name":"Portada","item":"https:\/\/misionintegralvida.org\/es\/"},{"@type":"ListItem","position":2,"name":"Beneficiarios Cl\u00ednica y Laboratorio"}]},{"@type":"WebSite","@id":"https:\/\/misionintegralvida.org\/es\/#website","url":"https:\/\/misionintegralvida.org\/es\/","name":"Asociaci\u00f3n Vida Patz\u00fan","description":"Creando Soluciones Transformado Vidas en el nombre de Jes\u00fas","publisher":{"@id":"https:\/\/misionintegralvida.org\/es\/#organization"},"potentialAction":[{"@type":"SearchAction","target":{"@type":"EntryPoint","urlTemplate":"https:\/\/misionintegralvida.org\/es\/?s={search_term_string}"},"query-input":{"@type":"PropertyValueSpecification","valueRequired":true,"valueName":"search_term_string"}}],"inLanguage":"es"},{"@type":"Organization","@id":"https:\/\/misionintegralvida.org\/es\/#organization","name":"Asociaci\u00f3n Vida Patz\u00fan","url":"https:\/\/misionintegralvida.org\/es\/","logo":{"@type":"ImageObject","inLanguage":"es","@id":"https:\/\/misionintegralvida.org\/es\/#\/schema\/logo\/image\/","url":"https:\/\/misionintegralvida.org\/es\/wp-content\/uploads\/2021\/07\/logo_asoc-01.png","contentUrl":"https:\/\/misionintegralvida.org\/es\/wp-content\/uploads\/2021\/07\/logo_asoc-01.png","width":275,"height":50,"caption":"Asociaci\u00f3n Vida Patz\u00fan"},"image":{"@id":"https:\/\/misionintegralvida.org\/es\/#\/schema\/logo\/image\/"}}]}},"_links":{"self":[{"href":"https:\/\/misionintegralvida.org\/es\/wp-json\/wp\/v2\/pages\/22399","targetHints":{"allow":["GET"]}}],"collection":[{"href":"https:\/\/misionintegralvida.org\/es\/wp-json\/wp\/v2\/pages"}],"about":[{"href":"https:\/\/misionintegralvida.org\/es\/wp-json\/wp\/v2\/types\/page"}],"author":[{"embeddable":true,"href":"https:\/\/misionintegralvida.org\/es\/wp-json\/wp\/v2\/users\/1"}],"replies":[{"embeddable":true,"href":"https:\/\/misionintegralvida.org\/es\/wp-json\/wp\/v2\/comments?post=22399"}],"version-history":[{"count":20,"href":"https:\/\/misionintegralvida.org\/es\/wp-json\/wp\/v2\/pages\/22399\/revisions"}],"predecessor-version":[{"id":22531,"href":"https:\/\/misionintegralvida.org\/es\/wp-json\/wp\/v2\/pages\/22399\/revisions\/22531"}],"wp:attachment":[{"href":"https:\/\/misionintegralvida.org\/es\/wp-json\/wp\/v2\/media?parent=22399"}],"curies":[{"name":"wp","href":"https:\/\/api.w.org\/{rel}","templated":true}]}}