{"id":22291,"date":"2024-08-03T20:54:28","date_gmt":"2024-08-04T02:54:28","guid":{"rendered":"https:\/\/misionintegralvida.org\/es\/?page_id=22291"},"modified":"2024-08-07T10:09:15","modified_gmt":"2024-08-07T16:09:15","slug":"asociacion-vida-ayudando-a-la-comunidad","status":"publish","type":"page","link":"https:\/\/misionintegralvida.org\/es\/asociacion-vida-ayudando-a-la-comunidad\/","title":{"rendered":"Asociaci\u00f3n Vida ayudando a la comunidad"},"content":{"rendered":"\t\t<div data-elementor-type=\"wp-page\" data-elementor-id=\"22291\" class=\"elementor elementor-22291\">\n\t\t\t\t\t\t<section class=\"elementor-section elementor-top-section elementor-element elementor-element-cdb3a91 edgtf-elementor-container-inner elementor-section-boxed elementor-section-height-default elementor-section-height-default edgtf-section edgtf-parallax-section-holder-touch-disabled edgtf-parallax-section-no\" data-id=\"cdb3a91\" data-element_type=\"section\">\n\t\t\t\t\t\t<div class=\"elementor-container elementor-column-gap-default\">\n\t\t\t\t\t<div class=\"elementor-column elementor-col-100 elementor-top-column elementor-element elementor-element-064670f\" data-id=\"064670f\" data-element_type=\"column\">\n\t\t\t<div class=\"elementor-widget-wrap elementor-element-populated\">\n\t\t\t\t\t\t<div class=\"elementor-element elementor-element-088bc18 elementor-widget elementor-widget-text-editor\" data-id=\"088bc18\" data-element_type=\"widget\" data-widget_type=\"text-editor.default\">\n\t\t\t\t<div class=\"elementor-widget-container\">\n\t\t\t\t\t\t\t\t\t<h2 style=\"text-align: center;\">Asociaci\u00f3n Vida, Transformando vidas en el Nombre de Jes\u00fas<\/h2>\t\t\t\t\t\t\t\t<\/div>\n\t\t\t\t<\/div>\n\t\t\t\t<div class=\"elementor-element elementor-element-069fa6d elementor-widget elementor-widget-text-editor\" data-id=\"069fa6d\" data-element_type=\"widget\" data-widget_type=\"text-editor.default\">\n\t\t\t\t<div class=\"elementor-widget-container\">\n\t\t\t\t\t\t\t\t\t<p style=\"font-size: 16px;\">En <strong>Asociaci\u00f3n Vida<\/strong>, nuestra misi\u00f3n trasciende la ayuda material; <strong>nos dedicamos a llevar el evangelio de Jesucristo y a mostrar su amor incondicional a trav\u00e9s de cada servicio que brindamos<\/strong>. <strong>Gracias al apoyo invaluable de nuestros socios internacionales<\/strong>, podemos ofrecer asistencia en \u00e1reas esenciales como agua purificada, farmacia, servicio cl\u00ednico y de laboratorio, con un equipo de profesionales comprometidos con el bienestar de la comunidad.<\/p><p style=\"font-size: 16px;\">Con el prop\u00f3sito de transformar vidas en el nombre de Jes\u00fas, buscamos mejorar la calidad de vida de las personas mientras compartimos el mensaje de esperanza y amor de Cristo. <strong>A continuaci\u00f3n, presentamos im\u00e1genes que capturan la gratitud y el cambio positivo experimentado por nuestros beneficiarios<\/strong>.<\/p>\t\t\t\t\t\t\t\t<\/div>\n\t\t\t\t<\/div>\n\t\t\t\t<div class=\"elementor-element elementor-element-40910f9 elementor-widget elementor-widget-edgtf_separator\" data-id=\"40910f9\" data-element_type=\"widget\" data-widget_type=\"edgtf_separator.default\">\n\t\t\t\t<div class=\"elementor-widget-container\">\n\t\t\t\t\t<div class=\"edgtf-separator-holder clearfix  edgtf-separator-center edgtf-separator-normal\">\n\t<div class=\"edgtf-separator\" style=\"border-color: #FFB422;width: 75px;border-bottom-width: 3px;margin-top: 5px;margin-bottom: 10px\"><\/div>\n<\/div>\n\t\t\t\t<\/div>\n\t\t\t\t<\/div>\n\t\t\t\t\t<\/div>\n\t\t<\/div>\n\t\t\t\t\t<\/div>\n\t\t<\/section>\n\t\t\t\t<section class=\"elementor-section elementor-top-section elementor-element elementor-element-3eb47d4 edgtf-elementor-container-inner elementor-section-boxed elementor-section-height-default elementor-section-height-default edgtf-section edgtf-parallax-section-holder-touch-disabled edgtf-parallax-section-no\" data-id=\"3eb47d4\" data-element_type=\"section\">\n\t\t\t\t\t\t<div class=\"elementor-container elementor-column-gap-default\">\n\t\t\t\t\t<div class=\"elementor-column elementor-col-33 elementor-top-column elementor-element elementor-element-bb5c8a4\" data-id=\"bb5c8a4\" data-element_type=\"column\">\n\t\t\t<div class=\"elementor-widget-wrap elementor-element-populated\">\n\t\t\t\t\t\t<div class=\"elementor-element elementor-element-a0d3b44 elementor-widget elementor-widget-image\" data-id=\"a0d3b44\" data-element_type=\"widget\" data-widget_type=\"image.default\">\n\t\t\t\t<div class=\"elementor-widget-container\">\n\t\t\t\t\t\t\t\t\t\t\t\t\t\t\t<img fetchpriority=\"high\" decoding=\"async\" width=\"1300\" height=\"850\" src=\"https:\/\/misionintegralvida.org\/es\/wp-content\/uploads\/2024\/08\/beneficiarios_farmacia.jpg\" class=\"attachment-full size-full wp-image-22298\" alt=\"beneficiarios farmacia vida\" srcset=\"https:\/\/misionintegralvida.org\/es\/wp-content\/uploads\/2024\/08\/beneficiarios_farmacia.jpg 1300w, https:\/\/misionintegralvida.org\/es\/wp-content\/uploads\/2024\/08\/beneficiarios_farmacia-300x196.jpg 300w, https:\/\/misionintegralvida.org\/es\/wp-content\/uploads\/2024\/08\/beneficiarios_farmacia-1024x670.jpg 1024w, https:\/\/misionintegralvida.org\/es\/wp-content\/uploads\/2024\/08\/beneficiarios_farmacia-768x502.jpg 768w\" sizes=\"(max-width: 1300px) 100vw, 1300px\" \/>\t\t\t\t\t\t\t\t\t\t\t\t\t\t\t<\/div>\n\t\t\t\t<\/div>\n\t\t\t\t<div class=\"elementor-element elementor-element-f40ab1d elementor-widget elementor-widget-text-editor\" data-id=\"f40ab1d\" data-element_type=\"widget\" data-widget_type=\"text-editor.default\">\n\t\t\t\t<div class=\"elementor-widget-container\">\n\t\t\t\t\t\t\t\t\t<h3>Farmacia<\/h3>\t\t\t\t\t\t\t\t<\/div>\n\t\t\t\t<\/div>\n\t\t\t\t<div class=\"elementor-element elementor-element-e7ff4b6 elementor-widget elementor-widget-text-editor\" data-id=\"e7ff4b6\" data-element_type=\"widget\" data-widget_type=\"text-editor.default\">\n\t\t\t\t<div class=\"elementor-widget-container\">\n\t\t\t\t\t\t\t\t\t<p>Descubre c\u00f3mo nuestros <strong>productos de farmacia<\/strong>, impulsados por el amor de Cristo, han mejorado la salud y bienestar de nuestros beneficiarios. <strong>Conoce a los beneficiarios del mes a trav\u00e9s de nuestras im\u00e1genes<\/strong>.<\/p>\t\t\t\t\t\t\t\t<\/div>\n\t\t\t\t<\/div>\n\t\t\t\t<div class=\"elementor-element elementor-element-192b621 elementor-button-info elementor-align-center elementor-widget elementor-widget-button\" data-id=\"192b621\" data-element_type=\"widget\" data-widget_type=\"button.default\">\n\t\t\t\t<div class=\"elementor-widget-container\">\n\t\t\t\t\t\t\t\t\t<div class=\"elementor-button-wrapper\">\n\t\t\t\t\t<a class=\"elementor-button elementor-button-link elementor-size-sm\" href=\"https:\/\/misionintegralvida.org\/es\/beneficiarios-farmacia\/\">\n\t\t\t\t\t\t<span class=\"elementor-button-content-wrapper\">\n\t\t\t\t\t\t\t\t\t<span class=\"elementor-button-text\">Ver beneficiarios<\/span>\n\t\t\t\t\t<\/span>\n\t\t\t\t\t<\/a>\n\t\t\t\t<\/div>\n\t\t\t\t\t\t\t\t<\/div>\n\t\t\t\t<\/div>\n\t\t\t\t\t<\/div>\n\t\t<\/div>\n\t\t\t\t<div class=\"elementor-column elementor-col-33 elementor-top-column elementor-element elementor-element-c4ec087\" data-id=\"c4ec087\" data-element_type=\"column\">\n\t\t\t<div class=\"elementor-widget-wrap elementor-element-populated\">\n\t\t\t\t\t\t<div class=\"elementor-element elementor-element-eface66 elementor-widget elementor-widget-image\" data-id=\"eface66\" data-element_type=\"widget\" data-widget_type=\"image.default\">\n\t\t\t\t<div class=\"elementor-widget-container\">\n\t\t\t\t\t\t\t\t\t\t\t\t\t\t\t<img decoding=\"async\" width=\"1300\" height=\"850\" src=\"https:\/\/misionintegralvida.org\/es\/wp-content\/uploads\/2024\/08\/beneficiarios_clinica.jpg\" class=\"attachment-full size-full wp-image-22297\" alt=\"beneficiarios cl\u00ednica vida\" srcset=\"https:\/\/misionintegralvida.org\/es\/wp-content\/uploads\/2024\/08\/beneficiarios_clinica.jpg 1300w, https:\/\/misionintegralvida.org\/es\/wp-content\/uploads\/2024\/08\/beneficiarios_clinica-300x196.jpg 300w, https:\/\/misionintegralvida.org\/es\/wp-content\/uploads\/2024\/08\/beneficiarios_clinica-1024x670.jpg 1024w, https:\/\/misionintegralvida.org\/es\/wp-content\/uploads\/2024\/08\/beneficiarios_clinica-768x502.jpg 768w\" sizes=\"(max-width: 1300px) 100vw, 1300px\" \/>\t\t\t\t\t\t\t\t\t\t\t\t\t\t\t<\/div>\n\t\t\t\t<\/div>\n\t\t\t\t<div class=\"elementor-element elementor-element-b084393 elementor-widget elementor-widget-text-editor\" data-id=\"b084393\" data-element_type=\"widget\" data-widget_type=\"text-editor.default\">\n\t\t\t\t<div class=\"elementor-widget-container\">\n\t\t\t\t\t\t\t\t\t<h3>Cl\u00ednica M\u00e9dica y Laboratorio<\/h3>\t\t\t\t\t\t\t\t<\/div>\n\t\t\t\t<\/div>\n\t\t\t\t<div class=\"elementor-element elementor-element-ecb92d6 elementor-widget elementor-widget-text-editor\" data-id=\"ecb92d6\" data-element_type=\"widget\" data-widget_type=\"text-editor.default\">\n\t\t\t\t<div class=\"elementor-widget-container\">\n\t\t\t\t\t\t\t\t\t<p>Conoce c\u00f3mo nuestra <strong>cl\u00ednica y laboratorio<\/strong>, impulsados por el amor de Cristo, brindan atenci\u00f3n m\u00e9dica integral y diagn\u00f3stica. <strong>Descubre a los beneficiarios del mes a trav\u00e9s de nuestras im\u00e1genes<\/strong>.<\/p>\t\t\t\t\t\t\t\t<\/div>\n\t\t\t\t<\/div>\n\t\t\t\t<div class=\"elementor-element elementor-element-8ba41da elementor-button-info elementor-align-center elementor-widget elementor-widget-button\" data-id=\"8ba41da\" data-element_type=\"widget\" data-widget_type=\"button.default\">\n\t\t\t\t<div class=\"elementor-widget-container\">\n\t\t\t\t\t\t\t\t\t<div class=\"elementor-button-wrapper\">\n\t\t\t\t\t<a class=\"elementor-button elementor-button-link elementor-size-sm\" href=\"https:\/\/misionintegralvida.org\/es\/beneficiarios-clinica-y-laboratorio\/\">\n\t\t\t\t\t\t<span class=\"elementor-button-content-wrapper\">\n\t\t\t\t\t\t\t\t\t<span class=\"elementor-button-text\">Ver beneficiarios<\/span>\n\t\t\t\t\t<\/span>\n\t\t\t\t\t<\/a>\n\t\t\t\t<\/div>\n\t\t\t\t\t\t\t\t<\/div>\n\t\t\t\t<\/div>\n\t\t\t\t\t<\/div>\n\t\t<\/div>\n\t\t\t\t<div class=\"elementor-column elementor-col-33 elementor-top-column elementor-element elementor-element-abfd639\" data-id=\"abfd639\" data-element_type=\"column\">\n\t\t\t<div class=\"elementor-widget-wrap elementor-element-populated\">\n\t\t\t\t\t\t<div class=\"elementor-element elementor-element-8508894 elementor-widget elementor-widget-image\" data-id=\"8508894\" data-element_type=\"widget\" data-widget_type=\"image.default\">\n\t\t\t\t<div class=\"elementor-widget-container\">\n\t\t\t\t\t\t\t\t\t\t\t\t\t\t\t<img decoding=\"async\" width=\"1300\" height=\"850\" src=\"https:\/\/misionintegralvida.org\/es\/wp-content\/uploads\/2024\/08\/beneficiarios_agua.jpg\" class=\"attachment-full size-full wp-image-22296\" alt=\"beneficiarios agua pura salud y vida\" srcset=\"https:\/\/misionintegralvida.org\/es\/wp-content\/uploads\/2024\/08\/beneficiarios_agua.jpg 1300w, https:\/\/misionintegralvida.org\/es\/wp-content\/uploads\/2024\/08\/beneficiarios_agua-300x196.jpg 300w, https:\/\/misionintegralvida.org\/es\/wp-content\/uploads\/2024\/08\/beneficiarios_agua-1024x670.jpg 1024w, https:\/\/misionintegralvida.org\/es\/wp-content\/uploads\/2024\/08\/beneficiarios_agua-768x502.jpg 768w\" sizes=\"(max-width: 1300px) 100vw, 1300px\" \/>\t\t\t\t\t\t\t\t\t\t\t\t\t\t\t<\/div>\n\t\t\t\t<\/div>\n\t\t\t\t<div class=\"elementor-element elementor-element-a61d491 elementor-widget elementor-widget-text-editor\" data-id=\"a61d491\" data-element_type=\"widget\" data-widget_type=\"text-editor.default\">\n\t\t\t\t<div class=\"elementor-widget-container\">\n\t\t\t\t\t\t\t\t\t<h3 style=\"background-color: #ffffff;\">Agua pura<\/h3>\t\t\t\t\t\t\t\t<\/div>\n\t\t\t\t<\/div>\n\t\t\t\t<div class=\"elementor-element elementor-element-bc2c953 elementor-widget elementor-widget-text-editor\" data-id=\"bc2c953\" data-element_type=\"widget\" data-widget_type=\"text-editor.default\">\n\t\t\t\t<div class=\"elementor-widget-container\">\n\t\t\t\t\t\t\t\t\t<p>Explora c\u00f3mo <strong>Agua Salud y Vida<\/strong>, guiado por el amor de Cristo, proporciona acceso a agua segura, mejorando la salud y la calidad de vida de la comunidad. <strong>Conoce a los beneficiarios del mes a trav\u00e9s de nuestras im\u00e1genes<\/strong>.<\/p>\t\t\t\t\t\t\t\t<\/div>\n\t\t\t\t<\/div>\n\t\t\t\t<div class=\"elementor-element elementor-element-e24f75f elementor-button-info elementor-align-center elementor-widget elementor-widget-button\" data-id=\"e24f75f\" data-element_type=\"widget\" data-widget_type=\"button.default\">\n\t\t\t\t<div class=\"elementor-widget-container\">\n\t\t\t\t\t\t\t\t\t<div class=\"elementor-button-wrapper\">\n\t\t\t\t\t<a class=\"elementor-button elementor-button-link elementor-size-sm\" href=\"https:\/\/misionintegralvida.org\/es\/beneficiarios-agua-pura-salud-y-vida\/\">\n\t\t\t\t\t\t<span class=\"elementor-button-content-wrapper\">\n\t\t\t\t\t\t\t\t\t<span class=\"elementor-button-text\">Ver beneficiarios<\/span>\n\t\t\t\t\t<\/span>\n\t\t\t\t\t<\/a>\n\t\t\t\t<\/div>\n\t\t\t\t\t\t\t\t<\/div>\n\t\t\t\t<\/div>\n\t\t\t\t\t<\/div>\n\t\t<\/div>\n\t\t\t\t\t<\/div>\n\t\t<\/section>\n\t\t\t\t<section class=\"elementor-section elementor-top-section elementor-element elementor-element-e021c9e elementor-section-boxed elementor-section-height-default elementor-section-height-default edgtf-elementor-container-no edgtf-section edgtf-parallax-section-holder-touch-disabled edgtf-parallax-section-no\" data-id=\"e021c9e\" data-element_type=\"section\">\n\t\t\t\t\t\t<div class=\"elementor-container elementor-column-gap-default\">\n\t\t\t\t\t<div class=\"elementor-column elementor-col-100 elementor-top-column elementor-element elementor-element-d4028b5\" data-id=\"d4028b5\" data-element_type=\"column\">\n\t\t\t<div class=\"elementor-widget-wrap elementor-element-populated\">\n\t\t\t\t\t\t<div class=\"elementor-element elementor-element-5bd3756 elementor-widget elementor-widget-text-editor\" data-id=\"5bd3756\" data-element_type=\"widget\" data-widget_type=\"text-editor.default\">\n\t\t\t\t<div class=\"elementor-widget-container\">\n\t\t\t\t\t\t\t\t\t<p style=\"font-size: 16px; text-align: center;\"><strong>\u00a1Te invitamos a apoyar esta causa transformadora con un donativo haciendo clic en el bot\u00f3n de donar!<\/strong><\/p>\t\t\t\t\t\t\t\t<\/div>\n\t\t\t\t<\/div>\n\t\t\t\t<div class=\"elementor-element elementor-element-3b712c9 elementor-widget elementor-widget-html\" data-id=\"3b712c9\" data-element_type=\"widget\" data-widget_type=\"html.default\">\n\t\t\t\t<div class=\"elementor-widget-container\">\n\t\t\t\t\t<div class=\"su-row\">\n\n<div class=\"su-column su-column-size-1-2\"><div class=\"su-column-inner su-u-clearfix su-u-trim\">\n\n<div class=\"su-button-center\"><a href=\"https:\/\/misionintegralvida.org\/Donation\/Donation.aspx?lang=es\" class=\"su-button su-button-style-default\" style=\"color:#FFFFFF;background-color:#2D89EF;border-color:#246ec0;border-radius:11px\" target=\"_self\"><span style=\"color:#FFFFFF;padding:9px 28px;font-size:21px;line-height:32px;border-color:#6cadf4;border-radius:11px;text-shadow:none\"><i class=\"sui sui-money\" style=\"font-size:21px;color:#FFFFFF\"><\/i> Donar a la causa<\/span><\/a><\/div>\n\n<\/div><\/div>\n\n<div class=\"su-column su-column-size-1-2\"><div class=\"su-column-inner su-u-clearfix su-u-trim\">\n\n<div class=\"su-button-center\"><a href=\"https:\/\/misionintegralvida.org\/es\/us-donation\/\" class=\"su-button su-button-style-default\" style=\"color:#FFFFFF;background-color:#2D89EF;border-color:#246ec0;border-radius:11px\" target=\"_self\"><span style=\"color:#FFFFFF;padding:9px 28px;font-size:21px;line-height:32px;border-color:#6cadf4;border-radius:11px;text-shadow:none\"><i class=\"sui sui-money\" style=\"font-size:21px;color:#FFFFFF\"><\/i> US Donation<\/span><\/a><\/div>\n\n<\/div><\/div>\n\n<\/div>\t\t\t\t<\/div>\n\t\t\t\t<\/div>\n\t\t\t\t\t<\/div>\n\t\t<\/div>\n\t\t\t\t\t<\/div>\n\t\t<\/section>\n\t\t\t\t<\/div>\n\t\t","protected":false},"excerpt":{"rendered":"<p>Asociaci\u00f3n Vida, Transformando vidas en el Nombre de Jes\u00fas En Asociaci\u00f3n Vida, nuestra misi\u00f3n trasciende la ayuda material; nos dedicamos a llevar el evangelio de Jesucristo y a mostrar su amor incondicional a trav\u00e9s de cada servicio que brindamos. Gracias al apoyo invaluable de nuestros socios internacionales, podemos ofrecer asistencia en \u00e1reas esenciales como agua&#8230;<\/p>\n","protected":false},"author":1,"featured_media":0,"parent":0,"menu_order":0,"comment_status":"closed","ping_status":"closed","template":"","meta":{"footnotes":""},"class_list":["post-22291","page","type-page","status-publish","hentry"],"yoast_head":"<!-- This site is optimized with the Yoast SEO plugin v24.6 - https:\/\/yoast.com\/wordpress\/plugins\/seo\/ -->\r\n<title>Asociaci\u00f3n Vida ayudando a la comunidad - Asociaci\u00f3n Vida Patz\u00fan<\/title>\r\n<meta name=\"description\" content=\"En Asociaci\u00f3n Vida, transformamos vidas con amor cristiano, ofreciendo agua purificada, farmacia y atenci\u00f3n cl\u00ednica. Ver im\u00e1genes de beneficiarios\" \/>\r\n<meta name=\"robots\" content=\"index, follow, max-snippet:-1, max-image-preview:large, max-video-preview:-1\" \/>\r\n<link rel=\"canonical\" href=\"https:\/\/misionintegralvida.org\/es\/asociacion-vida-ayudando-a-la-comunidad\/\" \/>\r\n<meta property=\"og:locale\" content=\"es_ES\" \/>\r\n<meta property=\"og:type\" content=\"article\" \/>\r\n<meta property=\"og:title\" content=\"Asociaci\u00f3n Vida ayudando a la comunidad - Asociaci\u00f3n Vida Patz\u00fan\" \/>\r\n<meta property=\"og:description\" content=\"En Asociaci\u00f3n Vida, transformamos vidas con amor cristiano, ofreciendo agua purificada, farmacia y atenci\u00f3n cl\u00ednica. Ver im\u00e1genes de beneficiarios\" \/>\r\n<meta property=\"og:url\" content=\"https:\/\/misionintegralvida.org\/es\/asociacion-vida-ayudando-a-la-comunidad\/\" \/>\r\n<meta property=\"og:site_name\" content=\"Asociaci\u00f3n Vida Patz\u00fan\" \/>\r\n<meta property=\"article:modified_time\" content=\"2024-08-07T16:09:15+00:00\" \/>\r\n<meta property=\"og:image\" content=\"https:\/\/misionintegralvida.org\/es\/wp-content\/uploads\/2024\/08\/beneficiarios_farmacia.jpg\" \/>\r\n<meta name=\"twitter:card\" content=\"summary_large_image\" \/>\r\n<meta name=\"twitter:label1\" content=\"Tiempo de lectura\" \/>\n\t<meta name=\"twitter:data1\" content=\"2 minutos\" \/>\r\n<script type=\"application\/ld+json\" class=\"yoast-schema-graph\">{\"@context\":\"https:\/\/schema.org\",\"@graph\":[{\"@type\":\"WebPage\",\"@id\":\"https:\/\/misionintegralvida.org\/es\/asociacion-vida-ayudando-a-la-comunidad\/\",\"url\":\"https:\/\/misionintegralvida.org\/es\/asociacion-vida-ayudando-a-la-comunidad\/\",\"name\":\"Asociaci\u00f3n Vida ayudando a la comunidad - Asociaci\u00f3n Vida Patz\u00fan\",\"isPartOf\":{\"@id\":\"https:\/\/misionintegralvida.org\/es\/#website\"},\"primaryImageOfPage\":{\"@id\":\"https:\/\/misionintegralvida.org\/es\/asociacion-vida-ayudando-a-la-comunidad\/#primaryimage\"},\"image\":{\"@id\":\"https:\/\/misionintegralvida.org\/es\/asociacion-vida-ayudando-a-la-comunidad\/#primaryimage\"},\"thumbnailUrl\":\"https:\/\/misionintegralvida.org\/es\/wp-content\/uploads\/2024\/08\/beneficiarios_farmacia.jpg\",\"datePublished\":\"2024-08-04T02:54:28+00:00\",\"dateModified\":\"2024-08-07T16:09:15+00:00\",\"description\":\"En Asociaci\u00f3n Vida, transformamos vidas con amor cristiano, ofreciendo agua purificada, farmacia y atenci\u00f3n cl\u00ednica. Ver im\u00e1genes de beneficiarios\",\"breadcrumb\":{\"@id\":\"https:\/\/misionintegralvida.org\/es\/asociacion-vida-ayudando-a-la-comunidad\/#breadcrumb\"},\"inLanguage\":\"es\",\"potentialAction\":[{\"@type\":\"ReadAction\",\"target\":[\"https:\/\/misionintegralvida.org\/es\/asociacion-vida-ayudando-a-la-comunidad\/\"]}]},{\"@type\":\"ImageObject\",\"inLanguage\":\"es\",\"@id\":\"https:\/\/misionintegralvida.org\/es\/asociacion-vida-ayudando-a-la-comunidad\/#primaryimage\",\"url\":\"https:\/\/misionintegralvida.org\/es\/wp-content\/uploads\/2024\/08\/beneficiarios_farmacia.jpg\",\"contentUrl\":\"https:\/\/misionintegralvida.org\/es\/wp-content\/uploads\/2024\/08\/beneficiarios_farmacia.jpg\",\"width\":1300,\"height\":850,\"caption\":\"Farmacia Vida\"},{\"@type\":\"BreadcrumbList\",\"@id\":\"https:\/\/misionintegralvida.org\/es\/asociacion-vida-ayudando-a-la-comunidad\/#breadcrumb\",\"itemListElement\":[{\"@type\":\"ListItem\",\"position\":1,\"name\":\"Portada\",\"item\":\"https:\/\/misionintegralvida.org\/es\/\"},{\"@type\":\"ListItem\",\"position\":2,\"name\":\"Asociaci\u00f3n Vida ayudando a la comunidad\"}]},{\"@type\":\"WebSite\",\"@id\":\"https:\/\/misionintegralvida.org\/es\/#website\",\"url\":\"https:\/\/misionintegralvida.org\/es\/\",\"name\":\"Asociaci\u00f3n Vida Patz\u00fan\",\"description\":\"Creando Soluciones Transformado Vidas en el nombre de Jes\u00fas\",\"publisher\":{\"@id\":\"https:\/\/misionintegralvida.org\/es\/#organization\"},\"potentialAction\":[{\"@type\":\"SearchAction\",\"target\":{\"@type\":\"EntryPoint\",\"urlTemplate\":\"https:\/\/misionintegralvida.org\/es\/?s={search_term_string}\"},\"query-input\":{\"@type\":\"PropertyValueSpecification\",\"valueRequired\":true,\"valueName\":\"search_term_string\"}}],\"inLanguage\":\"es\"},{\"@type\":\"Organization\",\"@id\":\"https:\/\/misionintegralvida.org\/es\/#organization\",\"name\":\"Asociaci\u00f3n Vida Patz\u00fan\",\"url\":\"https:\/\/misionintegralvida.org\/es\/\",\"logo\":{\"@type\":\"ImageObject\",\"inLanguage\":\"es\",\"@id\":\"https:\/\/misionintegralvida.org\/es\/#\/schema\/logo\/image\/\",\"url\":\"https:\/\/misionintegralvida.org\/es\/wp-content\/uploads\/2021\/07\/logo_asoc-01.png\",\"contentUrl\":\"https:\/\/misionintegralvida.org\/es\/wp-content\/uploads\/2021\/07\/logo_asoc-01.png\",\"width\":275,\"height\":50,\"caption\":\"Asociaci\u00f3n Vida Patz\u00fan\"},\"image\":{\"@id\":\"https:\/\/misionintegralvida.org\/es\/#\/schema\/logo\/image\/\"}}]}<\/script>\r\n<!-- \/ Yoast SEO plugin. -->","yoast_head_json":{"title":"Asociaci\u00f3n Vida ayudando a la comunidad - Asociaci\u00f3n Vida Patz\u00fan","description":"En Asociaci\u00f3n Vida, transformamos vidas con amor cristiano, ofreciendo agua purificada, farmacia y atenci\u00f3n cl\u00ednica. Ver im\u00e1genes de beneficiarios","robots":{"index":"index","follow":"follow","max-snippet":"max-snippet:-1","max-image-preview":"max-image-preview:large","max-video-preview":"max-video-preview:-1"},"canonical":"https:\/\/misionintegralvida.org\/es\/asociacion-vida-ayudando-a-la-comunidad\/","og_locale":"es_ES","og_type":"article","og_title":"Asociaci\u00f3n Vida ayudando a la comunidad - Asociaci\u00f3n Vida Patz\u00fan","og_description":"En Asociaci\u00f3n Vida, transformamos vidas con amor cristiano, ofreciendo agua purificada, farmacia y atenci\u00f3n cl\u00ednica. Ver im\u00e1genes de beneficiarios","og_url":"https:\/\/misionintegralvida.org\/es\/asociacion-vida-ayudando-a-la-comunidad\/","og_site_name":"Asociaci\u00f3n Vida Patz\u00fan","article_modified_time":"2024-08-07T16:09:15+00:00","og_image":[{"url":"https:\/\/misionintegralvida.org\/es\/wp-content\/uploads\/2024\/08\/beneficiarios_farmacia.jpg","type":"","width":"","height":""}],"twitter_card":"summary_large_image","twitter_misc":{"Tiempo de lectura":"2 minutos"},"schema":{"@context":"https:\/\/schema.org","@graph":[{"@type":"WebPage","@id":"https:\/\/misionintegralvida.org\/es\/asociacion-vida-ayudando-a-la-comunidad\/","url":"https:\/\/misionintegralvida.org\/es\/asociacion-vida-ayudando-a-la-comunidad\/","name":"Asociaci\u00f3n Vida ayudando a la comunidad - Asociaci\u00f3n Vida Patz\u00fan","isPartOf":{"@id":"https:\/\/misionintegralvida.org\/es\/#website"},"primaryImageOfPage":{"@id":"https:\/\/misionintegralvida.org\/es\/asociacion-vida-ayudando-a-la-comunidad\/#primaryimage"},"image":{"@id":"https:\/\/misionintegralvida.org\/es\/asociacion-vida-ayudando-a-la-comunidad\/#primaryimage"},"thumbnailUrl":"https:\/\/misionintegralvida.org\/es\/wp-content\/uploads\/2024\/08\/beneficiarios_farmacia.jpg","datePublished":"2024-08-04T02:54:28+00:00","dateModified":"2024-08-07T16:09:15+00:00","description":"En Asociaci\u00f3n Vida, transformamos vidas con amor cristiano, ofreciendo agua purificada, farmacia y atenci\u00f3n cl\u00ednica. Ver im\u00e1genes de beneficiarios","breadcrumb":{"@id":"https:\/\/misionintegralvida.org\/es\/asociacion-vida-ayudando-a-la-comunidad\/#breadcrumb"},"inLanguage":"es","potentialAction":[{"@type":"ReadAction","target":["https:\/\/misionintegralvida.org\/es\/asociacion-vida-ayudando-a-la-comunidad\/"]}]},{"@type":"ImageObject","inLanguage":"es","@id":"https:\/\/misionintegralvida.org\/es\/asociacion-vida-ayudando-a-la-comunidad\/#primaryimage","url":"https:\/\/misionintegralvida.org\/es\/wp-content\/uploads\/2024\/08\/beneficiarios_farmacia.jpg","contentUrl":"https:\/\/misionintegralvida.org\/es\/wp-content\/uploads\/2024\/08\/beneficiarios_farmacia.jpg","width":1300,"height":850,"caption":"Farmacia Vida"},{"@type":"BreadcrumbList","@id":"https:\/\/misionintegralvida.org\/es\/asociacion-vida-ayudando-a-la-comunidad\/#breadcrumb","itemListElement":[{"@type":"ListItem","position":1,"name":"Portada","item":"https:\/\/misionintegralvida.org\/es\/"},{"@type":"ListItem","position":2,"name":"Asociaci\u00f3n Vida ayudando a la comunidad"}]},{"@type":"WebSite","@id":"https:\/\/misionintegralvida.org\/es\/#website","url":"https:\/\/misionintegralvida.org\/es\/","name":"Asociaci\u00f3n Vida Patz\u00fan","description":"Creando Soluciones Transformado Vidas en el nombre de Jes\u00fas","publisher":{"@id":"https:\/\/misionintegralvida.org\/es\/#organization"},"potentialAction":[{"@type":"SearchAction","target":{"@type":"EntryPoint","urlTemplate":"https:\/\/misionintegralvida.org\/es\/?s={search_term_string}"},"query-input":{"@type":"PropertyValueSpecification","valueRequired":true,"valueName":"search_term_string"}}],"inLanguage":"es"},{"@type":"Organization","@id":"https:\/\/misionintegralvida.org\/es\/#organization","name":"Asociaci\u00f3n Vida Patz\u00fan","url":"https:\/\/misionintegralvida.org\/es\/","logo":{"@type":"ImageObject","inLanguage":"es","@id":"https:\/\/misionintegralvida.org\/es\/#\/schema\/logo\/image\/","url":"https:\/\/misionintegralvida.org\/es\/wp-content\/uploads\/2021\/07\/logo_asoc-01.png","contentUrl":"https:\/\/misionintegralvida.org\/es\/wp-content\/uploads\/2021\/07\/logo_asoc-01.png","width":275,"height":50,"caption":"Asociaci\u00f3n Vida Patz\u00fan"},"image":{"@id":"https:\/\/misionintegralvida.org\/es\/#\/schema\/logo\/image\/"}}]}},"_links":{"self":[{"href":"https:\/\/misionintegralvida.org\/es\/wp-json\/wp\/v2\/pages\/22291","targetHints":{"allow":["GET"]}}],"collection":[{"href":"https:\/\/misionintegralvida.org\/es\/wp-json\/wp\/v2\/pages"}],"about":[{"href":"https:\/\/misionintegralvida.org\/es\/wp-json\/wp\/v2\/types\/page"}],"author":[{"embeddable":true,"href":"https:\/\/misionintegralvida.org\/es\/wp-json\/wp\/v2\/users\/1"}],"replies":[{"embeddable":true,"href":"https:\/\/misionintegralvida.org\/es\/wp-json\/wp\/v2\/comments?post=22291"}],"version-history":[{"count":48,"href":"https:\/\/misionintegralvida.org\/es\/wp-json\/wp\/v2\/pages\/22291\/revisions"}],"predecessor-version":[{"id":22450,"href":"https:\/\/misionintegralvida.org\/es\/wp-json\/wp\/v2\/pages\/22291\/revisions\/22450"}],"wp:attachment":[{"href":"https:\/\/misionintegralvida.org\/es\/wp-json\/wp\/v2\/media?parent=22291"}],"curies":[{"name":"wp","href":"https:\/\/api.w.org\/{rel}","templated":true}]}}