{"id":21531,"date":"2022-11-15T10:34:49","date_gmt":"2022-11-15T16:34:49","guid":{"rendered":"https:\/\/misionintegralvida.org\/es\/?page_id=21531"},"modified":"2022-11-15T10:36:04","modified_gmt":"2022-11-15T16:36:04","slug":"comadronas-asociacion-vida","status":"publish","type":"page","link":"https:\/\/misionintegralvida.org\/es\/comadronas-asociacion-vida\/","title":{"rendered":"Comadronas"},"content":{"rendered":"<p>La partera cumple uno de los roles m\u00e1s importantes durante el embarazo y la concepci\u00f3n. En las zonas m\u00e1s remotas de Chimaltenango, a estas parteras tambi\u00e9n se les llama comadronas.<\/p>\n<p>Ellas son esenciales para la buena salud materna y prenatal, especialmente all\u00ed donde los centros de salud escasean y los m\u00e9dicos no abundan.<br \/>\nGuatemala tiene la mayor tasa de mortalidad materna de Latinoam\u00e9rica, 115 fallecimientos por cada 100.000 nacimientos, mientras que el promedio regional es de 87.<\/p>\n<p>Esto se debe a niveles extremadamente bajos de atenci\u00f3n prenatal y altas tasas de partos informales, en especial en las \u00e1reas rurales.\u00a0 Alrededor de tres cuartas partes de la mortalidad materna se da entre mujeres j\u00f3venes de ascendencia ind\u00edgena.<\/p>\n<div id=\"attachment_21205\" style=\"width: 1034px\" class=\"wp-caption aligncenter\"><img fetchpriority=\"high\" decoding=\"async\" aria-describedby=\"caption-attachment-21205\" class=\"wp-image-21205 size-large\" src=\"https:\/\/misionintegralvida.org\/es\/wp-content\/uploads\/2021\/09\/post-comadronas-01-1024x670.jpg\" alt=\"comadronas\" width=\"1024\" height=\"670\" srcset=\"https:\/\/misionintegralvida.org\/es\/wp-content\/uploads\/2021\/09\/post-comadronas-01-1024x670.jpg 1024w, https:\/\/misionintegralvida.org\/es\/wp-content\/uploads\/2021\/09\/post-comadronas-01-600x392.jpg 600w, https:\/\/misionintegralvida.org\/es\/wp-content\/uploads\/2021\/09\/post-comadronas-01-300x196.jpg 300w, https:\/\/misionintegralvida.org\/es\/wp-content\/uploads\/2021\/09\/post-comadronas-01-768x502.jpg 768w, https:\/\/misionintegralvida.org\/es\/wp-content\/uploads\/2021\/09\/post-comadronas-01.jpg 1300w\" sizes=\"(max-width: 1024px) 100vw, 1024px\" \/><p id=\"caption-attachment-21205\" class=\"wp-caption-text\">Comadronas &#8211; Asociaci\u00f3n Vida Patz\u00fan<\/p><\/div>\n<p>De acuerdo al Banco Mundial, esto ocurre principalmente porque muchas familias ind\u00edgenas carecen de recursos para costearse la atenci\u00f3n en el sector formal de la salud \u2013 el estudio Latinoam\u00e9rica Ind\u00edgena en el Siglo XXI se\u00f1ala que un ind\u00edgena en el pa\u00eds gana alrededor de 6% menos que los no ind\u00edgenas- y porque debido a la discriminaci\u00f3n, a las barreras idiom\u00e1ticas y al aislamiento geogr\u00e1fico, tienden a preferir servicios de salud reconocidos por las futuras mam\u00e1s como tradicionales, y tal es el caso de las comadronas.<\/p>\n<p><strong>Asociaci\u00f3n Vida<\/strong>, realiza talleres de capacitaci\u00f3n para el liderazgo para la incidencia pol\u00edtica, con apoyo de los m\u00e9dicos de la cl\u00ednica se provee orientaci\u00f3n para la atenci\u00f3n de partos, los casos complicados son referidos a nuestras cl\u00ednicas con apoyo de diagn\u00f3sticos de laboratorio y ultrasonido. Cada a\u00f1o tenemos tres encuentros de liderazgo donde incluyen a COCODES, Pastores, Promotores de Salud para poder so\u00f1ar juntos para el desarrollo integral de las comunidades.<\/p>\n<div class=\"su-row\">\n<div class=\"su-column su-column-size-1-2\"><div class=\"su-column-inner su-u-clearfix su-u-trim\">\n<div class=\"su-button-center\"><a href=\"https:\/\/misionintegralvida.org\/Donation\/Donation.aspx?lang=es\" class=\"su-button su-button-style-default\" style=\"color:#FFFFFF;background-color:#2D89EF;border-color:#246ec0;border-radius:11px\" target=\"_self\"><span style=\"color:#FFFFFF;padding:9px 28px;font-size:21px;line-height:32px;border-color:#6cadf4;border-radius:11px;text-shadow:none\"><i class=\"sui sui-money\" style=\"font-size:21px;color:#FFFFFF\"><\/i> Donar a la causa<\/span><\/a><\/div>\n<\/div><\/div>\n<div class=\"su-column su-column-size-1-2\"><div class=\"su-column-inner su-u-clearfix su-u-trim\">\n<div class=\"su-button-center\"><a href=\"https:\/\/misionintegralvida.org\/es\/us-donation\/\" class=\"su-button su-button-style-default\" style=\"color:#FFFFFF;background-color:#2D89EF;border-color:#246ec0;border-radius:11px\" target=\"_self\"><span style=\"color:#FFFFFF;padding:9px 28px;font-size:21px;line-height:32px;border-color:#6cadf4;border-radius:11px;text-shadow:none\"><i class=\"sui sui-money\" style=\"font-size:21px;color:#FFFFFF\"><\/i> US Donation<\/span><\/a><\/div>\n<\/div><\/div>\n<\/div>\n<div class=\"su-box su-box-style-default\" id=\"\" style=\"border-color:#000000;border-radius:3px\"><div class=\"su-box-title\" style=\"background-color:#333333;color:#FFFFFF;border-top-left-radius:1px;border-top-right-radius:1px\">Mayor informaci\u00f3n<\/div><div class=\"su-box-content su-u-clearfix su-u-trim\" style=\"border-bottom-left-radius:1px;border-bottom-right-radius:1px\">\n<div class=\"su-list\" style=\"margin-left:0px\">\n<p><strong>Correo:<\/strong> informaci\u00f3n.vida@gmail.com<br \/>\n<strong>Tel\u00e9fonos:<\/strong> (502) 78398475<\/p>\n<\/div>\n<\/div><\/div>\n","protected":false},"excerpt":{"rendered":"<p>La partera cumple uno de los roles m\u00e1s importantes durante el embarazo y la concepci\u00f3n. En las zonas m\u00e1s remotas de Chimaltenango, a estas parteras tambi\u00e9n se les llama comadronas. Ellas son esenciales para la buena salud materna y prenatal, especialmente all\u00ed donde los centros de salud escasean y los m\u00e9dicos no abundan. Guatemala tiene&#8230;<\/p>\n","protected":false},"author":1,"featured_media":21205,"parent":0,"menu_order":0,"comment_status":"closed","ping_status":"closed","template":"","meta":{"footnotes":""},"class_list":["post-21531","page","type-page","status-publish","has-post-thumbnail","hentry"],"yoast_head":"<!-- This site is optimized with the Yoast SEO plugin v24.6 - https:\/\/yoast.com\/wordpress\/plugins\/seo\/ -->\r\n<title>Comadronas - Asociaci\u00f3n Vida Patz\u00fan<\/title>\r\n<meta name=\"description\" content=\"Asociaci\u00f3n Vida, realiza capacitaciones con apoyo de los m\u00e9dicos de la cl\u00ednica se provee orientaci\u00f3n para la atenci\u00f3n de partos. Ingresa aqu\u00ed.\" \/>\r\n<meta name=\"robots\" content=\"index, follow, max-snippet:-1, max-image-preview:large, max-video-preview:-1\" \/>\r\n<link rel=\"canonical\" href=\"https:\/\/misionintegralvida.org\/es\/comadronas-asociacion-vida\/\" \/>\r\n<meta property=\"og:locale\" content=\"es_ES\" \/>\r\n<meta property=\"og:type\" content=\"article\" \/>\r\n<meta property=\"og:title\" content=\"Comadronas - Asociaci\u00f3n Vida Patz\u00fan\" \/>\r\n<meta property=\"og:description\" content=\"Asociaci\u00f3n Vida, realiza capacitaciones con apoyo de los m\u00e9dicos de la cl\u00ednica se provee orientaci\u00f3n para la atenci\u00f3n de partos. Ingresa aqu\u00ed.\" \/>\r\n<meta property=\"og:url\" content=\"https:\/\/misionintegralvida.org\/es\/comadronas-asociacion-vida\/\" \/>\r\n<meta property=\"og:site_name\" content=\"Asociaci\u00f3n Vida Patz\u00fan\" \/>\r\n<meta property=\"article:modified_time\" content=\"2022-11-15T16:36:04+00:00\" \/>\r\n<meta property=\"og:image\" content=\"https:\/\/misionintegralvida.org\/es\/wp-content\/uploads\/2021\/09\/post-comadronas-01.jpg\" \/>\r\n\t<meta property=\"og:image:width\" content=\"1300\" \/>\r\n\t<meta property=\"og:image:height\" content=\"850\" \/>\r\n\t<meta property=\"og:image:type\" content=\"image\/jpeg\" \/>\r\n<meta name=\"twitter:card\" content=\"summary_large_image\" \/>\r\n<meta name=\"twitter:label1\" content=\"Tiempo de lectura\" \/>\n\t<meta name=\"twitter:data1\" content=\"2 minutos\" \/>\r\n<script type=\"application\/ld+json\" class=\"yoast-schema-graph\">{\"@context\":\"https:\/\/schema.org\",\"@graph\":[{\"@type\":\"WebPage\",\"@id\":\"https:\/\/misionintegralvida.org\/es\/comadronas-asociacion-vida\/\",\"url\":\"https:\/\/misionintegralvida.org\/es\/comadronas-asociacion-vida\/\",\"name\":\"Comadronas - Asociaci\u00f3n Vida Patz\u00fan\",\"isPartOf\":{\"@id\":\"https:\/\/misionintegralvida.org\/es\/#website\"},\"primaryImageOfPage\":{\"@id\":\"https:\/\/misionintegralvida.org\/es\/comadronas-asociacion-vida\/#primaryimage\"},\"image\":{\"@id\":\"https:\/\/misionintegralvida.org\/es\/comadronas-asociacion-vida\/#primaryimage\"},\"thumbnailUrl\":\"https:\/\/misionintegralvida.org\/es\/wp-content\/uploads\/2021\/09\/post-comadronas-01.jpg\",\"datePublished\":\"2022-11-15T16:34:49+00:00\",\"dateModified\":\"2022-11-15T16:36:04+00:00\",\"description\":\"Asociaci\u00f3n Vida, realiza capacitaciones con apoyo de los m\u00e9dicos de la cl\u00ednica se provee orientaci\u00f3n para la atenci\u00f3n de partos. Ingresa aqu\u00ed.\",\"breadcrumb\":{\"@id\":\"https:\/\/misionintegralvida.org\/es\/comadronas-asociacion-vida\/#breadcrumb\"},\"inLanguage\":\"es\",\"potentialAction\":[{\"@type\":\"ReadAction\",\"target\":[\"https:\/\/misionintegralvida.org\/es\/comadronas-asociacion-vida\/\"]}]},{\"@type\":\"ImageObject\",\"inLanguage\":\"es\",\"@id\":\"https:\/\/misionintegralvida.org\/es\/comadronas-asociacion-vida\/#primaryimage\",\"url\":\"https:\/\/misionintegralvida.org\/es\/wp-content\/uploads\/2021\/09\/post-comadronas-01.jpg\",\"contentUrl\":\"https:\/\/misionintegralvida.org\/es\/wp-content\/uploads\/2021\/09\/post-comadronas-01.jpg\",\"width\":1300,\"height\":850,\"caption\":\"comadronas\"},{\"@type\":\"BreadcrumbList\",\"@id\":\"https:\/\/misionintegralvida.org\/es\/comadronas-asociacion-vida\/#breadcrumb\",\"itemListElement\":[{\"@type\":\"ListItem\",\"position\":1,\"name\":\"Portada\",\"item\":\"https:\/\/misionintegralvida.org\/es\/\"},{\"@type\":\"ListItem\",\"position\":2,\"name\":\"Comadronas\"}]},{\"@type\":\"WebSite\",\"@id\":\"https:\/\/misionintegralvida.org\/es\/#website\",\"url\":\"https:\/\/misionintegralvida.org\/es\/\",\"name\":\"Asociaci\u00f3n Vida Patz\u00fan\",\"description\":\"Creando Soluciones Transformado Vidas en el nombre de Jes\u00fas\",\"publisher\":{\"@id\":\"https:\/\/misionintegralvida.org\/es\/#organization\"},\"potentialAction\":[{\"@type\":\"SearchAction\",\"target\":{\"@type\":\"EntryPoint\",\"urlTemplate\":\"https:\/\/misionintegralvida.org\/es\/?s={search_term_string}\"},\"query-input\":{\"@type\":\"PropertyValueSpecification\",\"valueRequired\":true,\"valueName\":\"search_term_string\"}}],\"inLanguage\":\"es\"},{\"@type\":\"Organization\",\"@id\":\"https:\/\/misionintegralvida.org\/es\/#organization\",\"name\":\"Asociaci\u00f3n Vida Patz\u00fan\",\"url\":\"https:\/\/misionintegralvida.org\/es\/\",\"logo\":{\"@type\":\"ImageObject\",\"inLanguage\":\"es\",\"@id\":\"https:\/\/misionintegralvida.org\/es\/#\/schema\/logo\/image\/\",\"url\":\"https:\/\/misionintegralvida.org\/es\/wp-content\/uploads\/2021\/07\/logo_asoc-01.png\",\"contentUrl\":\"https:\/\/misionintegralvida.org\/es\/wp-content\/uploads\/2021\/07\/logo_asoc-01.png\",\"width\":275,\"height\":50,\"caption\":\"Asociaci\u00f3n Vida Patz\u00fan\"},\"image\":{\"@id\":\"https:\/\/misionintegralvida.org\/es\/#\/schema\/logo\/image\/\"}}]}<\/script>\r\n<!-- \/ Yoast SEO plugin. -->","yoast_head_json":{"title":"Comadronas - Asociaci\u00f3n Vida Patz\u00fan","description":"Asociaci\u00f3n Vida, realiza capacitaciones con apoyo de los m\u00e9dicos de la cl\u00ednica se provee orientaci\u00f3n para la atenci\u00f3n de partos. Ingresa aqu\u00ed.","robots":{"index":"index","follow":"follow","max-snippet":"max-snippet:-1","max-image-preview":"max-image-preview:large","max-video-preview":"max-video-preview:-1"},"canonical":"https:\/\/misionintegralvida.org\/es\/comadronas-asociacion-vida\/","og_locale":"es_ES","og_type":"article","og_title":"Comadronas - Asociaci\u00f3n Vida Patz\u00fan","og_description":"Asociaci\u00f3n Vida, realiza capacitaciones con apoyo de los m\u00e9dicos de la cl\u00ednica se provee orientaci\u00f3n para la atenci\u00f3n de partos. Ingresa aqu\u00ed.","og_url":"https:\/\/misionintegralvida.org\/es\/comadronas-asociacion-vida\/","og_site_name":"Asociaci\u00f3n Vida Patz\u00fan","article_modified_time":"2022-11-15T16:36:04+00:00","og_image":[{"width":1300,"height":850,"url":"https:\/\/misionintegralvida.org\/es\/wp-content\/uploads\/2021\/09\/post-comadronas-01.jpg","type":"image\/jpeg"}],"twitter_card":"summary_large_image","twitter_misc":{"Tiempo de lectura":"2 minutos"},"schema":{"@context":"https:\/\/schema.org","@graph":[{"@type":"WebPage","@id":"https:\/\/misionintegralvida.org\/es\/comadronas-asociacion-vida\/","url":"https:\/\/misionintegralvida.org\/es\/comadronas-asociacion-vida\/","name":"Comadronas - Asociaci\u00f3n Vida Patz\u00fan","isPartOf":{"@id":"https:\/\/misionintegralvida.org\/es\/#website"},"primaryImageOfPage":{"@id":"https:\/\/misionintegralvida.org\/es\/comadronas-asociacion-vida\/#primaryimage"},"image":{"@id":"https:\/\/misionintegralvida.org\/es\/comadronas-asociacion-vida\/#primaryimage"},"thumbnailUrl":"https:\/\/misionintegralvida.org\/es\/wp-content\/uploads\/2021\/09\/post-comadronas-01.jpg","datePublished":"2022-11-15T16:34:49+00:00","dateModified":"2022-11-15T16:36:04+00:00","description":"Asociaci\u00f3n Vida, realiza capacitaciones con apoyo de los m\u00e9dicos de la cl\u00ednica se provee orientaci\u00f3n para la atenci\u00f3n de partos. Ingresa aqu\u00ed.","breadcrumb":{"@id":"https:\/\/misionintegralvida.org\/es\/comadronas-asociacion-vida\/#breadcrumb"},"inLanguage":"es","potentialAction":[{"@type":"ReadAction","target":["https:\/\/misionintegralvida.org\/es\/comadronas-asociacion-vida\/"]}]},{"@type":"ImageObject","inLanguage":"es","@id":"https:\/\/misionintegralvida.org\/es\/comadronas-asociacion-vida\/#primaryimage","url":"https:\/\/misionintegralvida.org\/es\/wp-content\/uploads\/2021\/09\/post-comadronas-01.jpg","contentUrl":"https:\/\/misionintegralvida.org\/es\/wp-content\/uploads\/2021\/09\/post-comadronas-01.jpg","width":1300,"height":850,"caption":"comadronas"},{"@type":"BreadcrumbList","@id":"https:\/\/misionintegralvida.org\/es\/comadronas-asociacion-vida\/#breadcrumb","itemListElement":[{"@type":"ListItem","position":1,"name":"Portada","item":"https:\/\/misionintegralvida.org\/es\/"},{"@type":"ListItem","position":2,"name":"Comadronas"}]},{"@type":"WebSite","@id":"https:\/\/misionintegralvida.org\/es\/#website","url":"https:\/\/misionintegralvida.org\/es\/","name":"Asociaci\u00f3n Vida Patz\u00fan","description":"Creando Soluciones Transformado Vidas en el nombre de Jes\u00fas","publisher":{"@id":"https:\/\/misionintegralvida.org\/es\/#organization"},"potentialAction":[{"@type":"SearchAction","target":{"@type":"EntryPoint","urlTemplate":"https:\/\/misionintegralvida.org\/es\/?s={search_term_string}"},"query-input":{"@type":"PropertyValueSpecification","valueRequired":true,"valueName":"search_term_string"}}],"inLanguage":"es"},{"@type":"Organization","@id":"https:\/\/misionintegralvida.org\/es\/#organization","name":"Asociaci\u00f3n Vida Patz\u00fan","url":"https:\/\/misionintegralvida.org\/es\/","logo":{"@type":"ImageObject","inLanguage":"es","@id":"https:\/\/misionintegralvida.org\/es\/#\/schema\/logo\/image\/","url":"https:\/\/misionintegralvida.org\/es\/wp-content\/uploads\/2021\/07\/logo_asoc-01.png","contentUrl":"https:\/\/misionintegralvida.org\/es\/wp-content\/uploads\/2021\/07\/logo_asoc-01.png","width":275,"height":50,"caption":"Asociaci\u00f3n Vida Patz\u00fan"},"image":{"@id":"https:\/\/misionintegralvida.org\/es\/#\/schema\/logo\/image\/"}}]}},"_links":{"self":[{"href":"https:\/\/misionintegralvida.org\/es\/wp-json\/wp\/v2\/pages\/21531","targetHints":{"allow":["GET"]}}],"collection":[{"href":"https:\/\/misionintegralvida.org\/es\/wp-json\/wp\/v2\/pages"}],"about":[{"href":"https:\/\/misionintegralvida.org\/es\/wp-json\/wp\/v2\/types\/page"}],"author":[{"embeddable":true,"href":"https:\/\/misionintegralvida.org\/es\/wp-json\/wp\/v2\/users\/1"}],"replies":[{"embeddable":true,"href":"https:\/\/misionintegralvida.org\/es\/wp-json\/wp\/v2\/comments?post=21531"}],"version-history":[{"count":2,"href":"https:\/\/misionintegralvida.org\/es\/wp-json\/wp\/v2\/pages\/21531\/revisions"}],"predecessor-version":[{"id":21537,"href":"https:\/\/misionintegralvida.org\/es\/wp-json\/wp\/v2\/pages\/21531\/revisions\/21537"}],"wp:featuredmedia":[{"embeddable":true,"href":"https:\/\/misionintegralvida.org\/es\/wp-json\/wp\/v2\/media\/21205"}],"wp:attachment":[{"href":"https:\/\/misionintegralvida.org\/es\/wp-json\/wp\/v2\/media?parent=21531"}],"curies":[{"name":"wp","href":"https:\/\/api.w.org\/{rel}","templated":true}]}}