{"id":8,"date":"2020-06-05T08:46:33","date_gmt":"2020-06-05T14:46:33","guid":{"rendered":"https:\/\/misionintegralvida.org\/es\/?page_id=8"},"modified":"2022-11-17T13:13:52","modified_gmt":"2022-11-17T19:13:52","slug":"about-us","status":"publish","type":"page","link":"https:\/\/misionintegralvida.org\/en\/about-us\/","title":{"rendered":"About us"},"content":{"rendered":"\t\t<div data-elementor-type=\"wp-page\" data-elementor-id=\"8\" class=\"elementor elementor-8\">\n\t\t\t\t\t\t<section class=\"elementor-section elementor-top-section elementor-element elementor-element-73129045 elementor-section-full_width elementor-section-content-middle elementor-section-height-default elementor-section-height-default edgtf-elementor-container-no edgtf-section edgtf-parallax-section-holder-touch-disabled edgtf-parallax-section-no\" data-id=\"73129045\" data-element_type=\"section\">\n\t\t\t\t\t\t<div class=\"elementor-container elementor-column-gap-no\">\n\t\t\t\t\t<div class=\"elementor-column elementor-col-100 elementor-top-column elementor-element elementor-element-6df4ccef\" data-id=\"6df4ccef\" data-element_type=\"column\">\n\t\t\t<div class=\"elementor-widget-wrap elementor-element-populated\">\n\t\t\t\t\t\t<div class=\"elementor-element elementor-element-1c95a4b elementor-widget elementor-widget-edgtf_title_with_number\" data-id=\"1c95a4b\" data-element_type=\"widget\" data-widget_type=\"edgtf_title_with_number.default\">\n\t\t\t\t<div class=\"elementor-widget-container\">\n\t\t\t\t\t<h3 class=\"edgtf-title-with-number\" >\n\t<span class=\"edgtf-twn-number\">01<\/span>History of Asociaci\u00f3n Vida<\/h3>\t\t\t\t<\/div>\n\t\t\t\t<\/div>\n\t\t\t\t<div class=\"elementor-element elementor-element-492d92ca elementor-widget elementor-widget-text-editor\" data-id=\"492d92ca\" data-element_type=\"widget\" data-widget_type=\"text-editor.default\">\n\t\t\t\t<div class=\"elementor-widget-container\">\n\t\t\t\t\t\t\t\t\t<p>Born in the bosom of the Evangelical University Group (GEU), there we learned that giving a bread to the hungry from the biblical point of view does not mean giving him a literal bread, but putting your profession at his service and attacking the causes of his poverty, and that was and is the purpose that gives life to the Association life,\u00a0 Axel and Lourdes (1996-1997), graduated as a doctor and dentist formed their family and decided to serve from Patzun, Chimaltenango, started their clinics, Axel also served in Ri Chumial a Christian development organization.<\/p>\t\t\t\t\t\t\t\t<\/div>\n\t\t\t\t<\/div>\n\t\t\t\t<div class=\"elementor-element elementor-element-2872ce1c elementor-widget elementor-widget-text-editor\" data-id=\"2872ce1c\" data-element_type=\"widget\" data-widget_type=\"text-editor.default\">\n\t\t\t\t<div class=\"elementor-widget-container\">\n\t\t\t\t\t\t\t\t\t<p><span style=\"color: #999999;\">In 1996 Dr. Apolos Landa, Regional Coordinator of the San Lucas Society, he knew about us by Angelit Guzm\u00e1n Ch\u00e1vez, she had met us a few years before when she gave some training workshops in integral mission since the letter of the apostle Paul to the Ephesians in the GEU, we started the Life at Home Association,\u00a0 then something bigger was rented and now grace to God it has its own headquarters from where we operate. GEU leaders such as Mr. Fredy Danilo Jim\u00e9nez who had been president of the board of directors of the student movement also received the call and has been serving since then on the board and general assembly of the Association, this has been a well-led establishment by him.<\/span><\/p>\t\t\t\t\t\t\t\t<\/div>\n\t\t\t\t<\/div>\n\t\t\t\t<div class=\"elementor-element elementor-element-42cf91a1 elementor-widget elementor-widget-text-editor\" data-id=\"42cf91a1\" data-element_type=\"widget\" data-widget_type=\"text-editor.default\">\n\t\t\t\t<div class=\"elementor-widget-container\">\n\t\t\t\t\t\t\t\t\t<p>During these years, only one thing has been important and that is that all levels of the ministry, honor their call, and seek to be faithful to the Lord, God for his part, has been in charge of training us, providing us and renewing our call, when the crises have come, we pray every day that it is his glory that moves us to continue healing the sick,\u00a0 empowering pastors and churches, leading community development leaders so that all together, we seek to be the salt and light that Jesus said in Matthew 5:13<\/p>\t\t\t\t\t\t\t\t<\/div>\n\t\t\t\t<\/div>\n\t\t\t\t<div class=\"elementor-element elementor-element-03677d6 elementor-widget elementor-widget-image\" data-id=\"03677d6\" data-element_type=\"widget\" data-widget_type=\"image.default\">\n\t\t\t\t<div class=\"elementor-widget-container\">\n\t\t\t\t\t\t\t\t\t\t\t\t\t\t\t<img fetchpriority=\"high\" decoding=\"async\" width=\"1024\" height=\"670\" src=\"https:\/\/misionintegralvida.org\/en\/wp-content\/uploads\/2022\/11\/quienes-somos-01-14-11-22-1024x670.jpg\" class=\"attachment-large size-large wp-image-21510\" alt=\"Asociaci\u00c3\u00b3n Vida Patz\u00c3\u00ban, Chimaltenango\" srcset=\"https:\/\/misionintegralvida.org\/en\/wp-content\/uploads\/2022\/11\/quienes-somos-01-14-11-22-1024x670.jpg 1024w, https:\/\/misionintegralvida.org\/en\/wp-content\/uploads\/2022\/11\/quienes-somos-01-14-11-22-300x196.jpg 300w, https:\/\/misionintegralvida.org\/en\/wp-content\/uploads\/2022\/11\/quienes-somos-01-14-11-22-768x502.jpg 768w, https:\/\/misionintegralvida.org\/en\/wp-content\/uploads\/2022\/11\/quienes-somos-01-14-11-22-600x392.jpg 600w, https:\/\/misionintegralvida.org\/en\/wp-content\/uploads\/2022\/11\/quienes-somos-01-14-11-22.jpg 1300w\" sizes=\"(max-width: 1024px) 100vw, 1024px\" \/>\t\t\t\t\t\t\t\t\t\t\t\t\t\t\t<\/div>\n\t\t\t\t<\/div>\n\t\t\t\t\t<\/div>\n\t\t<\/div>\n\t\t\t\t\t<\/div>\n\t\t<\/section>\n\t\t\t\t<section class=\"elementor-section elementor-top-section elementor-element elementor-element-7b3cefe4 edgtf-elementor-container-inner elementor-section-boxed elementor-section-height-default elementor-section-height-default edgtf-section edgtf-parallax-section-holder-touch-disabled edgtf-parallax-section-no\" data-id=\"7b3cefe4\" data-element_type=\"section\" data-settings=\"{&quot;background_background&quot;:&quot;classic&quot;}\">\n\t\t\t\t\t\t<div class=\"elementor-container elementor-column-gap-default\">\n\t\t\t\t\t<div class=\"elementor-column elementor-col-33 elementor-top-column elementor-element elementor-element-3b104e68\" data-id=\"3b104e68\" data-element_type=\"column\">\n\t\t\t<div class=\"elementor-widget-wrap elementor-element-populated\">\n\t\t\t\t\t\t<div class=\"elementor-element elementor-element-da92f7f elementor-widget elementor-widget-edgtf_title_with_number\" data-id=\"da92f7f\" data-element_type=\"widget\" data-widget_type=\"edgtf_title_with_number.default\">\n\t\t\t\t<div class=\"elementor-widget-container\">\n\t\t\t\t\t<h3 class=\"edgtf-title-with-number\" >\n\t<span class=\"edgtf-twn-number\">02<\/span>Mission<\/h3>\t\t\t\t<\/div>\n\t\t\t\t<\/div>\n\t\t\t\t<div class=\"elementor-element elementor-element-209308ca elementor-widget elementor-widget-text-editor\" data-id=\"209308ca\" data-element_type=\"widget\" data-widget_type=\"text-editor.default\">\n\t\t\t\t<div class=\"elementor-widget-container\">\n\t\t\t\t\t\t\t\t\t<p>Show the kingdom of God through our services, creating extraordinary things together.<\/p><p><strong> John 10:10 Isaiah. 58<\/strong><\/p>\t\t\t\t\t\t\t\t<\/div>\n\t\t\t\t<\/div>\n\t\t\t\t\t<\/div>\n\t\t<\/div>\n\t\t\t\t<div class=\"elementor-column elementor-col-33 elementor-top-column elementor-element elementor-element-3687bdf7\" data-id=\"3687bdf7\" data-element_type=\"column\">\n\t\t\t<div class=\"elementor-widget-wrap elementor-element-populated\">\n\t\t\t\t\t\t<div class=\"elementor-element elementor-element-65b2fbc elementor-widget elementor-widget-edgtf_title_with_number\" data-id=\"65b2fbc\" data-element_type=\"widget\" data-widget_type=\"edgtf_title_with_number.default\">\n\t\t\t\t<div class=\"elementor-widget-container\">\n\t\t\t\t\t<h3 class=\"edgtf-title-with-number\" >\n\t<span class=\"edgtf-twn-number\">03<\/span>Vision<\/h3>\t\t\t\t<\/div>\n\t\t\t\t<\/div>\n\t\t\t\t<div class=\"elementor-element elementor-element-341ee1e3 elementor-widget elementor-widget-text-editor\" data-id=\"341ee1e3\" data-element_type=\"widget\" data-widget_type=\"text-editor.default\">\n\t\t\t\t<div class=\"elementor-widget-container\">\n\t\t\t\t\t\t\t\t\t<p>To be an integrated, innovative organization, leader in the field and passionate about serving God and society.<\/p>\t\t\t\t\t\t\t\t<\/div>\n\t\t\t\t<\/div>\n\t\t\t\t\t<\/div>\n\t\t<\/div>\n\t\t\t\t<div class=\"elementor-column elementor-col-33 elementor-top-column elementor-element elementor-element-129d1936\" data-id=\"129d1936\" data-element_type=\"column\">\n\t\t\t<div class=\"elementor-widget-wrap elementor-element-populated\">\n\t\t\t\t\t\t<div class=\"elementor-element elementor-element-5c86a8a elementor-widget elementor-widget-edgtf_title_with_number\" data-id=\"5c86a8a\" data-element_type=\"widget\" data-widget_type=\"edgtf_title_with_number.default\">\n\t\t\t\t<div class=\"elementor-widget-container\">\n\t\t\t\t\t<h3 class=\"edgtf-title-with-number\" >\n\t<span class=\"edgtf-twn-number\">04<\/span>Fundation<\/h3>\t\t\t\t<\/div>\n\t\t\t\t<\/div>\n\t\t\t\t<div class=\"elementor-element elementor-element-72baef3b elementor-widget elementor-widget-text-editor\" data-id=\"72baef3b\" data-element_type=\"widget\" data-widget_type=\"text-editor.default\">\n\t\t\t\t<div class=\"elementor-widget-container\">\n\t\t\t\t\t\t\t\t\t<p><strong>Year:<\/strong> 1996<\/p><p><strong>Founders: <\/strong><span class=\"Y2IQFc\" lang=\"en\">Jesus Christ<\/span><\/p><ul><li><strong>Family:<\/strong> Suquen Rosales<\/li><li><strong>Family:<\/strong> Jimenes Guerra<\/li><li><strong>Family:<\/strong> Esther y David Claus<\/li><li><strong>Family:<\/strong> Al y Sue Field<\/li><\/ul>\t\t\t\t\t\t\t\t<\/div>\n\t\t\t\t<\/div>\n\t\t\t\t\t<\/div>\n\t\t<\/div>\n\t\t\t\t\t<\/div>\n\t\t<\/section>\n\t\t\t\t<\/div>\n\t\t","protected":false},"excerpt":{"rendered":"<p>01History of Asociaci\u00c3\u00b3n Vida Born in the bosom of the Evangelical University Group (GEU), there we learned that giving a bread to the hungry from the biblical point of view does not mean giving him a literal bread, but putting your profession at his service and attacking the causes of his poverty, and that was&#8230;<\/p>\n","protected":false},"author":1,"featured_media":0,"parent":0,"menu_order":0,"comment_status":"closed","ping_status":"closed","template":"","meta":{"footnotes":""},"class_list":["post-8","page","type-page","status-publish","hentry"],"yoast_head":"<!-- This site is optimized with the Yoast SEO plugin v24.6 - https:\/\/yoast.com\/wordpress\/plugins\/seo\/ -->\r\n<title>About us - Asociaci\u00f3n Vida Patz\u00fan<\/title>\r\n<meta name=\"description\" content=\"We are a Christian organization empowering community and church leadership with a vision of comprehensive development.\" \/>\r\n<meta name=\"robots\" content=\"index, follow, max-snippet:-1, max-image-preview:large, max-video-preview:-1\" \/>\r\n<link rel=\"canonical\" href=\"https:\/\/misionintegralvida.org\/en\/about-us\/\" \/>\r\n<meta property=\"og:locale\" content=\"en_US\" \/>\r\n<meta property=\"og:type\" content=\"article\" \/>\r\n<meta property=\"og:title\" content=\"About us - Asociaci\u00f3n Vida Patz\u00fan\" \/>\r\n<meta property=\"og:description\" content=\"We are a Christian organization empowering community and church leadership with a vision of comprehensive development.\" \/>\r\n<meta property=\"og:url\" content=\"https:\/\/misionintegralvida.org\/en\/about-us\/\" \/>\r\n<meta property=\"og:site_name\" content=\"Asociaci\u00f3n Vida Patz\u00fan\" \/>\r\n<meta property=\"article:publisher\" content=\"https:\/\/www.facebook.com\/AsociacionVida0\/\" \/>\r\n<meta property=\"article:modified_time\" content=\"2022-11-17T19:13:52+00:00\" \/>\r\n<meta property=\"og:image\" content=\"https:\/\/misionintegralvida.org\/en\/wp-content\/uploads\/2022\/11\/quienes-somos-01-14-11-22-1024x670.jpg\" \/>\r\n<meta name=\"twitter:card\" content=\"summary_large_image\" \/>\r\n<meta name=\"twitter:label1\" content=\"Est. reading time\" \/>\n\t<meta name=\"twitter:data1\" content=\"2 minutes\" \/>\r\n<script type=\"application\/ld+json\" class=\"yoast-schema-graph\">{\"@context\":\"https:\/\/schema.org\",\"@graph\":[{\"@type\":\"WebPage\",\"@id\":\"https:\/\/misionintegralvida.org\/en\/about-us\/\",\"url\":\"https:\/\/misionintegralvida.org\/en\/about-us\/\",\"name\":\"About us - Asociaci\u00f3n Vida Patz\u00fan\",\"isPartOf\":{\"@id\":\"https:\/\/misionintegralvida.org\/en\/#website\"},\"primaryImageOfPage\":{\"@id\":\"https:\/\/misionintegralvida.org\/en\/about-us\/#primaryimage\"},\"image\":{\"@id\":\"https:\/\/misionintegralvida.org\/en\/about-us\/#primaryimage\"},\"thumbnailUrl\":\"https:\/\/misionintegralvida.org\/en\/wp-content\/uploads\/2022\/11\/quienes-somos-01-14-11-22-1024x670.jpg\",\"datePublished\":\"2020-06-05T14:46:33+00:00\",\"dateModified\":\"2022-11-17T19:13:52+00:00\",\"description\":\"We are a Christian organization empowering community and church leadership with a vision of comprehensive development.\",\"breadcrumb\":{\"@id\":\"https:\/\/misionintegralvida.org\/en\/about-us\/#breadcrumb\"},\"inLanguage\":\"en-US\",\"potentialAction\":[{\"@type\":\"ReadAction\",\"target\":[\"https:\/\/misionintegralvida.org\/en\/about-us\/\"]}]},{\"@type\":\"ImageObject\",\"inLanguage\":\"en-US\",\"@id\":\"https:\/\/misionintegralvida.org\/en\/about-us\/#primaryimage\",\"url\":\"https:\/\/misionintegralvida.org\/en\/wp-content\/uploads\/2022\/11\/quienes-somos-01-14-11-22.jpg\",\"contentUrl\":\"https:\/\/misionintegralvida.org\/en\/wp-content\/uploads\/2022\/11\/quienes-somos-01-14-11-22.jpg\",\"width\":1300,\"height\":850,\"caption\":\"Asociaci\u00c3\u00b3n Vida Patz\u00c3\u00ban, Chimaltenango\"},{\"@type\":\"BreadcrumbList\",\"@id\":\"https:\/\/misionintegralvida.org\/en\/about-us\/#breadcrumb\",\"itemListElement\":[{\"@type\":\"ListItem\",\"position\":1,\"name\":\"Home\",\"item\":\"https:\/\/misionintegralvida.org\/en\/\"},{\"@type\":\"ListItem\",\"position\":2,\"name\":\"About us\"}]},{\"@type\":\"WebSite\",\"@id\":\"https:\/\/misionintegralvida.org\/en\/#website\",\"url\":\"https:\/\/misionintegralvida.org\/en\/\",\"name\":\"Asociaci\u00f3n Vida Patz\u00fan\",\"description\":\"Creando Soluciones Transformado Vidas en el nombre de Jes\u00fas\",\"potentialAction\":[{\"@type\":\"SearchAction\",\"target\":{\"@type\":\"EntryPoint\",\"urlTemplate\":\"https:\/\/misionintegralvida.org\/en\/?s={search_term_string}\"},\"query-input\":{\"@type\":\"PropertyValueSpecification\",\"valueRequired\":true,\"valueName\":\"search_term_string\"}}],\"inLanguage\":\"en-US\"}]}<\/script>\r\n<!-- \/ Yoast SEO plugin. -->","yoast_head_json":{"title":"About us - Asociaci\u00f3n Vida Patz\u00fan","description":"We are a Christian organization empowering community and church leadership with a vision of comprehensive development.","robots":{"index":"index","follow":"follow","max-snippet":"max-snippet:-1","max-image-preview":"max-image-preview:large","max-video-preview":"max-video-preview:-1"},"canonical":"https:\/\/misionintegralvida.org\/en\/about-us\/","og_locale":"en_US","og_type":"article","og_title":"About us - Asociaci\u00f3n Vida Patz\u00fan","og_description":"We are a Christian organization empowering community and church leadership with a vision of comprehensive development.","og_url":"https:\/\/misionintegralvida.org\/en\/about-us\/","og_site_name":"Asociaci\u00f3n Vida Patz\u00fan","article_publisher":"https:\/\/www.facebook.com\/AsociacionVida0\/","article_modified_time":"2022-11-17T19:13:52+00:00","og_image":[{"url":"https:\/\/misionintegralvida.org\/en\/wp-content\/uploads\/2022\/11\/quienes-somos-01-14-11-22-1024x670.jpg","type":"","width":"","height":""}],"twitter_card":"summary_large_image","twitter_misc":{"Est. reading time":"2 minutes"},"schema":{"@context":"https:\/\/schema.org","@graph":[{"@type":"WebPage","@id":"https:\/\/misionintegralvida.org\/en\/about-us\/","url":"https:\/\/misionintegralvida.org\/en\/about-us\/","name":"About us - Asociaci\u00f3n Vida Patz\u00fan","isPartOf":{"@id":"https:\/\/misionintegralvida.org\/en\/#website"},"primaryImageOfPage":{"@id":"https:\/\/misionintegralvida.org\/en\/about-us\/#primaryimage"},"image":{"@id":"https:\/\/misionintegralvida.org\/en\/about-us\/#primaryimage"},"thumbnailUrl":"https:\/\/misionintegralvida.org\/en\/wp-content\/uploads\/2022\/11\/quienes-somos-01-14-11-22-1024x670.jpg","datePublished":"2020-06-05T14:46:33+00:00","dateModified":"2022-11-17T19:13:52+00:00","description":"We are a Christian organization empowering community and church leadership with a vision of comprehensive development.","breadcrumb":{"@id":"https:\/\/misionintegralvida.org\/en\/about-us\/#breadcrumb"},"inLanguage":"en-US","potentialAction":[{"@type":"ReadAction","target":["https:\/\/misionintegralvida.org\/en\/about-us\/"]}]},{"@type":"ImageObject","inLanguage":"en-US","@id":"https:\/\/misionintegralvida.org\/en\/about-us\/#primaryimage","url":"https:\/\/misionintegralvida.org\/en\/wp-content\/uploads\/2022\/11\/quienes-somos-01-14-11-22.jpg","contentUrl":"https:\/\/misionintegralvida.org\/en\/wp-content\/uploads\/2022\/11\/quienes-somos-01-14-11-22.jpg","width":1300,"height":850,"caption":"Asociaci\u00c3\u00b3n Vida Patz\u00c3\u00ban, Chimaltenango"},{"@type":"BreadcrumbList","@id":"https:\/\/misionintegralvida.org\/en\/about-us\/#breadcrumb","itemListElement":[{"@type":"ListItem","position":1,"name":"Home","item":"https:\/\/misionintegralvida.org\/en\/"},{"@type":"ListItem","position":2,"name":"About us"}]},{"@type":"WebSite","@id":"https:\/\/misionintegralvida.org\/en\/#website","url":"https:\/\/misionintegralvida.org\/en\/","name":"Asociaci\u00f3n Vida Patz\u00fan","description":"Creando Soluciones Transformado Vidas en el nombre de Jes\u00fas","potentialAction":[{"@type":"SearchAction","target":{"@type":"EntryPoint","urlTemplate":"https:\/\/misionintegralvida.org\/en\/?s={search_term_string}"},"query-input":{"@type":"PropertyValueSpecification","valueRequired":true,"valueName":"search_term_string"}}],"inLanguage":"en-US"}]}},"_links":{"self":[{"href":"https:\/\/misionintegralvida.org\/en\/wp-json\/wp\/v2\/pages\/8","targetHints":{"allow":["GET"]}}],"collection":[{"href":"https:\/\/misionintegralvida.org\/en\/wp-json\/wp\/v2\/pages"}],"about":[{"href":"https:\/\/misionintegralvida.org\/en\/wp-json\/wp\/v2\/types\/page"}],"author":[{"embeddable":true,"href":"https:\/\/misionintegralvida.org\/en\/wp-json\/wp\/v2\/users\/1"}],"replies":[{"embeddable":true,"href":"https:\/\/misionintegralvida.org\/en\/wp-json\/wp\/v2\/comments?post=8"}],"version-history":[{"count":25,"href":"https:\/\/misionintegralvida.org\/en\/wp-json\/wp\/v2\/pages\/8\/revisions"}],"predecessor-version":[{"id":21519,"href":"https:\/\/misionintegralvida.org\/en\/wp-json\/wp\/v2\/pages\/8\/revisions\/21519"}],"wp:attachment":[{"href":"https:\/\/misionintegralvida.org\/en\/wp-json\/wp\/v2\/media?parent=8"}],"curies":[{"name":"wp","href":"https:\/\/api.w.org\/{rel}","templated":true}]}}