{"id":21577,"date":"2022-11-18T12:13:07","date_gmt":"2022-11-18T18:13:07","guid":{"rendered":"https:\/\/misionintegralvida.org\/en\/?page_id=21577"},"modified":"2022-11-18T12:25:24","modified_gmt":"2022-11-18T18:25:24","slug":"services-association-life","status":"publish","type":"page","link":"https:\/\/misionintegralvida.org\/en\/services-association-life\/","title":{"rendered":"Medical, laboratory and pharmacy services"},"content":{"rendered":"<h2>Medical clinic<\/h2>\n<h3>Our objetive:<\/h3>\n<p>Show the kingdom of God through our services, creating extraordinary things together. John 10.10 Isaiah. 58<\/p>\n<h3>Obtained result:<\/h3>\n<p>Improves the comprehensive quality of clinic services, increasing testimonials for health.<\/p>\n<h3>Stages of the current process:<\/h3>\n<ul>\n<li>Warm and fast attention to each patient.<\/li>\n<li>Practicing friendly prayer and evangelism<\/li>\n<li>Implement electrocardiogram, ultrasound and other services.<\/li>\n<li>Make alliances with churches and communities.<\/li>\n<\/ul>\n<div id=\"attachment_21506\" style=\"width: 1034px\" class=\"wp-caption aligncenter\"><img fetchpriority=\"high\" decoding=\"async\" aria-describedby=\"caption-attachment-21506\" class=\"wp-image-21506 size-large\" src=\"https:\/\/misionintegralvida.org\/en\/wp-content\/uploads\/2022\/11\/clinica-01-14-11-22-1024x670.jpg\" alt=\"Medical clinic - Asociacion Vida Patz\u00c3\u00ban\" width=\"1024\" height=\"670\" \/><p id=\"caption-attachment-21506\" class=\"wp-caption-text\">Medical clinic &#8211; Asociacion Vida Patz\u00c3\u00ban<\/p><\/div>\n<h2>Clinical laboratory<\/h2>\n<h3>Our objetive:<\/h3>\n<p>Show the kingdom of God through our services, creating extraordinary things together. John 10.10 Isaiah. 58<\/p>\n<h3>Obtained result:<\/h3>\n<p>Clinical laboratory services with greater coverage, innovation and reliable results.<\/p>\n<h3>Stages of the current process:<\/h3>\n<ul>\n<li>Loyalty to the alliance with doctors and clinics.<\/li>\n<li>Acquire new technology that allows greater systematization.<\/li>\n<li>Strengthen the quality management program.<\/li>\n<li>Expand our service horizon.<\/li>\n<\/ul>\n<div id=\"attachment_21507\" style=\"width: 1034px\" class=\"wp-caption aligncenter\"><img decoding=\"async\" aria-describedby=\"caption-attachment-21507\" class=\"wp-image-21507 size-large\" src=\"https:\/\/misionintegralvida.org\/en\/wp-content\/uploads\/2022\/11\/laboratorio-01-14-11-22-1024x670.jpg\" alt=\"Clinical laboratory - Asociaci\u00c3\u00b3n Vida Patz\u00c3\u00ban\" width=\"1024\" height=\"670\" srcset=\"https:\/\/misionintegralvida.org\/en\/wp-content\/uploads\/2022\/11\/laboratorio-01-14-11-22-1024x670.jpg 1024w, https:\/\/misionintegralvida.org\/en\/wp-content\/uploads\/2022\/11\/laboratorio-01-14-11-22-300x196.jpg 300w, https:\/\/misionintegralvida.org\/en\/wp-content\/uploads\/2022\/11\/laboratorio-01-14-11-22-768x502.jpg 768w, https:\/\/misionintegralvida.org\/en\/wp-content\/uploads\/2022\/11\/laboratorio-01-14-11-22-600x392.jpg 600w, https:\/\/misionintegralvida.org\/en\/wp-content\/uploads\/2022\/11\/laboratorio-01-14-11-22.jpg 1300w\" sizes=\"(max-width: 1024px) 100vw, 1024px\" \/><p id=\"caption-attachment-21507\" class=\"wp-caption-text\">Clinical laboratory &#8211; Asociaci\u00c3\u00b3n Vida Patz\u00c3\u00ban<\/p><\/div>\n<h2>Life pharmacy<\/h2>\n<h3>Our objetive:<\/h3>\n<p>Show the kingdom of God through our services, creating extraordinary things together. John 10.10 Isaiah. 58<\/p>\n<h3>Obtained result:<\/h3>\n<p>Pharmacy with a new image, competitive, reliable and constantly growing.<\/p>\n<h3>Stages of the current process:<\/h3>\n<ul>\n<li>Automate the sales system of all areas from the software and change the coding of new products and prices<\/li>\n<li>Creative and permanent advertising to pharmacy<\/li>\n<li>New marketing strategies.<\/li>\n<li>Redesign the nature and image of pharmacy.<\/li>\n<\/ul>\n<div id=\"attachment_21508\" style=\"width: 680px\" class=\"wp-caption aligncenter\"><img decoding=\"async\" aria-describedby=\"caption-attachment-21508\" class=\"wp-image-21508 size-large\" src=\"https:\/\/misionintegralvida.org\/en\/wp-content\/uploads\/2022\/11\/farmacia-01-14-11-22-670x1024.jpg\" alt=\"Life pharmacy - Asociaci\u00c3\u00b3n Vida Patz\u00c3\u00ban\" width=\"670\" height=\"1024\" \/><p id=\"caption-attachment-21508\" class=\"wp-caption-text\">Life pharmacy &#8211; Asociaci\u00c3\u00b3n Vida Patz\u00c3\u00ban<\/p><\/div>\n<p>In the pharmacy you can find:<\/p>\n<div class=\"su-list\" style=\"margin-left:0px\">\n<ul>\n<li><i class=\"sui sui-star\" style=\"color:#f6cc2f\"><\/i> Analgesics<\/li>\n<li><i class=\"sui sui-star\" style=\"color:#f6cc2f\"><\/i> Influenza<\/li>\n<li><i class=\"sui sui-star\" style=\"color:#f6cc2f\"><\/i> Gastrointestinal<\/li>\n<li><i class=\"sui sui-star\" style=\"color:#f6cc2f\"><\/i> Ophthalmic<\/li>\n<li><i class=\"sui sui-star\" style=\"color:#f6cc2f\"><\/i> Relaxing<\/li>\n<li><i class=\"sui sui-star\" style=\"color:#f6cc2f\"><\/i> Personal hygiene<\/li>\n<li><i class=\"sui sui-star\" style=\"color:#f6cc2f\"><\/i> Antifungal<\/li>\n<li><i class=\"sui sui-star\" style=\"color:#f6cc2f\"><\/i> Hair care<\/li>\n<li><i class=\"sui sui-star\" style=\"color:#f6cc2f\"><\/i> Oral hygiene<\/li>\n<li><i class=\"sui sui-star\" style=\"color:#f6cc2f\"><\/i> Feminine hygiene<\/li>\n<li><i class=\"sui sui-star\" style=\"color:#f6cc2f\"><\/i> Adult diapers<\/li>\n<li><i class=\"sui sui-star\" style=\"color:#f6cc2f\"><\/i> Child Care<\/li>\n<li><i class=\"sui sui-star\" style=\"color:#f6cc2f\"><\/i> Baby care<\/li>\n<li><i class=\"sui sui-star\" style=\"color:#f6cc2f\"><\/i> Children&#8217;s formulas<\/li>\n<li><i class=\"sui sui-star\" style=\"color:#f6cc2f\"><\/i> Sexual health<\/li>\n<li><i class=\"sui sui-star\" style=\"color:#f6cc2f\"><\/i> Dermatology<\/li>\n<li><i class=\"sui sui-star\" style=\"color:#f6cc2f\"><\/i> Vitamins and nutritional<\/li>\n<\/ul>\n<\/div>\n<div class=\"su-box su-box-style-default\" id=\"\" style=\"border-color:#000000;border-radius:3px\"><div class=\"su-box-title\" style=\"background-color:#333333;color:#FFFFFF;border-top-left-radius:1px;border-top-right-radius:1px\">More information<\/div><div class=\"su-box-content su-u-clearfix su-u-trim\" style=\"border-bottom-left-radius:1px;border-bottom-right-radius:1px\">\n<div class=\"su-list\" style=\"margin-left:0px\">\n<ul>\n<li><i class=\"sui sui-star\" style=\"color:#f6cc2f\"><\/i> <strong>Email:<\/strong> informacion.vida@gmail.com<\/li>\n<li><i class=\"sui sui-star\" style=\"color:#f6cc2f\"><\/i> <strong>Phone:<\/strong> (502) 7839-8475<\/li>\n<\/ul>\n<\/div>\n<\/div><\/div>\n","protected":false},"excerpt":{"rendered":"<p>Medical clinic Our objetive: Show the kingdom of God through our services, creating extraordinary things together. John 10.10 Isaiah. 58 Obtained result: Improves the comprehensive quality of clinic services, increasing testimonials for health. Stages of the current process: Warm and fast attention to each patient. Practicing friendly prayer and evangelism Implement electrocardiogram, ultrasound and other&#8230;<\/p>\n","protected":false},"author":1,"featured_media":21512,"parent":0,"menu_order":0,"comment_status":"closed","ping_status":"closed","template":"","meta":{"footnotes":""},"class_list":["post-21577","page","type-page","status-publish","has-post-thumbnail","hentry"],"yoast_head":"<!-- This site is optimized with the Yoast SEO plugin v24.6 - https:\/\/yoast.com\/wordpress\/plugins\/seo\/ -->\r\n<title>Medical, laboratory and pharmacy services - Asociaci\u00f3n Vida Patz\u00fan<\/title>\r\n<meta name=\"description\" content=\"Serving the population of Chimaltenango in health care, we work with honesty, ethics and a high degree of commitment. Enter here.\" \/>\r\n<meta name=\"robots\" content=\"index, follow, max-snippet:-1, max-image-preview:large, max-video-preview:-1\" \/>\r\n<link rel=\"canonical\" href=\"https:\/\/misionintegralvida.org\/en\/services-association-life\/\" \/>\r\n<meta property=\"og:locale\" content=\"en_US\" \/>\r\n<meta property=\"og:type\" content=\"article\" \/>\r\n<meta property=\"og:title\" content=\"Medical, laboratory and pharmacy services - Asociaci\u00f3n Vida Patz\u00fan\" \/>\r\n<meta property=\"og:description\" content=\"Serving the population of Chimaltenango in health care, we work with honesty, ethics and a high degree of commitment. Enter here.\" \/>\r\n<meta property=\"og:url\" content=\"https:\/\/misionintegralvida.org\/en\/services-association-life\/\" \/>\r\n<meta property=\"og:site_name\" content=\"Asociaci\u00f3n Vida Patz\u00fan\" \/>\r\n<meta property=\"article:publisher\" content=\"https:\/\/www.facebook.com\/AsociacionVida0\/\" \/>\r\n<meta property=\"article:modified_time\" content=\"2022-11-18T18:25:24+00:00\" \/>\r\n<meta property=\"og:image\" content=\"https:\/\/misionintegralvida.org\/en\/wp-content\/uploads\/2022\/11\/slider-02-14-11-22.jpg\" \/>\r\n\t<meta property=\"og:image:width\" content=\"1990\" \/>\r\n\t<meta property=\"og:image:height\" content=\"990\" \/>\r\n\t<meta property=\"og:image:type\" content=\"image\/jpeg\" \/>\r\n<meta name=\"twitter:card\" content=\"summary_large_image\" \/>\r\n<meta name=\"twitter:label1\" content=\"Est. reading time\" \/>\n\t<meta name=\"twitter:data1\" content=\"2 minutes\" \/>\r\n<script type=\"application\/ld+json\" class=\"yoast-schema-graph\">{\"@context\":\"https:\/\/schema.org\",\"@graph\":[{\"@type\":\"WebPage\",\"@id\":\"https:\/\/misionintegralvida.org\/en\/services-association-life\/\",\"url\":\"https:\/\/misionintegralvida.org\/en\/services-association-life\/\",\"name\":\"Medical, laboratory and pharmacy services - Asociaci\u00f3n Vida Patz\u00fan\",\"isPartOf\":{\"@id\":\"https:\/\/misionintegralvida.org\/en\/#website\"},\"primaryImageOfPage\":{\"@id\":\"https:\/\/misionintegralvida.org\/en\/services-association-life\/#primaryimage\"},\"image\":{\"@id\":\"https:\/\/misionintegralvida.org\/en\/services-association-life\/#primaryimage\"},\"thumbnailUrl\":\"https:\/\/misionintegralvida.org\/en\/wp-content\/uploads\/2022\/11\/slider-02-14-11-22.jpg\",\"datePublished\":\"2022-11-18T18:13:07+00:00\",\"dateModified\":\"2022-11-18T18:25:24+00:00\",\"description\":\"Serving the population of Chimaltenango in health care, we work with honesty, ethics and a high degree of commitment. Enter here.\",\"breadcrumb\":{\"@id\":\"https:\/\/misionintegralvida.org\/en\/services-association-life\/#breadcrumb\"},\"inLanguage\":\"en-US\",\"potentialAction\":[{\"@type\":\"ReadAction\",\"target\":[\"https:\/\/misionintegralvida.org\/en\/services-association-life\/\"]}]},{\"@type\":\"ImageObject\",\"inLanguage\":\"en-US\",\"@id\":\"https:\/\/misionintegralvida.org\/en\/services-association-life\/#primaryimage\",\"url\":\"https:\/\/misionintegralvida.org\/en\/wp-content\/uploads\/2022\/11\/slider-02-14-11-22.jpg\",\"contentUrl\":\"https:\/\/misionintegralvida.org\/en\/wp-content\/uploads\/2022\/11\/slider-02-14-11-22.jpg\",\"width\":1990,\"height\":990,\"caption\":\"Life Services slider - Asociaci\u00c3\u00b3n Vida\"},{\"@type\":\"BreadcrumbList\",\"@id\":\"https:\/\/misionintegralvida.org\/en\/services-association-life\/#breadcrumb\",\"itemListElement\":[{\"@type\":\"ListItem\",\"position\":1,\"name\":\"Home\",\"item\":\"https:\/\/misionintegralvida.org\/en\/\"},{\"@type\":\"ListItem\",\"position\":2,\"name\":\"Medical, laboratory and pharmacy services\"}]},{\"@type\":\"WebSite\",\"@id\":\"https:\/\/misionintegralvida.org\/en\/#website\",\"url\":\"https:\/\/misionintegralvida.org\/en\/\",\"name\":\"Asociaci\u00f3n Vida Patz\u00fan\",\"description\":\"Creando Soluciones Transformado Vidas en el nombre de Jes\u00fas\",\"potentialAction\":[{\"@type\":\"SearchAction\",\"target\":{\"@type\":\"EntryPoint\",\"urlTemplate\":\"https:\/\/misionintegralvida.org\/en\/?s={search_term_string}\"},\"query-input\":{\"@type\":\"PropertyValueSpecification\",\"valueRequired\":true,\"valueName\":\"search_term_string\"}}],\"inLanguage\":\"en-US\"}]}<\/script>\r\n<!-- \/ Yoast SEO plugin. -->","yoast_head_json":{"title":"Medical, laboratory and pharmacy services - Asociaci\u00f3n Vida Patz\u00fan","description":"Serving the population of Chimaltenango in health care, we work with honesty, ethics and a high degree of commitment. Enter here.","robots":{"index":"index","follow":"follow","max-snippet":"max-snippet:-1","max-image-preview":"max-image-preview:large","max-video-preview":"max-video-preview:-1"},"canonical":"https:\/\/misionintegralvida.org\/en\/services-association-life\/","og_locale":"en_US","og_type":"article","og_title":"Medical, laboratory and pharmacy services - Asociaci\u00f3n Vida Patz\u00fan","og_description":"Serving the population of Chimaltenango in health care, we work with honesty, ethics and a high degree of commitment. Enter here.","og_url":"https:\/\/misionintegralvida.org\/en\/services-association-life\/","og_site_name":"Asociaci\u00f3n Vida Patz\u00fan","article_publisher":"https:\/\/www.facebook.com\/AsociacionVida0\/","article_modified_time":"2022-11-18T18:25:24+00:00","og_image":[{"width":1990,"height":990,"url":"https:\/\/misionintegralvida.org\/en\/wp-content\/uploads\/2022\/11\/slider-02-14-11-22.jpg","type":"image\/jpeg"}],"twitter_card":"summary_large_image","twitter_misc":{"Est. reading time":"2 minutes"},"schema":{"@context":"https:\/\/schema.org","@graph":[{"@type":"WebPage","@id":"https:\/\/misionintegralvida.org\/en\/services-association-life\/","url":"https:\/\/misionintegralvida.org\/en\/services-association-life\/","name":"Medical, laboratory and pharmacy services - Asociaci\u00f3n Vida Patz\u00fan","isPartOf":{"@id":"https:\/\/misionintegralvida.org\/en\/#website"},"primaryImageOfPage":{"@id":"https:\/\/misionintegralvida.org\/en\/services-association-life\/#primaryimage"},"image":{"@id":"https:\/\/misionintegralvida.org\/en\/services-association-life\/#primaryimage"},"thumbnailUrl":"https:\/\/misionintegralvida.org\/en\/wp-content\/uploads\/2022\/11\/slider-02-14-11-22.jpg","datePublished":"2022-11-18T18:13:07+00:00","dateModified":"2022-11-18T18:25:24+00:00","description":"Serving the population of Chimaltenango in health care, we work with honesty, ethics and a high degree of commitment. Enter here.","breadcrumb":{"@id":"https:\/\/misionintegralvida.org\/en\/services-association-life\/#breadcrumb"},"inLanguage":"en-US","potentialAction":[{"@type":"ReadAction","target":["https:\/\/misionintegralvida.org\/en\/services-association-life\/"]}]},{"@type":"ImageObject","inLanguage":"en-US","@id":"https:\/\/misionintegralvida.org\/en\/services-association-life\/#primaryimage","url":"https:\/\/misionintegralvida.org\/en\/wp-content\/uploads\/2022\/11\/slider-02-14-11-22.jpg","contentUrl":"https:\/\/misionintegralvida.org\/en\/wp-content\/uploads\/2022\/11\/slider-02-14-11-22.jpg","width":1990,"height":990,"caption":"Life Services slider - Asociaci\u00c3\u00b3n Vida"},{"@type":"BreadcrumbList","@id":"https:\/\/misionintegralvida.org\/en\/services-association-life\/#breadcrumb","itemListElement":[{"@type":"ListItem","position":1,"name":"Home","item":"https:\/\/misionintegralvida.org\/en\/"},{"@type":"ListItem","position":2,"name":"Medical, laboratory and pharmacy services"}]},{"@type":"WebSite","@id":"https:\/\/misionintegralvida.org\/en\/#website","url":"https:\/\/misionintegralvida.org\/en\/","name":"Asociaci\u00f3n Vida Patz\u00fan","description":"Creando Soluciones Transformado Vidas en el nombre de Jes\u00fas","potentialAction":[{"@type":"SearchAction","target":{"@type":"EntryPoint","urlTemplate":"https:\/\/misionintegralvida.org\/en\/?s={search_term_string}"},"query-input":{"@type":"PropertyValueSpecification","valueRequired":true,"valueName":"search_term_string"}}],"inLanguage":"en-US"}]}},"_links":{"self":[{"href":"https:\/\/misionintegralvida.org\/en\/wp-json\/wp\/v2\/pages\/21577","targetHints":{"allow":["GET"]}}],"collection":[{"href":"https:\/\/misionintegralvida.org\/en\/wp-json\/wp\/v2\/pages"}],"about":[{"href":"https:\/\/misionintegralvida.org\/en\/wp-json\/wp\/v2\/types\/page"}],"author":[{"embeddable":true,"href":"https:\/\/misionintegralvida.org\/en\/wp-json\/wp\/v2\/users\/1"}],"replies":[{"embeddable":true,"href":"https:\/\/misionintegralvida.org\/en\/wp-json\/wp\/v2\/comments?post=21577"}],"version-history":[{"count":4,"href":"https:\/\/misionintegralvida.org\/en\/wp-json\/wp\/v2\/pages\/21577\/revisions"}],"predecessor-version":[{"id":21584,"href":"https:\/\/misionintegralvida.org\/en\/wp-json\/wp\/v2\/pages\/21577\/revisions\/21584"}],"wp:featuredmedia":[{"embeddable":true,"href":"https:\/\/misionintegralvida.org\/en\/wp-json\/wp\/v2\/media\/21512"}],"wp:attachment":[{"href":"https:\/\/misionintegralvida.org\/en\/wp-json\/wp\/v2\/media?parent=21577"}],"curies":[{"name":"wp","href":"https:\/\/api.w.org\/{rel}","templated":true}]}}