{"id":21574,"date":"2022-11-18T12:06:05","date_gmt":"2022-11-18T18:06:05","guid":{"rendered":"https:\/\/misionintegralvida.org\/en\/?page_id=21574"},"modified":"2022-11-18T12:08:23","modified_gmt":"2022-11-18T18:08:23","slug":"citizen-participation-life-association","status":"publish","type":"page","link":"https:\/\/misionintegralvida.org\/en\/citizen-participation-life-association\/","title":{"rendered":"Citizen Participation"},"content":{"rendered":"<p>The Community Development Councils are communities organized within the framework of the Social Development Laws, emanating from the peace agreements, signed in December 1996 in Guatemala.<\/p>\n<p>To constitute a permanent instrument of participation and representation of the <strong>Maya, Xinca, Garifuna peoples and the non-indigenous population,<\/strong>without exclusion or discrimination, within the framework of a functional, effective and participatory democracy in the decision-making processes in the planning and execution of public development policies, to facilitate the process of decentralization in public management at the municipal level,\u00c2\u00a0 departmental and national.<\/p>\n<p>With the purpose of making effective the participation of the communities in decision-making, for a just and equitable social transformation, starting from a baseline at the departmental level, where it is reflected that 82.5% of the <strong>COCODES<\/strong> Development Councils do not know the Social Development Laws that govern them, so they are used and manipulated by the politicians of the day.<\/p>\n<p><img fetchpriority=\"high\" decoding=\"async\" class=\"aligncenter size-large wp-image-21497\" src=\"https:\/\/misionintegralvida.org\/en\/wp-content\/uploads\/2022\/11\/enc-pas-2-14-11-22-1024x670.jpg\" alt=\"Meeting of shepherds\" width=\"1024\" height=\"670\" srcset=\"https:\/\/misionintegralvida.org\/en\/wp-content\/uploads\/2022\/11\/enc-pas-2-14-11-22-1024x670.jpg 1024w, https:\/\/misionintegralvida.org\/en\/wp-content\/uploads\/2022\/11\/enc-pas-2-14-11-22-300x196.jpg 300w, https:\/\/misionintegralvida.org\/en\/wp-content\/uploads\/2022\/11\/enc-pas-2-14-11-22-768x502.jpg 768w, https:\/\/misionintegralvida.org\/en\/wp-content\/uploads\/2022\/11\/enc-pas-2-14-11-22-600x392.jpg 600w, https:\/\/misionintegralvida.org\/en\/wp-content\/uploads\/2022\/11\/enc-pas-2-14-11-22.jpg 1300w\" sizes=\"(max-width: 1024px) 100vw, 1024px\" \/>A process of organization in law is initiated in the municipalities of the department and its empowerment through guidance and advice in the spirit of the laws in question, currently there is intervention in 8 municipalities, through representatives in a Departmental Coordinator of COCODES, which is consolidating its presence and advocacy actions in the Department of Chimaltenango and at the municipal level.<\/p>\n<p>We dream of a prosperous, united and inclusive department, with a new comprehensive vision, acting with fear of God, social justice and in law, through the empowerment of community leadership.<\/p>\n<div class=\"su-row\">\n<div class=\"su-column su-column-size-1-2\"><div class=\"su-column-inner su-u-clearfix su-u-trim\">\n<div class=\"su-button-center\"><a href=\"https:\/\/misionintegralvida.org\/Donation\/Donation.aspx?lang=en\" class=\"su-button su-button-style-default\" style=\"color:#FFFFFF;background-color:#2D89EF;border-color:#246ec0;border-radius:11px\" target=\"_self\"><span style=\"color:#FFFFFF;padding:9px 28px;font-size:21px;line-height:32px;border-color:#6cadf4;border-radius:11px;text-shadow:none\"><i class=\"sui sui-money\" style=\"font-size:21px;color:#FFFFFF\"><\/i> Donate<\/span><\/a><\/div>\n<\/div><\/div>\n<div class=\"su-column su-column-size-1-2\"><div class=\"su-column-inner su-u-clearfix su-u-trim\">\n<div class=\"su-button-center\"><a href=\"https:\/\/misionintegralvida.org\/en\/us-donation\/\" class=\"su-button su-button-style-default\" style=\"color:#FFFFFF;background-color:#2D89EF;border-color:#246ec0;border-radius:11px\" target=\"_self\"><span style=\"color:#FFFFFF;padding:9px 28px;font-size:21px;line-height:32px;border-color:#6cadf4;border-radius:11px;text-shadow:none\"><i class=\"sui sui-money\" style=\"font-size:21px;color:#FFFFFF\"><\/i> US Donation<\/span><\/a><\/div>\n<\/div><\/div>\n<\/div>\n<div class=\"su-box su-box-style-default\" id=\"\" style=\"border-color:#000000;border-radius:3px\"><div class=\"su-box-title\" style=\"background-color:#333333;color:#FFFFFF;border-top-left-radius:1px;border-top-right-radius:1px\">More information<\/div><div class=\"su-box-content su-u-clearfix su-u-trim\" style=\"border-bottom-left-radius:1px;border-bottom-right-radius:1px\">\n<div class=\"su-list\" style=\"margin-left:0px\">\n<ul>\n<li><i class=\"sui sui-star\" style=\"color:#f6cc2f\"><\/i> <strong>Email:<\/strong> informaci\u00c3\u00b3n.vida@gmail.com<\/li>\n<li><i class=\"sui sui-star\" style=\"color:#f6cc2f\"><\/i> <strong>Phone:<\/strong> (502) 78398475<\/li>\n<\/ul>\n<\/div>\n<\/div><\/div>\n","protected":false},"excerpt":{"rendered":"<p>The Community Development Councils are communities organized within the framework of the Social Development Laws, emanating from the peace agreements, signed in December 1996 in Guatemala. To constitute a permanent instrument of participation and representation of the Maya, Xinca, Garifuna peoples and the non-indigenous population,without exclusion or discrimination, within the framework of a functional, effective&#8230;<\/p>\n","protected":false},"author":1,"featured_media":21513,"parent":0,"menu_order":0,"comment_status":"closed","ping_status":"closed","template":"","meta":{"footnotes":""},"class_list":["post-21574","page","type-page","status-publish","has-post-thumbnail","hentry"],"yoast_head":"<!-- This site is optimized with the Yoast SEO plugin v24.6 - https:\/\/yoast.com\/wordpress\/plugins\/seo\/ -->\r\n<title>Citizen Participation - Asociaci\u00f3n Vida Patz\u00fan<\/title>\r\n<meta name=\"description\" content=\"To constitute a permanent instrument of participation and representation of the peoples, without exclusion or discrimination. Enter here.\" \/>\r\n<meta name=\"robots\" content=\"index, follow, max-snippet:-1, max-image-preview:large, max-video-preview:-1\" \/>\r\n<link rel=\"canonical\" href=\"https:\/\/misionintegralvida.org\/en\/citizen-participation-life-association\/\" \/>\r\n<meta property=\"og:locale\" content=\"en_US\" \/>\r\n<meta property=\"og:type\" content=\"article\" \/>\r\n<meta property=\"og:title\" content=\"Citizen Participation - Asociaci\u00f3n Vida Patz\u00fan\" \/>\r\n<meta property=\"og:description\" content=\"To constitute a permanent instrument of participation and representation of the peoples, without exclusion or discrimination. Enter here.\" \/>\r\n<meta property=\"og:url\" content=\"https:\/\/misionintegralvida.org\/en\/citizen-participation-life-association\/\" \/>\r\n<meta property=\"og:site_name\" content=\"Asociaci\u00f3n Vida Patz\u00fan\" \/>\r\n<meta property=\"article:publisher\" content=\"https:\/\/www.facebook.com\/AsociacionVida0\/\" \/>\r\n<meta property=\"article:modified_time\" content=\"2022-11-18T18:08:23+00:00\" \/>\r\n<meta property=\"og:image\" content=\"https:\/\/misionintegralvida.org\/en\/wp-content\/uploads\/2022\/11\/slider-03-14-11-22.jpg\" \/>\r\n\t<meta property=\"og:image:width\" content=\"1990\" \/>\r\n\t<meta property=\"og:image:height\" content=\"990\" \/>\r\n\t<meta property=\"og:image:type\" content=\"image\/jpeg\" \/>\r\n<meta name=\"twitter:card\" content=\"summary_large_image\" \/>\r\n<meta name=\"twitter:label1\" content=\"Est. reading time\" \/>\n\t<meta name=\"twitter:data1\" content=\"2 minutes\" \/>\r\n<script type=\"application\/ld+json\" class=\"yoast-schema-graph\">{\"@context\":\"https:\/\/schema.org\",\"@graph\":[{\"@type\":\"WebPage\",\"@id\":\"https:\/\/misionintegralvida.org\/en\/citizen-participation-life-association\/\",\"url\":\"https:\/\/misionintegralvida.org\/en\/citizen-participation-life-association\/\",\"name\":\"Citizen Participation - Asociaci\u00f3n Vida Patz\u00fan\",\"isPartOf\":{\"@id\":\"https:\/\/misionintegralvida.org\/en\/#website\"},\"primaryImageOfPage\":{\"@id\":\"https:\/\/misionintegralvida.org\/en\/citizen-participation-life-association\/#primaryimage\"},\"image\":{\"@id\":\"https:\/\/misionintegralvida.org\/en\/citizen-participation-life-association\/#primaryimage\"},\"thumbnailUrl\":\"https:\/\/misionintegralvida.org\/en\/wp-content\/uploads\/2022\/11\/slider-03-14-11-22.jpg\",\"datePublished\":\"2022-11-18T18:06:05+00:00\",\"dateModified\":\"2022-11-18T18:08:23+00:00\",\"description\":\"To constitute a permanent instrument of participation and representation of the peoples, without exclusion or discrimination. Enter here.\",\"breadcrumb\":{\"@id\":\"https:\/\/misionintegralvida.org\/en\/citizen-participation-life-association\/#breadcrumb\"},\"inLanguage\":\"en-US\",\"potentialAction\":[{\"@type\":\"ReadAction\",\"target\":[\"https:\/\/misionintegralvida.org\/en\/citizen-participation-life-association\/\"]}]},{\"@type\":\"ImageObject\",\"inLanguage\":\"en-US\",\"@id\":\"https:\/\/misionintegralvida.org\/en\/citizen-participation-life-association\/#primaryimage\",\"url\":\"https:\/\/misionintegralvida.org\/en\/wp-content\/uploads\/2022\/11\/slider-03-14-11-22.jpg\",\"contentUrl\":\"https:\/\/misionintegralvida.org\/en\/wp-content\/uploads\/2022\/11\/slider-03-14-11-22.jpg\",\"width\":1990,\"height\":990,\"caption\":\"Citizen Participation slider - Asociaci\u00c3\u00b3n Vida\"},{\"@type\":\"BreadcrumbList\",\"@id\":\"https:\/\/misionintegralvida.org\/en\/citizen-participation-life-association\/#breadcrumb\",\"itemListElement\":[{\"@type\":\"ListItem\",\"position\":1,\"name\":\"Home\",\"item\":\"https:\/\/misionintegralvida.org\/en\/\"},{\"@type\":\"ListItem\",\"position\":2,\"name\":\"Citizen Participation\"}]},{\"@type\":\"WebSite\",\"@id\":\"https:\/\/misionintegralvida.org\/en\/#website\",\"url\":\"https:\/\/misionintegralvida.org\/en\/\",\"name\":\"Asociaci\u00f3n Vida Patz\u00fan\",\"description\":\"Creando Soluciones Transformado Vidas en el nombre de Jes\u00fas\",\"potentialAction\":[{\"@type\":\"SearchAction\",\"target\":{\"@type\":\"EntryPoint\",\"urlTemplate\":\"https:\/\/misionintegralvida.org\/en\/?s={search_term_string}\"},\"query-input\":{\"@type\":\"PropertyValueSpecification\",\"valueRequired\":true,\"valueName\":\"search_term_string\"}}],\"inLanguage\":\"en-US\"}]}<\/script>\r\n<!-- \/ Yoast SEO plugin. -->","yoast_head_json":{"title":"Citizen Participation - Asociaci\u00f3n Vida Patz\u00fan","description":"To constitute a permanent instrument of participation and representation of the peoples, without exclusion or discrimination. Enter here.","robots":{"index":"index","follow":"follow","max-snippet":"max-snippet:-1","max-image-preview":"max-image-preview:large","max-video-preview":"max-video-preview:-1"},"canonical":"https:\/\/misionintegralvida.org\/en\/citizen-participation-life-association\/","og_locale":"en_US","og_type":"article","og_title":"Citizen Participation - Asociaci\u00f3n Vida Patz\u00fan","og_description":"To constitute a permanent instrument of participation and representation of the peoples, without exclusion or discrimination. Enter here.","og_url":"https:\/\/misionintegralvida.org\/en\/citizen-participation-life-association\/","og_site_name":"Asociaci\u00f3n Vida Patz\u00fan","article_publisher":"https:\/\/www.facebook.com\/AsociacionVida0\/","article_modified_time":"2022-11-18T18:08:23+00:00","og_image":[{"width":1990,"height":990,"url":"https:\/\/misionintegralvida.org\/en\/wp-content\/uploads\/2022\/11\/slider-03-14-11-22.jpg","type":"image\/jpeg"}],"twitter_card":"summary_large_image","twitter_misc":{"Est. reading time":"2 minutes"},"schema":{"@context":"https:\/\/schema.org","@graph":[{"@type":"WebPage","@id":"https:\/\/misionintegralvida.org\/en\/citizen-participation-life-association\/","url":"https:\/\/misionintegralvida.org\/en\/citizen-participation-life-association\/","name":"Citizen Participation - Asociaci\u00f3n Vida Patz\u00fan","isPartOf":{"@id":"https:\/\/misionintegralvida.org\/en\/#website"},"primaryImageOfPage":{"@id":"https:\/\/misionintegralvida.org\/en\/citizen-participation-life-association\/#primaryimage"},"image":{"@id":"https:\/\/misionintegralvida.org\/en\/citizen-participation-life-association\/#primaryimage"},"thumbnailUrl":"https:\/\/misionintegralvida.org\/en\/wp-content\/uploads\/2022\/11\/slider-03-14-11-22.jpg","datePublished":"2022-11-18T18:06:05+00:00","dateModified":"2022-11-18T18:08:23+00:00","description":"To constitute a permanent instrument of participation and representation of the peoples, without exclusion or discrimination. Enter here.","breadcrumb":{"@id":"https:\/\/misionintegralvida.org\/en\/citizen-participation-life-association\/#breadcrumb"},"inLanguage":"en-US","potentialAction":[{"@type":"ReadAction","target":["https:\/\/misionintegralvida.org\/en\/citizen-participation-life-association\/"]}]},{"@type":"ImageObject","inLanguage":"en-US","@id":"https:\/\/misionintegralvida.org\/en\/citizen-participation-life-association\/#primaryimage","url":"https:\/\/misionintegralvida.org\/en\/wp-content\/uploads\/2022\/11\/slider-03-14-11-22.jpg","contentUrl":"https:\/\/misionintegralvida.org\/en\/wp-content\/uploads\/2022\/11\/slider-03-14-11-22.jpg","width":1990,"height":990,"caption":"Citizen Participation slider - Asociaci\u00c3\u00b3n Vida"},{"@type":"BreadcrumbList","@id":"https:\/\/misionintegralvida.org\/en\/citizen-participation-life-association\/#breadcrumb","itemListElement":[{"@type":"ListItem","position":1,"name":"Home","item":"https:\/\/misionintegralvida.org\/en\/"},{"@type":"ListItem","position":2,"name":"Citizen Participation"}]},{"@type":"WebSite","@id":"https:\/\/misionintegralvida.org\/en\/#website","url":"https:\/\/misionintegralvida.org\/en\/","name":"Asociaci\u00f3n Vida Patz\u00fan","description":"Creando Soluciones Transformado Vidas en el nombre de Jes\u00fas","potentialAction":[{"@type":"SearchAction","target":{"@type":"EntryPoint","urlTemplate":"https:\/\/misionintegralvida.org\/en\/?s={search_term_string}"},"query-input":{"@type":"PropertyValueSpecification","valueRequired":true,"valueName":"search_term_string"}}],"inLanguage":"en-US"}]}},"_links":{"self":[{"href":"https:\/\/misionintegralvida.org\/en\/wp-json\/wp\/v2\/pages\/21574","targetHints":{"allow":["GET"]}}],"collection":[{"href":"https:\/\/misionintegralvida.org\/en\/wp-json\/wp\/v2\/pages"}],"about":[{"href":"https:\/\/misionintegralvida.org\/en\/wp-json\/wp\/v2\/types\/page"}],"author":[{"embeddable":true,"href":"https:\/\/misionintegralvida.org\/en\/wp-json\/wp\/v2\/users\/1"}],"replies":[{"embeddable":true,"href":"https:\/\/misionintegralvida.org\/en\/wp-json\/wp\/v2\/comments?post=21574"}],"version-history":[{"count":2,"href":"https:\/\/misionintegralvida.org\/en\/wp-json\/wp\/v2\/pages\/21574\/revisions"}],"predecessor-version":[{"id":21576,"href":"https:\/\/misionintegralvida.org\/en\/wp-json\/wp\/v2\/pages\/21574\/revisions\/21576"}],"wp:featuredmedia":[{"embeddable":true,"href":"https:\/\/misionintegralvida.org\/en\/wp-json\/wp\/v2\/media\/21513"}],"wp:attachment":[{"href":"https:\/\/misionintegralvida.org\/en\/wp-json\/wp\/v2\/media?parent=21574"}],"curies":[{"name":"wp","href":"https:\/\/api.w.org\/{rel}","templated":true}]}}