{"id":21562,"date":"2022-11-18T11:37:03","date_gmt":"2022-11-18T17:37:03","guid":{"rendered":"https:\/\/misionintegralvida.org\/en\/?page_id=21562"},"modified":"2022-11-18T11:41:00","modified_gmt":"2022-11-18T17:41:00","slug":"church-and-community","status":"publish","type":"page","link":"https:\/\/misionintegralvida.org\/en\/church-and-community\/","title":{"rendered":"Church and community mobilization"},"content":{"rendered":"<h2>Introduction<\/h2>\n<p><strong>1 Corinthians 12:27<\/strong> New Living Translation: All of you together are Christ\u00e2\u0080\u0099s body, and each of you is a part of it.<\/p>\n<p>However, the church is very fragmented, there are many churches, but scattered, each one seeks to do the work of God only in its denomination, even with good intentions, the church still does not transcend as it should, the country is in crisis because the church has not raised its prophetic voice and cannot because it lacks unity, we were called by God to collaborate in this task of making the prayer of our Lord Jesus come true, according to the gospel of John chapter 17, he asked the Father that we be and act like one.<\/p>\n<p>While we serve by uniting the churches, we dream of transcending with development projects inspired by the Spirit of God, who is manifested in our unity, and guides us to all obedience to Christ, we know that it is a difficult and uphill process, we will have to overcome many barriers together, but in the power of God&#8217;s grace in Christ, we know that we are more than conquerors, to him be the glory forever.<\/p>\n<div class=\"su-quote su-quote-style-default su-quote-has-cite\"><div class=\"su-quote-inner su-u-clearfix su-u-trim\">\u00e2\u0080\u009cIntegral mission is done when people are given a vision they are passionate about and a &#8220;lever&#8221; is used to help them move forward and have meaningful input into their own community.\u00e2\u0080\u009d<span class=\"su-quote-cite\">Rene Padilla<\/span><\/div><\/div>\n<div class=\"su-quote su-quote-style-default su-quote-has-cite\"><div class=\"su-quote-inner su-u-clearfix su-u-trim\">\u00e2\u0080\u009cIntegral mission: it is the mission oriented to the satisfaction of the basic needs of the human being, including his need for God, but also his need for love, food, shelter, shelter, physical and mental health, and sense of human dignity\u00c2\u00bb\u00e2\u0080\u009d<span class=\"su-quote-cite\">Daniel J. King<\/span><\/div><\/div>\n<div id=\"attachment_21479\" style=\"width: 1034px\" class=\"wp-caption aligncenter\"><img fetchpriority=\"high\" decoding=\"async\" aria-describedby=\"caption-attachment-21479\" class=\"wp-image-21479 size-large\" src=\"https:\/\/misionintegralvida.org\/en\/wp-content\/uploads\/2022\/11\/enc-pas-2-14-11-22-1024x670.jpg\" alt=\"Asociaci\u00c3\u00b3n Vida Patz\u00c3\u00ban - Church and community\" width=\"1024\" height=\"670\" \/><p id=\"caption-attachment-21479\" class=\"wp-caption-text\">Asociaci\u00c3\u00b3n Vida Patz\u00c3\u00ban &#8211; Church and community<\/p><\/div>\n<h2>Our objetive:<\/h2>\n<ul>\n<li>Show the kingdom of God through our services, creating extraordinary things together. John 10.10 Isaiah. 58<\/li>\n<\/ul>\n<h2>Results obtained:<\/h2>\n<ul>\n<li>More unity among leaders, with a vision of the future, they connect their lives and processes with the power of the integral gospel. Isaiah 58.<\/li>\n<\/ul>\n<h2>Stages of the current process:<\/h2>\n<ul>\n<li>Consolidate the vision and mission of the leaders of the church and Asociaci\u00c3\u00b3n Vida.<\/li>\n<li>Networking the church and community for justice, from the framework of the law and the Kingdom of God.<\/li>\n<li>Influencing and impacting communities by attending to basic needs<\/li>\n<li>Use of mass media and social networks<\/li>\n<\/ul>\n<p>&nbsp;<\/p>\n<div id=\"attachment_21483\" style=\"width: 680px\" class=\"wp-caption aligncenter\"><img decoding=\"async\" aria-describedby=\"caption-attachment-21483\" class=\"wp-image-21483 size-large\" src=\"https:\/\/misionintegralvida.org\/en\/wp-content\/uploads\/2022\/11\/participacion-ciudadana-3-14-11-22-670x1024.jpg\" alt=\"participaci\u00c3\u00b3n ciudadana 3\" width=\"670\" height=\"1024\" \/><p id=\"caption-attachment-21483\" class=\"wp-caption-text\">Church and community &#8211; Asociaci\u00c3\u00b3n Vida<\/p><\/div>\n<h2>Join us<\/h2>\n<p>We promote leadership in Christ, for the fulfillment of the integral mission based on the development of strategic networks, we learn from the word of God and the laws that govern our country, exercising our dual citizenship, so that the world believes in God and seeks to honor Him.<\/p>\n<p>In this process and in a natural way different levels of leadership have emerged where reflection and action are built to be relevant in practical actions of compassion and justice. More and more pastors join the network of 200 churches in the department of Chimaltenango where we have learned that mission in the manner of Jesus begins with our lives and with our resources where we have reached families serving them in housing constructions, improved stoves, rehabilitation in natural disasters, agriculture, family farms, cash transfers in times of Covid-19.<\/p>\n<p>The protagonist has always been the church as God&#8217;s project for humanity, join the cause by creating solutions transforming lives in the name of Jesus.<\/p>\n<div class=\"su-row\">\n<div class=\"su-column su-column-size-1-2\"><div class=\"su-column-inner su-u-clearfix su-u-trim\">\n<div class=\"su-button-center\"><a href=\"https:\/\/misionintegralvida.org\/Donation\/Donation.aspx?lang=en\" class=\"su-button su-button-style-default\" style=\"color:#FFFFFF;background-color:#2D89EF;border-color:#246ec0;border-radius:11px\" target=\"_self\"><span style=\"color:#FFFFFF;padding:9px 28px;font-size:21px;line-height:32px;border-color:#6cadf4;border-radius:11px;text-shadow:none\"><i class=\"sui sui-money\" style=\"font-size:21px;color:#FFFFFF\"><\/i> Donate<\/span><\/a><\/div>\n<\/div><\/div>\n<div class=\"su-column su-column-size-1-2\"><div class=\"su-column-inner su-u-clearfix su-u-trim\">\n<div class=\"su-button-center\"><a href=\"https:\/\/misionintegralvida.org\/en\/us-donation\/\" class=\"su-button su-button-style-default\" style=\"color:#FFFFFF;background-color:#2D89EF;border-color:#246ec0;border-radius:11px\" target=\"_self\"><span style=\"color:#FFFFFF;padding:9px 28px;font-size:21px;line-height:32px;border-color:#6cadf4;border-radius:11px;text-shadow:none\"><i class=\"sui sui-money\" style=\"font-size:21px;color:#FFFFFF\"><\/i> US Donation<\/span><\/a><\/div>\n<\/div><\/div>\n<\/div>\n<div class=\"su-box su-box-style-default\" id=\"\" style=\"border-color:#000000;border-radius:3px\"><div class=\"su-box-title\" style=\"background-color:#333333;color:#FFFFFF;border-top-left-radius:1px;border-top-right-radius:1px\">More information<\/div><div class=\"su-box-content su-u-clearfix su-u-trim\" style=\"border-bottom-left-radius:1px;border-bottom-right-radius:1px\">\n<div class=\"su-list\" style=\"margin-left:0px\">\n<ul>\n<li><i class=\"sui sui-star\" style=\"color:#f6cc2f\"><\/i> <strong>Email:<\/strong> informaci\u00c3\u00b3n.vida@gmail.com<\/li>\n<li><i class=\"sui sui-star\" style=\"color:#f6cc2f\"><\/i> <strong>Phone:<\/strong> (502) 78398475<\/li>\n<\/ul>\n<\/div>\n<\/div><\/div>\n","protected":false},"excerpt":{"rendered":"<p>Introduction 1 Corinthians 12:27 New Living Translation: All of you together are Christ\u00e2\u0080\u0099s body, and each of you is a part of it. However, the church is very fragmented, there are many churches, but scattered, each one seeks to do the work of God only in its denomination, even with good intentions, the church still&#8230;<\/p>\n","protected":false},"author":1,"featured_media":21511,"parent":0,"menu_order":0,"comment_status":"closed","ping_status":"closed","template":"","meta":{"footnotes":""},"class_list":["post-21562","page","type-page","status-publish","has-post-thumbnail","hentry"],"yoast_head":"<!-- This site is optimized with the Yoast SEO plugin v24.6 - https:\/\/yoast.com\/wordpress\/plugins\/seo\/ -->\r\n<title>Church and community mobilization - Asociaci\u00f3n Vida Patz\u00fan<\/title>\r\n<meta name=\"description\" content=\"We promote leadership for the fulfillment of the integral mission, we learn from the word of God and the laws that govern our country. Enter here.\" \/>\r\n<meta name=\"robots\" content=\"index, follow, max-snippet:-1, max-image-preview:large, max-video-preview:-1\" \/>\r\n<link rel=\"canonical\" href=\"https:\/\/misionintegralvida.org\/en\/church-and-community\/\" \/>\r\n<meta property=\"og:locale\" content=\"en_US\" \/>\r\n<meta property=\"og:type\" content=\"article\" \/>\r\n<meta property=\"og:title\" content=\"Church and community mobilization - Asociaci\u00f3n Vida Patz\u00fan\" \/>\r\n<meta property=\"og:description\" content=\"We promote leadership for the fulfillment of the integral mission, we learn from the word of God and the laws that govern our country. Enter here.\" \/>\r\n<meta property=\"og:url\" content=\"https:\/\/misionintegralvida.org\/en\/church-and-community\/\" \/>\r\n<meta property=\"og:site_name\" content=\"Asociaci\u00f3n Vida Patz\u00fan\" \/>\r\n<meta property=\"article:publisher\" content=\"https:\/\/www.facebook.com\/AsociacionVida0\/\" \/>\r\n<meta property=\"article:modified_time\" content=\"2022-11-18T17:41:00+00:00\" \/>\r\n<meta property=\"og:image\" content=\"https:\/\/misionintegralvida.org\/en\/wp-content\/uploads\/2022\/11\/slider-01-14-11-22.jpg\" \/>\r\n\t<meta property=\"og:image:width\" content=\"1990\" \/>\r\n\t<meta property=\"og:image:height\" content=\"990\" \/>\r\n\t<meta property=\"og:image:type\" content=\"image\/jpeg\" \/>\r\n<meta name=\"twitter:card\" content=\"summary_large_image\" \/>\r\n<meta name=\"twitter:label1\" content=\"Est. reading time\" \/>\n\t<meta name=\"twitter:data1\" content=\"4 minutes\" \/>\r\n<script type=\"application\/ld+json\" class=\"yoast-schema-graph\">{\"@context\":\"https:\/\/schema.org\",\"@graph\":[{\"@type\":\"WebPage\",\"@id\":\"https:\/\/misionintegralvida.org\/en\/church-and-community\/\",\"url\":\"https:\/\/misionintegralvida.org\/en\/church-and-community\/\",\"name\":\"Church and community mobilization - Asociaci\u00f3n Vida Patz\u00fan\",\"isPartOf\":{\"@id\":\"https:\/\/misionintegralvida.org\/en\/#website\"},\"primaryImageOfPage\":{\"@id\":\"https:\/\/misionintegralvida.org\/en\/church-and-community\/#primaryimage\"},\"image\":{\"@id\":\"https:\/\/misionintegralvida.org\/en\/church-and-community\/#primaryimage\"},\"thumbnailUrl\":\"https:\/\/misionintegralvida.org\/en\/wp-content\/uploads\/2022\/11\/slider-01-14-11-22.jpg\",\"datePublished\":\"2022-11-18T17:37:03+00:00\",\"dateModified\":\"2022-11-18T17:41:00+00:00\",\"description\":\"We promote leadership for the fulfillment of the integral mission, we learn from the word of God and the laws that govern our country. Enter here.\",\"breadcrumb\":{\"@id\":\"https:\/\/misionintegralvida.org\/en\/church-and-community\/#breadcrumb\"},\"inLanguage\":\"en-US\",\"potentialAction\":[{\"@type\":\"ReadAction\",\"target\":[\"https:\/\/misionintegralvida.org\/en\/church-and-community\/\"]}]},{\"@type\":\"ImageObject\",\"inLanguage\":\"en-US\",\"@id\":\"https:\/\/misionintegralvida.org\/en\/church-and-community\/#primaryimage\",\"url\":\"https:\/\/misionintegralvida.org\/en\/wp-content\/uploads\/2022\/11\/slider-01-14-11-22.jpg\",\"contentUrl\":\"https:\/\/misionintegralvida.org\/en\/wp-content\/uploads\/2022\/11\/slider-01-14-11-22.jpg\",\"width\":1990,\"height\":990,\"caption\":\"Church and community slider - Asociaci\u00c3\u00b3n Vida\"},{\"@type\":\"BreadcrumbList\",\"@id\":\"https:\/\/misionintegralvida.org\/en\/church-and-community\/#breadcrumb\",\"itemListElement\":[{\"@type\":\"ListItem\",\"position\":1,\"name\":\"Home\",\"item\":\"https:\/\/misionintegralvida.org\/en\/\"},{\"@type\":\"ListItem\",\"position\":2,\"name\":\"Church and community mobilization\"}]},{\"@type\":\"WebSite\",\"@id\":\"https:\/\/misionintegralvida.org\/en\/#website\",\"url\":\"https:\/\/misionintegralvida.org\/en\/\",\"name\":\"Asociaci\u00f3n Vida Patz\u00fan\",\"description\":\"Creando Soluciones Transformado Vidas en el nombre de Jes\u00fas\",\"potentialAction\":[{\"@type\":\"SearchAction\",\"target\":{\"@type\":\"EntryPoint\",\"urlTemplate\":\"https:\/\/misionintegralvida.org\/en\/?s={search_term_string}\"},\"query-input\":{\"@type\":\"PropertyValueSpecification\",\"valueRequired\":true,\"valueName\":\"search_term_string\"}}],\"inLanguage\":\"en-US\"}]}<\/script>\r\n<!-- \/ Yoast SEO plugin. -->","yoast_head_json":{"title":"Church and community mobilization - Asociaci\u00f3n Vida Patz\u00fan","description":"We promote leadership for the fulfillment of the integral mission, we learn from the word of God and the laws that govern our country. Enter here.","robots":{"index":"index","follow":"follow","max-snippet":"max-snippet:-1","max-image-preview":"max-image-preview:large","max-video-preview":"max-video-preview:-1"},"canonical":"https:\/\/misionintegralvida.org\/en\/church-and-community\/","og_locale":"en_US","og_type":"article","og_title":"Church and community mobilization - Asociaci\u00f3n Vida Patz\u00fan","og_description":"We promote leadership for the fulfillment of the integral mission, we learn from the word of God and the laws that govern our country. Enter here.","og_url":"https:\/\/misionintegralvida.org\/en\/church-and-community\/","og_site_name":"Asociaci\u00f3n Vida Patz\u00fan","article_publisher":"https:\/\/www.facebook.com\/AsociacionVida0\/","article_modified_time":"2022-11-18T17:41:00+00:00","og_image":[{"width":1990,"height":990,"url":"https:\/\/misionintegralvida.org\/en\/wp-content\/uploads\/2022\/11\/slider-01-14-11-22.jpg","type":"image\/jpeg"}],"twitter_card":"summary_large_image","twitter_misc":{"Est. reading time":"4 minutes"},"schema":{"@context":"https:\/\/schema.org","@graph":[{"@type":"WebPage","@id":"https:\/\/misionintegralvida.org\/en\/church-and-community\/","url":"https:\/\/misionintegralvida.org\/en\/church-and-community\/","name":"Church and community mobilization - Asociaci\u00f3n Vida Patz\u00fan","isPartOf":{"@id":"https:\/\/misionintegralvida.org\/en\/#website"},"primaryImageOfPage":{"@id":"https:\/\/misionintegralvida.org\/en\/church-and-community\/#primaryimage"},"image":{"@id":"https:\/\/misionintegralvida.org\/en\/church-and-community\/#primaryimage"},"thumbnailUrl":"https:\/\/misionintegralvida.org\/en\/wp-content\/uploads\/2022\/11\/slider-01-14-11-22.jpg","datePublished":"2022-11-18T17:37:03+00:00","dateModified":"2022-11-18T17:41:00+00:00","description":"We promote leadership for the fulfillment of the integral mission, we learn from the word of God and the laws that govern our country. Enter here.","breadcrumb":{"@id":"https:\/\/misionintegralvida.org\/en\/church-and-community\/#breadcrumb"},"inLanguage":"en-US","potentialAction":[{"@type":"ReadAction","target":["https:\/\/misionintegralvida.org\/en\/church-and-community\/"]}]},{"@type":"ImageObject","inLanguage":"en-US","@id":"https:\/\/misionintegralvida.org\/en\/church-and-community\/#primaryimage","url":"https:\/\/misionintegralvida.org\/en\/wp-content\/uploads\/2022\/11\/slider-01-14-11-22.jpg","contentUrl":"https:\/\/misionintegralvida.org\/en\/wp-content\/uploads\/2022\/11\/slider-01-14-11-22.jpg","width":1990,"height":990,"caption":"Church and community slider - Asociaci\u00c3\u00b3n Vida"},{"@type":"BreadcrumbList","@id":"https:\/\/misionintegralvida.org\/en\/church-and-community\/#breadcrumb","itemListElement":[{"@type":"ListItem","position":1,"name":"Home","item":"https:\/\/misionintegralvida.org\/en\/"},{"@type":"ListItem","position":2,"name":"Church and community mobilization"}]},{"@type":"WebSite","@id":"https:\/\/misionintegralvida.org\/en\/#website","url":"https:\/\/misionintegralvida.org\/en\/","name":"Asociaci\u00f3n Vida Patz\u00fan","description":"Creando Soluciones Transformado Vidas en el nombre de Jes\u00fas","potentialAction":[{"@type":"SearchAction","target":{"@type":"EntryPoint","urlTemplate":"https:\/\/misionintegralvida.org\/en\/?s={search_term_string}"},"query-input":{"@type":"PropertyValueSpecification","valueRequired":true,"valueName":"search_term_string"}}],"inLanguage":"en-US"}]}},"_links":{"self":[{"href":"https:\/\/misionintegralvida.org\/en\/wp-json\/wp\/v2\/pages\/21562","targetHints":{"allow":["GET"]}}],"collection":[{"href":"https:\/\/misionintegralvida.org\/en\/wp-json\/wp\/v2\/pages"}],"about":[{"href":"https:\/\/misionintegralvida.org\/en\/wp-json\/wp\/v2\/types\/page"}],"author":[{"embeddable":true,"href":"https:\/\/misionintegralvida.org\/en\/wp-json\/wp\/v2\/users\/1"}],"replies":[{"embeddable":true,"href":"https:\/\/misionintegralvida.org\/en\/wp-json\/wp\/v2\/comments?post=21562"}],"version-history":[{"count":2,"href":"https:\/\/misionintegralvida.org\/en\/wp-json\/wp\/v2\/pages\/21562\/revisions"}],"predecessor-version":[{"id":21564,"href":"https:\/\/misionintegralvida.org\/en\/wp-json\/wp\/v2\/pages\/21562\/revisions\/21564"}],"wp:featuredmedia":[{"embeddable":true,"href":"https:\/\/misionintegralvida.org\/en\/wp-json\/wp\/v2\/media\/21511"}],"wp:attachment":[{"href":"https:\/\/misionintegralvida.org\/en\/wp-json\/wp\/v2\/media?parent=21562"}],"curies":[{"name":"wp","href":"https:\/\/api.w.org\/{rel}","templated":true}]}}