{"id":21476,"date":"2022-08-24T13:24:19","date_gmt":"2022-08-24T19:24:19","guid":{"rendered":"https:\/\/misionintegralvida.org\/en\/?page_id=21476"},"modified":"2022-08-31T15:17:50","modified_gmt":"2022-08-31T21:17:50","slug":"us-donation","status":"publish","type":"page","link":"https:\/\/misionintegralvida.org\/en\/us-donation\/","title":{"rendered":"US Donation"},"content":{"rendered":"<p><strong>Now we have a new donation service, if you are within the United States you can make your donations using the Faith &amp; Learning International (FLI) service, which is found below. Remember that all your donations made on this page are 100% tax deductible<\/strong><\/p>\r\n<p>&nbsp;<\/p>\r\n\r\n<p><iframe style=\"width: 100%; height: 1550px;\" src=\"https:\/\/misionintegralvida.org\/USDonation.html\"><\/iframe><\/p>\r\n","protected":false},"excerpt":{"rendered":"<p>Now we have a new donation service, if you are within the United States you can make your donations using the Faith &amp; Learning International (FLI) service, which is found below. Remember that all your donations made on this page are 100% tax deductible &nbsp;<\/p>\n","protected":false},"author":1,"featured_media":0,"parent":0,"menu_order":0,"comment_status":"closed","ping_status":"closed","template":"","meta":{"footnotes":""},"class_list":["post-21476","page","type-page","status-publish","hentry"],"yoast_head":"<!-- This site is optimized with the Yoast SEO plugin v24.6 - https:\/\/yoast.com\/wordpress\/plugins\/seo\/ -->\r\n<title>US Donation - Asociaci\u00f3n Vida Patz\u00fan<\/title>\r\n<meta name=\"description\" content=\"Special space to make a donation from the United States\" \/>\r\n<meta name=\"robots\" content=\"index, follow, max-snippet:-1, max-image-preview:large, max-video-preview:-1\" \/>\r\n<link rel=\"canonical\" href=\"https:\/\/misionintegralvida.org\/en\/us-donation\/\" \/>\r\n<meta property=\"og:locale\" content=\"en_US\" \/>\r\n<meta property=\"og:type\" content=\"article\" \/>\r\n<meta property=\"og:title\" content=\"US Donation - Asociaci\u00f3n Vida Patz\u00fan\" \/>\r\n<meta property=\"og:description\" content=\"Special space to make a donation from the United States\" \/>\r\n<meta property=\"og:url\" content=\"https:\/\/misionintegralvida.org\/en\/us-donation\/\" \/>\r\n<meta property=\"og:site_name\" content=\"Asociaci\u00f3n Vida Patz\u00fan\" \/>\r\n<meta property=\"article:publisher\" content=\"https:\/\/www.facebook.com\/AsociacionVida0\/\" \/>\r\n<meta property=\"article:modified_time\" content=\"2022-08-31T21:17:50+00:00\" \/>\r\n<meta name=\"twitter:card\" content=\"summary_large_image\" \/>\r\n<meta name=\"twitter:label1\" content=\"Est. reading time\" \/>\n\t<meta name=\"twitter:data1\" content=\"1 minute\" \/>\r\n<script type=\"application\/ld+json\" class=\"yoast-schema-graph\">{\"@context\":\"https:\/\/schema.org\",\"@graph\":[{\"@type\":\"WebPage\",\"@id\":\"https:\/\/misionintegralvida.org\/en\/us-donation\/\",\"url\":\"https:\/\/misionintegralvida.org\/en\/us-donation\/\",\"name\":\"US Donation - Asociaci\u00f3n Vida Patz\u00fan\",\"isPartOf\":{\"@id\":\"https:\/\/misionintegralvida.org\/en\/#website\"},\"datePublished\":\"2022-08-24T19:24:19+00:00\",\"dateModified\":\"2022-08-31T21:17:50+00:00\",\"description\":\"Special space to make a donation from the United States\",\"breadcrumb\":{\"@id\":\"https:\/\/misionintegralvida.org\/en\/us-donation\/#breadcrumb\"},\"inLanguage\":\"en-US\",\"potentialAction\":[{\"@type\":\"ReadAction\",\"target\":[\"https:\/\/misionintegralvida.org\/en\/us-donation\/\"]}]},{\"@type\":\"BreadcrumbList\",\"@id\":\"https:\/\/misionintegralvida.org\/en\/us-donation\/#breadcrumb\",\"itemListElement\":[{\"@type\":\"ListItem\",\"position\":1,\"name\":\"Home\",\"item\":\"https:\/\/misionintegralvida.org\/en\/\"},{\"@type\":\"ListItem\",\"position\":2,\"name\":\"US Donation\"}]},{\"@type\":\"WebSite\",\"@id\":\"https:\/\/misionintegralvida.org\/en\/#website\",\"url\":\"https:\/\/misionintegralvida.org\/en\/\",\"name\":\"Asociaci\u00f3n Vida Patz\u00fan\",\"description\":\"Creando Soluciones Transformado Vidas en el nombre de Jes\u00fas\",\"potentialAction\":[{\"@type\":\"SearchAction\",\"target\":{\"@type\":\"EntryPoint\",\"urlTemplate\":\"https:\/\/misionintegralvida.org\/en\/?s={search_term_string}\"},\"query-input\":{\"@type\":\"PropertyValueSpecification\",\"valueRequired\":true,\"valueName\":\"search_term_string\"}}],\"inLanguage\":\"en-US\"}]}<\/script>\r\n<!-- \/ Yoast SEO plugin. -->","yoast_head_json":{"title":"US Donation - Asociaci\u00f3n Vida Patz\u00fan","description":"Special space to make a donation from the United States","robots":{"index":"index","follow":"follow","max-snippet":"max-snippet:-1","max-image-preview":"max-image-preview:large","max-video-preview":"max-video-preview:-1"},"canonical":"https:\/\/misionintegralvida.org\/en\/us-donation\/","og_locale":"en_US","og_type":"article","og_title":"US Donation - Asociaci\u00f3n Vida Patz\u00fan","og_description":"Special space to make a donation from the United States","og_url":"https:\/\/misionintegralvida.org\/en\/us-donation\/","og_site_name":"Asociaci\u00f3n Vida Patz\u00fan","article_publisher":"https:\/\/www.facebook.com\/AsociacionVida0\/","article_modified_time":"2022-08-31T21:17:50+00:00","twitter_card":"summary_large_image","twitter_misc":{"Est. reading time":"1 minute"},"schema":{"@context":"https:\/\/schema.org","@graph":[{"@type":"WebPage","@id":"https:\/\/misionintegralvida.org\/en\/us-donation\/","url":"https:\/\/misionintegralvida.org\/en\/us-donation\/","name":"US Donation - Asociaci\u00f3n Vida Patz\u00fan","isPartOf":{"@id":"https:\/\/misionintegralvida.org\/en\/#website"},"datePublished":"2022-08-24T19:24:19+00:00","dateModified":"2022-08-31T21:17:50+00:00","description":"Special space to make a donation from the United States","breadcrumb":{"@id":"https:\/\/misionintegralvida.org\/en\/us-donation\/#breadcrumb"},"inLanguage":"en-US","potentialAction":[{"@type":"ReadAction","target":["https:\/\/misionintegralvida.org\/en\/us-donation\/"]}]},{"@type":"BreadcrumbList","@id":"https:\/\/misionintegralvida.org\/en\/us-donation\/#breadcrumb","itemListElement":[{"@type":"ListItem","position":1,"name":"Home","item":"https:\/\/misionintegralvida.org\/en\/"},{"@type":"ListItem","position":2,"name":"US Donation"}]},{"@type":"WebSite","@id":"https:\/\/misionintegralvida.org\/en\/#website","url":"https:\/\/misionintegralvida.org\/en\/","name":"Asociaci\u00f3n Vida Patz\u00fan","description":"Creando Soluciones Transformado Vidas en el nombre de Jes\u00fas","potentialAction":[{"@type":"SearchAction","target":{"@type":"EntryPoint","urlTemplate":"https:\/\/misionintegralvida.org\/en\/?s={search_term_string}"},"query-input":{"@type":"PropertyValueSpecification","valueRequired":true,"valueName":"search_term_string"}}],"inLanguage":"en-US"}]}},"_links":{"self":[{"href":"https:\/\/misionintegralvida.org\/en\/wp-json\/wp\/v2\/pages\/21476","targetHints":{"allow":["GET"]}}],"collection":[{"href":"https:\/\/misionintegralvida.org\/en\/wp-json\/wp\/v2\/pages"}],"about":[{"href":"https:\/\/misionintegralvida.org\/en\/wp-json\/wp\/v2\/types\/page"}],"author":[{"embeddable":true,"href":"https:\/\/misionintegralvida.org\/en\/wp-json\/wp\/v2\/users\/1"}],"replies":[{"embeddable":true,"href":"https:\/\/misionintegralvida.org\/en\/wp-json\/wp\/v2\/comments?post=21476"}],"version-history":[{"count":3,"href":"https:\/\/misionintegralvida.org\/en\/wp-json\/wp\/v2\/pages\/21476\/revisions"}],"predecessor-version":[{"id":21482,"href":"https:\/\/misionintegralvida.org\/en\/wp-json\/wp\/v2\/pages\/21476\/revisions\/21482"}],"wp:attachment":[{"href":"https:\/\/misionintegralvida.org\/en\/wp-json\/wp\/v2\/media?parent=21476"}],"curies":[{"name":"wp","href":"https:\/\/api.w.org\/{rel}","templated":true}]}}